{"id":22034,"date":"2024-11-18T12:45:10","date_gmt":"2024-11-18T12:45:10","guid":{"rendered":"https:\/\/flaxmanlaw.wpenginepowered.com\/north-miami-beach-drogas-peligrosas-abogados-de-responsabilidad-por-productos-defectuosos-del-condado-de-miami-dade\/"},"modified":"2024-11-18T12:45:10","modified_gmt":"2024-11-18T12:45:10","slug":"north-miami-beach-drogas-peligrosas-abogados-de-responsabilidad-por-productos-defectuosos-del-condado-de-miami-dade","status":"publish","type":"page","link":"https:\/\/flaxmanlaw.com\/es\/north-miami-beach-drogas-peligrosas-abogados-de-responsabilidad-por-productos-defectuosos-del-condado-de-miami-dade\/","title":{"rendered":"North Miami Beach Drogas Peligrosas | Abogados de Responsabilidad por Productos Defectuosos del Condado de Miami-Dade"},"content":{"rendered":"<div class=\"bodytext\">\n<h2>Drogas peligrosas en North Miami Beach<\/h1><\/h2>\n<div class=\"description\">\n<p>Los investigadores siempre est\u00e1n trabajando y cada a\u00f1o los fabricantes de f\u00e1rmacos introducen en el mercado nuevos dispositivos farmac\u00e9uticos y medicamentos. Se supone que estos dispositivos son lo \u00faltimo en tecnolog\u00eda para proporcionar a los clientes una mejor calidad de vida y los f\u00e1rmacos est\u00e1n destinados a curar enfermedades o a tratar s\u00edntomas. Muchos pacientes gastan considerables cantidades de dinero en estos art\u00edculos y en seguros m\u00e9dicos para asegurarse de que tienen la mejor y m\u00e1s reciente atenci\u00f3n m\u00e9dica de calidad. Pero, \u00bfqu\u00e9 ocurre cuando esos medicamentos y dispositivos m\u00e9dicos resultan ser peligrosos y causan lesiones o muertes en lugar de mejorar la salud? En estos casos, es importante hacer preguntas. Puedes descubrir que el fabricante del medicamento o la farmacia fueron negligentes al informarte de los posibles efectos secundarios o fueron negligentes al realizar las tareas necesarias para demostrar que un medicamento es seguro.     <\/p>\n<p>Si usted ha resultado lesionado por medicamentos peligrosos en North Miami Beach o en cualquier parte de Florida, contacte al Grupo Legal Flaxman para recibir una evaluaci\u00f3n de su caso gratuita y sin compromiso. Los abogados del Grupo Legal Flaxman han manejado miles de casos de negligencia m\u00e9dica y lesiones personales y cuentan con extensos recursos que pueden ser puestos a trabajar en su caso. <\/p>\n<p><strong class=\"heading4\">\u00bfQu\u00e9 medidas se espera razonablemente que tomen los fabricantes de medicamentos para evitar las interacciones farmacol\u00f3gicas y los medicamentos peligrosos?<\/strong><\/p>\n<p>La salida al mercado de un medicamento peligroso suele ser evitable. Hay muchas medidas que los fabricantes de medicamentos y las empresas farmac\u00e9uticas pueden tomar para garantizar que sus productos sean seguros: <\/p>\n<ul>\n<li>Pueden probar los f\u00e1rmacos o medicamentos en animales<\/li>\n<li>Pueden realizar estudios doble ciego y de control en humanos<\/li>\n<li>Pueden realizar ensayos en humanos durante un largo periodo de tiempo y hacer un seguimiento preciso de cualquier efecto secundario o interacci\u00f3n peligrosa.<\/li>\n<li>Pueden comprobar si el f\u00e1rmaco tiene interacciones con otros medicamentos<\/li>\n<li>Pueden ejercer un control minucioso del proceso de fabricaci\u00f3n para garantizar que los medicamentos no se vean afectados por una fabricaci\u00f3n ineficaz<\/li>\n<li>Pueden comprobar que los m\u00e9dicos y farmac\u00e9uticos disponen de la informaci\u00f3n necesaria para prescribir el medicamento correctamente.<\/li>\n<li>Pueden garantizar que la informaci\u00f3n incluida con el medicamento tanto a m\u00e9dicos como a pacientes es exacta y fiable<\/li>\n<\/ul>\n<p>Cuando las empresas de medicamentos y las compa\u00f1\u00edas farmac\u00e9uticas no toman estas medidas, las personas pueden resultar gravemente lesionadas. En estos casos, los pacientes pueden tener una reclamaci\u00f3n legal contra los fabricantes de medicamentos y contra otros que puedan ser responsables. <\/p>\n<p><strong class=\"heading4\">\u00bfBuscas un Abogado de Lesiones Personales en North Miami Beach o en el Sur de Florida?<\/strong><\/p>\n<p>Los abogados del Grupo Legal Flaxman cuentan con m\u00e1s de 60 a\u00f1os de experiencia combinada en leyes y seguros. Nuestros abogados han ayudado a miles de demandantes por lesiones personales y han asegurado m\u00e1s de $100 millones de d\u00f3lares a favor de personas lesionadas en todo Florida del Sur. Nuestros abogados tambi\u00e9n han reunido a un equipo de asistentes jur\u00eddicos, peritos m\u00e9dicos, testigos expertos, investigadores, ingenieros y otros profesionales para construir casos s\u00f3lidos en nombre de los clientes. Si usted desea saber m\u00e1s sobre nuestra firma de servicios integrales y nuestros servicios, o desea una evaluaci\u00f3n personalizada y gratuita de su situaci\u00f3n legal despu\u00e9s de una lesi\u00f3n, <a href=\"contacta con nosotros.html\">contacte hoy mismo al Grupo Legal Flaxman<\/a> para su cita inicial gratuita.   <\/p>\n<\/p><\/div>\n<\/p><\/div>\n","protected":false},"excerpt":{"rendered":"<p>Sin honorarios a menos que ganemos. Llama al 866-352-9626 para una &#8230; <\/p>\n","protected":false},"author":3,"featured_media":0,"parent":0,"menu_order":0,"comment_status":"closed","ping_status":"closed","template":"template-practice-areas.php","meta":{"footnotes":""},"class_list":["post-22034","page","type-page","status-publish","hentry"],"featured_image_src":null,"featured_image_src_square":null,"_links":{"self":[{"href":"https:\/\/flaxmanlaw.com\/es\/wp-json\/wp\/v2\/pages\/22034","targetHints":{"allow":["GET"]}}],"collection":[{"href":"https:\/\/flaxmanlaw.com\/es\/wp-json\/wp\/v2\/pages"}],"about":[{"href":"https:\/\/flaxmanlaw.com\/es\/wp-json\/wp\/v2\/types\/page"}],"author":[{"embeddable":true,"href":"https:\/\/flaxmanlaw.com\/es\/wp-json\/wp\/v2\/users\/3"}],"replies":[{"embeddable":true,"href":"https:\/\/flaxmanlaw.com\/es\/wp-json\/wp\/v2\/comments?post=22034"}],"version-history":[{"count":0,"href":"https:\/\/flaxmanlaw.com\/es\/wp-json\/wp\/v2\/pages\/22034\/revisions"}],"wp:attachment":[{"href":"https:\/\/flaxmanlaw.com\/es\/wp-json\/wp\/v2\/media?parent=22034"}],"curies":[{"name":"wp","href":"https:\/\/api.w.org\/{rel}","templated":true}]}}