{"id":22035,"date":"2024-11-18T12:45:10","date_gmt":"2024-11-18T12:45:10","guid":{"rendered":"https:\/\/flaxmanlaw.wpenginepowered.com\/fallo-de-frenado-en-north-miami-beach-abogados-de-accidentes-de-camion-en-el-condado-de-miami-dade\/"},"modified":"2024-11-18T12:45:10","modified_gmt":"2024-11-18T12:45:10","slug":"fallo-de-frenado-en-north-miami-beach-abogados-de-accidentes-de-camion-en-el-condado-de-miami-dade","status":"publish","type":"page","link":"https:\/\/flaxmanlaw.com\/es\/fallo-de-frenado-en-north-miami-beach-abogados-de-accidentes-de-camion-en-el-condado-de-miami-dade\/","title":{"rendered":"Fallo de frenado en North Miami Beach | Abogados de accidentes de cami\u00f3n en el condado de Miami-Dade"},"content":{"rendered":"<div class=\"bodytext\">\n<h2>Fallo de frenado en North Miami Beach<\/h1><\/h2>\n<div class=\"description\">\n<p>Aunque los frenos pueden fallar en cualquier veh\u00edculo, los grandes camiones comerciales tienen m\u00e1s problemas asociados a los frenos que la mayor\u00eda de los dem\u00e1s veh\u00edculos. En parte, esto se debe a que los grandes camiones y las cabezas tractoras ejercen m\u00e1s presi\u00f3n sobre los frenos debido a su gran tama\u00f1o y a la carga pesada. En parte, se debe a que los camiones comerciales utilizan frenos de aire en lugar de los tipos de frenos que utilizan los veh\u00edculos de pasajeros. En cualquier caso, cuando se producen fallos de frenado en North Miami Beach o cuando los conductores de camiones utilizan t\u00e9cnicas de frenado incorrectas, el resultado habitual es la tragedia y la devastaci\u00f3n.   <\/p>\n<p>Si usted ha perdido a un ser querido o ha resultado gravemente lesionado debido a un accidente de cami\u00f3n u otro accidente de tr\u00e1fico causado por una falla en los frenos u otras formas de negligencia, contacte al Grupo Legal Flaxman a trav\u00e9s de nuestro sitio web o llamando al 866-352-9626 para programar una revisi\u00f3n gratuita de su caso. Si tus lesiones no fueron causadas por tu culpa y fueron provocadas por imprudencia o negligencia, puedes tener una demanda legal que te permita buscar una compensaci\u00f3n por tus facturas m\u00e9dicas, salarios perdidos, da\u00f1os a la propiedad y m\u00e1s. Nuestro bufete de abogados de servicio completo puede darte asesoramiento jur\u00eddico gratuito en tu consulta inicial y ayudarte a comprender todas tus opciones para que puedas tomar una decisi\u00f3n informada sobre la mejor forma de salvaguardar tu futuro.  <\/p>\n<p><strong class=\"heading4\">\u00bfPor qu\u00e9 se producen accidentes de cami\u00f3n por fallo de frenado en North Miami Beach y Florida?<\/strong><\/p>\n<p>Los fallos de frenado son relativamente infrecuentes en veh\u00edculos de pasajeros y motocicletas, pero por desgracia son demasiado frecuentes en cabezas tractoras, camiones de gran tonelaje y grandes camiones comerciales. Hay varias razones por las que se producen fallos de frenado en los grandes camiones: <\/p>\n<ul>\n<li>Los camiones con sobrepeso no pueden frenar a tiempo<\/li>\n<li>Defectos del fabricante<\/li>\n<li>Mantenimiento incorrecto de los frenos<\/li>\n<li>T\u00e9cnica de frenado incorrecta<\/li>\n<li>Conducci\u00f3n distra\u00edda<\/li>\n<li>Conducci\u00f3n fatigada<\/li>\n<li>Conducci\u00f3n bajo los efectos del alcohol<\/li>\n<li>Selecci\u00f3n o formaci\u00f3n inadecuadas de los conductores de camiones<\/li>\n<\/ul>\n<p><strong class=\"heading4\">Consulta a un abogado de lesiones personales tras tu colisi\u00f3n de tr\u00e1fico<\/strong><\/p>\n<p>En la mayor\u00eda de los casos, las malas t\u00e9cnicas de frenado y los frenos defectuosos se consideran un comportamiento negligente o imprudente, y es posible que los demandantes obtengan una indemnizaci\u00f3n por sus lesiones. Independientemente de lo que haya causado un fallo de frenado y un accidente de cami\u00f3n, debes buscar ayuda legal y asesoramiento jur\u00eddico sobre tu situaci\u00f3n. Seg\u00fan la legislaci\u00f3n de Florida, puedes tener derecho a una indemnizaci\u00f3n que os ayude a ti y a tu familia a hacer frente a los gastos catastr\u00f3ficos que suelen producirse tras una lesi\u00f3n grave e inesperada.  <\/p>\n<p>Si usted ha sufrido lesiones catastr\u00f3ficas, como par\u00e1lisis, lesiones cerebrales, lesiones en la espina dorsal, fracturas, traumatismo craneoencef\u00e1lico, u otras lesiones, <a href=\"contacta con nosotros.html\">contacte<\/a> al Grupo Legal Flaxman para revisar todas las v\u00edas de recuperaci\u00f3n para una compensaci\u00f3n justa. T\u00fa y tu familia merec\u00e9is el dinero que os permita la ley de Florida, pero desafortunadamente en muchos casos no conseguir\u00e9is este tipo de ayuda financiera a menos que trabaj\u00e9is con un abogado de lesiones personales. Un abogado con experiencia puede ayudarle a encontrar recursos y puede ayudarle a buscar una compensaci\u00f3n. En <a href=\"index.html\">el Grupo Legal Flaxman<\/a>, nuestros abogados cuentan con m\u00e1s de 60 a\u00f1os de experiencia combinada y estar\u00edan encantados de reunirse con usted para una evaluaci\u00f3n de su caso sin costo y sin compromiso.   <\/p>\n<\/p><\/div>\n<\/p><\/div>\n","protected":false},"excerpt":{"rendered":"<p>Sin honorarios a menos que ganemos. Llama al 866-352-9626 para una &#8230; <\/p>\n","protected":false},"author":3,"featured_media":0,"parent":0,"menu_order":0,"comment_status":"closed","ping_status":"closed","template":"template-practice-areas.php","meta":{"footnotes":""},"class_list":["post-22035","page","type-page","status-publish","hentry"],"featured_image_src":null,"featured_image_src_square":null,"_links":{"self":[{"href":"https:\/\/flaxmanlaw.com\/es\/wp-json\/wp\/v2\/pages\/22035","targetHints":{"allow":["GET"]}}],"collection":[{"href":"https:\/\/flaxmanlaw.com\/es\/wp-json\/wp\/v2\/pages"}],"about":[{"href":"https:\/\/flaxmanlaw.com\/es\/wp-json\/wp\/v2\/types\/page"}],"author":[{"embeddable":true,"href":"https:\/\/flaxmanlaw.com\/es\/wp-json\/wp\/v2\/users\/3"}],"replies":[{"embeddable":true,"href":"https:\/\/flaxmanlaw.com\/es\/wp-json\/wp\/v2\/comments?post=22035"}],"version-history":[{"count":0,"href":"https:\/\/flaxmanlaw.com\/es\/wp-json\/wp\/v2\/pages\/22035\/revisions"}],"wp:attachment":[{"href":"https:\/\/flaxmanlaw.com\/es\/wp-json\/wp\/v2\/media?parent=22035"}],"curies":[{"name":"wp","href":"https:\/\/api.w.org\/{rel}","templated":true}]}}