{"id":22040,"date":"2024-11-18T12:45:10","date_gmt":"2024-11-18T12:45:10","guid":{"rendered":"https:\/\/flaxmanlaw.wpenginepowered.com\/lesiones-de-nacimiento-en-north-miami-beach-abogados-de-negligencia-medica-en-el-condado-de-miami-dade\/"},"modified":"2024-11-18T12:45:10","modified_gmt":"2024-11-18T12:45:10","slug":"lesiones-de-nacimiento-en-north-miami-beach-abogados-de-negligencia-medica-en-el-condado-de-miami-dade","status":"publish","type":"page","link":"https:\/\/flaxmanlaw.com\/es\/lesiones-de-nacimiento-en-north-miami-beach-abogados-de-negligencia-medica-en-el-condado-de-miami-dade\/","title":{"rendered":"Lesiones de Nacimiento en North Miami Beach | Abogados de Negligencia M\u00e9dica en el Condado de Miami-Dade"},"content":{"rendered":"<div class=\"bodytext\">\n<h2>Lesiones de parto en North Miami Beach<\/h1><\/h2>\n<div class=\"description\">\n<p>En muchos casos, es dif\u00edcil decir qu\u00e9 ha causado una lesi\u00f3n en el parto. El personal m\u00e9dico puede no admitir que una lesi\u00f3n era evitable o que influy\u00f3 la negligencia o imprudencia. Sin embargo, es importante obtener respuestas sobre lo que ocurri\u00f3 exactamente, porque t\u00fa y tu familia pod\u00e9is tener derecho a una indemnizaci\u00f3n si la imprudencia o la negligencia influyeron en las lesiones de tu hijo.  <\/p>\n<p>Es importante hablar con un abogado de lesiones personales en North Miami Beach o en tu comunidad si tu hijo ha sufrido una lesi\u00f3n. En muchos casos, los abogados expertos en lesiones personales pueden revisar los detalles de tu caso y pueden informarte de c\u00f3mo se producen determinados tipos de lesiones. Los abogados de lesiones personales tambi\u00e9n pueden revisar todos los historiales m\u00e9dicos para determinar si hubo negligencia. Un abogado de lesiones personales tambi\u00e9n puede ayudarte a comprender el coste total de las lesiones de tu hijo y puede ayudarte a revisar tus opciones legales para que puedas tomar medidas para proteger el futuro de tu hijo. Si deseas hablar con un abogado sobre tu situaci\u00f3n, siempre puedes contactar al Grupo Legal Flaxman para programar una consulta gratuita sobre accidentes.    <\/p>\n<p><strong class=\"heading4\">Recuperaci\u00f3n tras una lesi\u00f3n de parto en North Miami Beach o en tu comunidad<\/strong><\/p>\n<p>Por supuesto, todo padre quiere lo mejor para su hijo. Por desgracia, debido a las negligencias m\u00e9dicas en North Miami Beach y Florida, a veces se producen lesiones en el parto que afectan a la calidad de vida de un ni\u00f1o durante a\u00f1os o incluso toda la vida. Si esto le ocurre a tu familia, es importante tomar medidas para proteger el futuro de tu hijo. Una forma de hacerlo es solicitar una indemnizaci\u00f3n, si tienes derecho a ella, para asegurarte de que tu hijo disponga de los recursos econ\u00f3micos necesarios para pagar los cuidados a domicilio, la atenci\u00f3n m\u00e9dica y todo lo que necesite para llevar una vida lo m\u00e1s plena posible.   <\/p>\n<p><strong class=\"heading4\">C\u00f3mo puede ayudar a tu familia un abogado de lesiones personales<\/strong><\/p>\n<p>Buscar una indemnizaci\u00f3n en el momento del nacimiento es importante para proteger el futuro de un ni\u00f1o lesionado. En los casos en que las lesiones son graves o permanentes, especialmente, y pueden afectar a los futuros ingresos o a la futura calidad de vida del ni\u00f1o, es importante, al menos, protegerlo econ\u00f3micamente buscando la mejor indemnizaci\u00f3n posible para que el ni\u00f1o tenga dinero suficiente para disfrutar de la vida al m\u00e1ximo mientras recibe la atenci\u00f3n m\u00e9dica de calidad que se merece. <\/p>\n<p>El equipo jur\u00eddico del Grupo Legal Flaxman tiene un historial de representar exitosamente a clientes cuyos hijos han resultado lesionados. El equipo jur\u00eddico del Grupo Legal Flaxman comprende c\u00f3mo este tipo de lesiones pueden impactar la calidad de vida de su hijo, sus perspectivas laborales futuras, y su vida cotidiana. Nuestro compasivo equipo har\u00e1 todo lo posible para buscar justicia y una compensaci\u00f3n justa a favor de tu familia. Incluso si no est\u00e1s seguro de lo que vas a hacer a continuaci\u00f3n, ponte en contacto con <a href=\"contacta con nosotros.html\">el Grupo Legal Flaxman<\/a> para concertar una consulta gratuita y sin compromiso a fin de revisar los detalles de tu caso diurno y obtener una opini\u00f3n legal honesta sobre tu situaci\u00f3n.   <\/p>\n<\/p><\/div>\n<\/p><\/div>\n","protected":false},"excerpt":{"rendered":"<p>Sin honorarios a menos que ganemos. Llama al 866-352-9626 para una &#8230; <\/p>\n","protected":false},"author":3,"featured_media":0,"parent":0,"menu_order":0,"comment_status":"closed","ping_status":"closed","template":"template-practice-areas.php","meta":{"footnotes":""},"class_list":["post-22040","page","type-page","status-publish","hentry"],"featured_image_src":null,"featured_image_src_square":null,"_links":{"self":[{"href":"https:\/\/flaxmanlaw.com\/es\/wp-json\/wp\/v2\/pages\/22040","targetHints":{"allow":["GET"]}}],"collection":[{"href":"https:\/\/flaxmanlaw.com\/es\/wp-json\/wp\/v2\/pages"}],"about":[{"href":"https:\/\/flaxmanlaw.com\/es\/wp-json\/wp\/v2\/types\/page"}],"author":[{"embeddable":true,"href":"https:\/\/flaxmanlaw.com\/es\/wp-json\/wp\/v2\/users\/3"}],"replies":[{"embeddable":true,"href":"https:\/\/flaxmanlaw.com\/es\/wp-json\/wp\/v2\/comments?post=22040"}],"version-history":[{"count":0,"href":"https:\/\/flaxmanlaw.com\/es\/wp-json\/wp\/v2\/pages\/22040\/revisions"}],"wp:attachment":[{"href":"https:\/\/flaxmanlaw.com\/es\/wp-json\/wp\/v2\/media?parent=22040"}],"curies":[{"name":"wp","href":"https:\/\/api.w.org\/{rel}","templated":true}]}}