{"id":22042,"date":"2024-11-18T12:45:10","date_gmt":"2024-11-18T12:45:10","guid":{"rendered":"https:\/\/flaxmanlaw.wpenginepowered.com\/accidente-de-bicicleta-en-north-miami-beach-abogados-de-accidentes-de-bicicleta-en-el-condado-de-miami-dade\/"},"modified":"2024-11-18T12:45:10","modified_gmt":"2024-11-18T12:45:10","slug":"accidente-de-bicicleta-en-north-miami-beach-abogados-de-accidentes-de-bicicleta-en-el-condado-de-miami-dade","status":"publish","type":"page","link":"https:\/\/flaxmanlaw.com\/es\/accidente-de-bicicleta-en-north-miami-beach-abogados-de-accidentes-de-bicicleta-en-el-condado-de-miami-dade\/","title":{"rendered":"Accidente de Bicicleta en North Miami Beach | Abogados de Accidentes de Bicicleta en el Condado de Miami-Dade"},"content":{"rendered":"<div class=\"bodytext\">\n<h2>Accidente de bicicleta en North Miami Beach<\/h1><\/h2>\n<div class=\"description\">\n<p>North Miami Beach, Florida, est\u00e1 situada en el centro del sur de Florida, en el condado de Miami-Dade. Tambi\u00e9n es una ciudad con una poblaci\u00f3n muy diversa \u00e9tnicamente, que incluye una importante comunidad jud\u00eda y la Yeshiva Toras Chaim\/ Toras Emes Academy Miami. NMB, como tambi\u00e9n se conoce a veces a la ciudad, tiene tambi\u00e9n muchas atracciones tur\u00edsticas, como parques impresionantes, RIB Adventures, Greynolds Park y un aut\u00e9ntico monasterio espa\u00f1ol del siglo<sup>XII <\/sup>.  <\/p>\n<p>Montar en bicicleta es un pasatiempo popular en North Miami Beach y en todo el sur de Florida, pero por desgracia muchas personas mueren o resultan gravemente heridas en <a href=\"accidentes-de-bicicleta.html\">accidentes de bicicleta<\/a> en North Miami Beach cada a\u00f1o. Si has perdido a un ser querido en un accidente de bicicleta o has resultado gravemente herido en este tipo de <a href=\"accidentes-coche.html\">accidente de tr\u00e1fico<\/a> en North Miami Beach, es importante que consultes inmediatamente a un abogado de lesiones personales de North Miami Beach. En muchos casos, la \u00fanica forma de hacer justicia es mediante una reclamaci\u00f3n legal. Estudios publicados recientemente en la ciudad de Nueva York demuestran que los automovilistas imprudentes que causan accidentes de bicicleta rara vez son llevados ante la justicia y, en muchos casos, se culpa injustamente a los ciclistas de accidentes causados por la imprudencia y negligencia de los automovilistas. A menudo es necesario interponer una demanda judicial para obtener respuestas sobre la verdadera causa de un accidente, y para exigir responsabilidades a los culpables.    <\/p>\n<p>Hay muchos tipos de reclamaciones que puedes presentar en un <a href=\"accidentes-de-bicicleta.html\">accidente de bicicleta<\/a> en North Miami Beach. Por ejemplo, en muchos casos puedes presentar una demanda por da\u00f1os personales contra el motorista que ha causado el accidente. Si el conductor conduc\u00eda ebrio, distra\u00eddo o no respetaba las leyes de tr\u00e1fico, puede ser considerado responsable del accidente. En algunos casos, un accidente de bicicleta puede dar lugar a un caso de responsabilidad por productos defectuosos en North Miami Beach si el fabricante de la bicicleta no cre\u00f3 un producto seguro que respondiera adecuadamente para evitar un accidente. En algunos casos, tambi\u00e9n puede considerarse responsable a un fabricante de autom\u00f3viles si los dispositivos de seguridad de un coche no funcionan correctamente para evitar un accidente de bicicleta. En algunos casos, entre las partes responsables puede figurar la ciudad o regi\u00f3n donde tuvo lugar el accidente, si una se\u00f1alizaci\u00f3n incorrecta o unas malas condiciones de la carretera contribuyeron al accidente. Si el accidente de bicicleta fue mortal, los familiares supervivientes de la v\u00edctima pueden interponer tambi\u00e9n una demanda por homicidio culposo en North Miami Beach para recuperar los gastos m\u00e9dicos finales y otros gastos relacionados con el accidente.      <\/p>\n<p>Si usted est\u00e1 buscando un abogado calificado en accidentes de bicicleta en North Miami Beach, contacte hoy mismo <a href=\"index.html\">al Grupo Legal Flaxman<\/a> para programar una consulta inicial gratuita. Charles Flaxman, del Grupo Legal Flaxman, trabaj\u00f3 en la industria de los seguros durante diez a\u00f1os y comprende la industria de los seguros desde ambos lados de la corte. Despu\u00e9s de graduarse entre los primeros de su clase de derecho, Charles Flaxman ha trabajado incansablemente como defensor de las v\u00edctimas de lesiones personales en Florida del Sur durante las \u00faltimas d\u00e9cadas. \u00c9l y su equipo legal han ayudado a miles de v\u00edctimas de lesiones personales en Florida del Sur a iniciar el camino hacia la recuperaci\u00f3n. <a href=\"contacta con nosotros.html\">Contacte hoy mismo al Grupo Legal Flaxman<\/a> para programar una consulta inicial gratuita y hablar sobre su caso y su futuro.   <\/p>\n<\/p><\/div>\n<\/p><\/div>\n","protected":false},"excerpt":{"rendered":"<p>Sin honorarios a menos que ganemos. Llama al 866-352-9626 para una &#8230; <\/p>\n","protected":false},"author":3,"featured_media":0,"parent":0,"menu_order":0,"comment_status":"closed","ping_status":"closed","template":"template-practice-areas.php","meta":{"footnotes":""},"class_list":["post-22042","page","type-page","status-publish","hentry"],"featured_image_src":null,"featured_image_src_square":null,"_links":{"self":[{"href":"https:\/\/flaxmanlaw.com\/es\/wp-json\/wp\/v2\/pages\/22042","targetHints":{"allow":["GET"]}}],"collection":[{"href":"https:\/\/flaxmanlaw.com\/es\/wp-json\/wp\/v2\/pages"}],"about":[{"href":"https:\/\/flaxmanlaw.com\/es\/wp-json\/wp\/v2\/types\/page"}],"author":[{"embeddable":true,"href":"https:\/\/flaxmanlaw.com\/es\/wp-json\/wp\/v2\/users\/3"}],"replies":[{"embeddable":true,"href":"https:\/\/flaxmanlaw.com\/es\/wp-json\/wp\/v2\/comments?post=22042"}],"version-history":[{"count":0,"href":"https:\/\/flaxmanlaw.com\/es\/wp-json\/wp\/v2\/pages\/22042\/revisions"}],"wp:attachment":[{"href":"https:\/\/flaxmanlaw.com\/es\/wp-json\/wp\/v2\/media?parent=22042"}],"curies":[{"name":"wp","href":"https:\/\/api.w.org\/{rel}","templated":true}]}}