{"id":22043,"date":"2024-11-18T12:45:11","date_gmt":"2024-11-18T12:45:11","guid":{"rendered":"https:\/\/flaxmanlaw.wpenginepowered.com\/negligencia-farmaceutica-en-north-miami-beach-abogados-de-lesiones-personales-en-el-condado-de-miami-dade\/"},"modified":"2024-11-18T12:45:11","modified_gmt":"2024-11-18T12:45:11","slug":"negligencia-farmaceutica-en-north-miami-beach-abogados-de-lesiones-personales-en-el-condado-de-miami-dade","status":"publish","type":"page","link":"https:\/\/flaxmanlaw.com\/es\/negligencia-farmaceutica-en-north-miami-beach-abogados-de-lesiones-personales-en-el-condado-de-miami-dade\/","title":{"rendered":"Negligencia farmac\u00e9utica en North Miami Beach | Abogados de lesiones personales en el condado de Miami-Dade"},"content":{"rendered":"<div class=\"bodytext\">\n<h2>Negligencia farmac\u00e9utica en North Miami Beach<\/h1><\/h2>\n<div class=\"description\">\n<p>North Miami Beach, en el condado de Miami-Dade de Florida, tiene muchos lugares de inter\u00e9s. Entre ellas est\u00e1n el monasterio de San Bernardo de Claraval, el anfiteatro Senador Gwen Margolis, el Teatro Littman de Artes Esc\u00e9nicas y el Monumento a Fulford. North Miami Beach tiene tambi\u00e9n una rica historia. La zona fue colonizada originalmente por agricultores a finales del siglo XIX y principios del XX, cuando el gobierno de Estados Unidos ofrec\u00eda tierras gratuitas a los colonos y el Ferrocarril de la Costa Este de Florida permit\u00eda a los colonos viajar a la regi\u00f3n. La comunidad era conocida como Filford By-The-Sea, pero fue devastada por un hurac\u00e1n en 1926. No fue hasta despu\u00e9s de la II Guerra Mundial cuando otro boom de tierras permiti\u00f3 que la comunidad volviera a expandirse r\u00e1pidamente.     <\/p>\n<p>Como cualquier ciudad, North Miami Beach tiene muchas farmacias y aunque la mayor\u00eda de las farmacias y doctores proporcionan el tratamiento correcto al paciente correcto, los errores farmac\u00e9uticos y la negligencia farmac\u00e9utica son una grave preocupaci\u00f3n para los residentes y visitantes de North Miami Beach. Si usted ha resultado lesionado y cree que puede tener un caso de error farmac\u00e9utico o de negligencia m\u00e9dica en North Miami Beach o en cualquier comunidad de Florida del Sur, contacte al <a href=\"sobre nosotros.html\">Grupo Legal Flaxman<\/a> para recibir una consulta gratuita sobre accidentes. <\/p>\n<p>Por qu\u00e9 se producen errores de farmacia y negligencias farmac\u00e9uticas en North Miami Beach y otras comunidades Seg\u00fan un estudio realizado en 2008 por la Oficina de Salud y Servicios Humanos de Massachusetts, las causas m\u00e1s comunes de errores de farmacia fueron:<\/p>\n<ul>\n<li>Numerosas llamadas telef\u00f3nicas 62<\/li>\n<li>D\u00edas ajetreados o demasiada carga de trabajo 59%<\/li>\n<li>Demasiado n\u00famero de clientes 53<\/li>\n<li>Mala concentraci\u00f3n 41<\/li>\n<li>No hay sistema de doble comprobaci\u00f3n de los medicamentos o no hay nadie presente para comprobar las recetas 41%<\/li>\n<li>Falta de personal 32<\/li>\n<li>Similitud de los nombres de los medicamentos 29<\/li>\n<li>Falta de tiempo para hablar o aconsejar al paciente 29%<\/li>\n<li>Informaci\u00f3n sobre recetas dif\u00edcil de leer 26<\/li>\n<\/ul>\n<p>Seg\u00fan los expertos en seguridad, muchas de las mismas razones pueden dar lugar a errores farmac\u00e9uticos en North Miami Beach y otras comunidades de Florida.<\/p>\n<p><strong class=\"heading4\">\u00bfQu\u00e9 son los errores farmac\u00e9uticos?<\/strong><\/p>\n<p>Los errores farmac\u00e9uticos pueden implicar:<\/p>\n<ul>\n<li>no rellenar la receta real del m\u00e9dico<\/li>\n<li>rellenar incorrectamente una receta, ya sea proporcionando la receta equivocada al paciente equivocado o proporcionando el medicamento equivocado o la dosis equivocada<\/li>\n<li>no asesorar al paciente<\/li>\n<\/ul>\n<p>Un error frecuente en farmacia es no aconsejar al paciente. Seg\u00fan el art\u00edculo 64B16-27.820 del C\u00f3digo Administrativo de Florida, los farmac\u00e9uticos deben asegurarse de que los pacientes est\u00e1n plenamente informados sobre la medicaci\u00f3n que se les administra. Esto significa que los farmac\u00e9uticos deben asegurarse de que los pacientes conocen los posibles riesgos, las posibles reacciones al\u00e9rgicas y los efectos secundarios de la medicaci\u00f3n. El asesoramiento a los pacientes tambi\u00e9n significa que hay que informarles sobre la dosis correcta y la forma correcta de tomar un medicamento.   <\/p>\n<p>\u00bfCrees que has sufrido una lesi\u00f3n debido a un error farmac\u00e9utico evitable? Obtenga los hechos sobre sus derechos contactando al <a href=\"index.html\">Grupo Legal Flaxman<\/a> para una consulta gratuita sobre accidentes para revisar su caso. Dependiendo de tu situaci\u00f3n, podr\u00edas levantar una demanda por negligencia farmac\u00e9utica o por lesiones personales en North Miami Beach para buscar una compensaci\u00f3n por tus lesiones. Para conocer los detalles, <a href=\"contacta con nosotros.html\">contacte<\/a> al Grupo Legal Flaxman para una revisi\u00f3n gratuita de su caso.   <\/p>\n<\/p><\/div>\n<\/p><\/div>\n","protected":false},"excerpt":{"rendered":"<p>Sin honorarios a menos que ganemos. Llama al 866-352-9626 para una &#8230; <\/p>\n","protected":false},"author":3,"featured_media":0,"parent":0,"menu_order":0,"comment_status":"closed","ping_status":"closed","template":"template-practice-areas.php","meta":{"footnotes":""},"class_list":["post-22043","page","type-page","status-publish","hentry"],"featured_image_src":null,"featured_image_src_square":null,"_links":{"self":[{"href":"https:\/\/flaxmanlaw.com\/es\/wp-json\/wp\/v2\/pages\/22043","targetHints":{"allow":["GET"]}}],"collection":[{"href":"https:\/\/flaxmanlaw.com\/es\/wp-json\/wp\/v2\/pages"}],"about":[{"href":"https:\/\/flaxmanlaw.com\/es\/wp-json\/wp\/v2\/types\/page"}],"author":[{"embeddable":true,"href":"https:\/\/flaxmanlaw.com\/es\/wp-json\/wp\/v2\/users\/3"}],"replies":[{"embeddable":true,"href":"https:\/\/flaxmanlaw.com\/es\/wp-json\/wp\/v2\/comments?post=22043"}],"version-history":[{"count":0,"href":"https:\/\/flaxmanlaw.com\/es\/wp-json\/wp\/v2\/pages\/22043\/revisions"}],"wp:attachment":[{"href":"https:\/\/flaxmanlaw.com\/es\/wp-json\/wp\/v2\/media?parent=22043"}],"curies":[{"name":"wp","href":"https:\/\/api.w.org\/{rel}","templated":true}]}}