{"id":22044,"date":"2024-11-18T12:45:10","date_gmt":"2024-11-18T12:45:10","guid":{"rendered":"https:\/\/flaxmanlaw.wpenginepowered.com\/north-miami-beach-neumaticos-calzados-reventon-de-neumatico-abogados-de-accidentes-de-camion-del-condado-de-miami-dade\/"},"modified":"2024-11-18T12:45:10","modified_gmt":"2024-11-18T12:45:10","slug":"north-miami-beach-neumaticos-calzados-reventon-de-neumatico-abogados-de-accidentes-de-camion-del-condado-de-miami-dade","status":"publish","type":"page","link":"https:\/\/flaxmanlaw.com\/es\/north-miami-beach-neumaticos-calzados-reventon-de-neumatico-abogados-de-accidentes-de-camion-del-condado-de-miami-dade\/","title":{"rendered":"North Miami Beach Neum\u00e1ticos Calzados \/ Revent\u00f3n de Neum\u00e1tico | Abogados de Accidentes de Cami\u00f3n del Condado de Miami-Dade"},"content":{"rendered":"<div class=\"bodytext\">\n<h2>North Miami Beach Neum\u00e1ticos Calvos \/ Revent\u00f3n de Neum\u00e1ticos<\/h1><\/h2>\n<div class=\"description\">\n<p>Los reventones de neum\u00e1ticos en North Miami Beach y otras comunidades de Florida son siempre graves, pero cuando implican a un tractor remolque u otro cami\u00f3n comercial los efectos pueden ser devastadores. Cuando un cami\u00f3n de gran tonelaje pierde el control por un problema de neum\u00e1ticos, no son infrecuentes los accidentes en cadena y las lesiones catastr\u00f3ficas. <\/p>\n<p>Si un ser querido ha sufrido un grave accidente de cami\u00f3n, es fundamental que hables sin demora con un abogado de lesiones personales. Un abogado de lesiones personales puede intervenir inmediatamente para preservar tus derechos y conseguir pruebas. Un abogado puede ayudarte a informarte de tus derechos y de tus opciones legales de indemnizaci\u00f3n y puede ayudarte a conseguir la indemnizaci\u00f3n m\u00e1s justa posible en tu caso. Si deseas hablar hoy mismo con un abogado de lesiones personales sin costo y sin compromiso, contacta al Grupo Legal Flaxman para programar una consulta gratuita sobre accidentes con un miembro de nuestra firma legal.   <\/p>\n<p><strong class=\"heading4\">\u00bfQu\u00e9 cadena de acontecimientos conduce a los accidentes de cami\u00f3n relacionados con los neum\u00e1ticos en North Miami Beach y otras comunidades?<\/strong><\/p>\n<p>Los reventones y otros problemas de los neum\u00e1ticos pueden causar muchas colisiones de tr\u00e1fico. Los problemas con los neum\u00e1ticos pueden deberse a diversos motivos, pero las causas m\u00e1s comunes de accidentes relacionados con los neum\u00e1ticos son: <\/p>\n<ul>\n<li>Falta de inspecci\u00f3n<\/li>\n<li>Dejar que los neum\u00e1ticos pierdan la banda de rodadura o se queden calvos<\/li>\n<li>Inflar demasiado o demasiado poco<\/li>\n<li>Mantenimiento deficiente<\/li>\n<li>Defectos de fabricaci\u00f3n de los neum\u00e1ticos<\/li>\n<li>No alinear correctamente los neum\u00e1ticos<\/li>\n<li>No instalar correctamente los neum\u00e1ticos<\/li>\n<li>Camiones sobrecargados o pesados<\/li>\n<li>Calor excesivo<\/li>\n<\/ul>\n<p><strong class=\"heading4\">Por qu\u00e9 unos neum\u00e1ticos poco o demasiado inflados pueden reventar y causar otros problemas en los neum\u00e1ticos de los camiones<\/strong><\/p>\n<p>Una causa muy com\u00fan de colisiones de tr\u00e1fico relacionadas con los neum\u00e1ticos tiene que ver con el inflado adecuado de \u00e9stos. Cuando los neum\u00e1ticos de un cami\u00f3n est\u00e1n poco inflados, los flancos del neum\u00e1tico se ven empujados m\u00e1s all\u00e1 de su l\u00edmite de velocidad. Esto significa que pueden calentarse mucho, sobre todo si el cami\u00f3n tambi\u00e9n supera los l\u00edmites de peso seguros. Estos neum\u00e1ticos pueden explotar mientras el veh\u00edculo est\u00e1 en movimiento. Los neum\u00e1ticos poco inflados tampoco se agarran correctamente a la carretera, lo que puede hacer que el conductor pierda el control y provoque una colisi\u00f3n. Por otra parte, los neum\u00e1ticos demasiado inflados pueden desintegrarse m\u00e1s r\u00e1pidamente y provocar reventones.     <\/p>\n<p><strong class=\"heading4\">\u00bfQui\u00e9n es responsable de la colisi\u00f3n de mi cami\u00f3n?<\/strong><\/p>\n<p>Cuando los neum\u00e1ticos de un cami\u00f3n no se inspeccionan o mantienen correctamente, puede haber varias partes responsables. El conductor puede ser considerado responsable de las muertes o lesiones que se produzcan en un accidente de cami\u00f3n relacionado con los neum\u00e1ticos si no los inspeccion\u00f3 correctamente, no llev\u00f3 un registro de sus inspecciones visuales o no inform\u00f3 de los problemas de los neum\u00e1ticos. El transportista puede ser considerado responsable si no mantuvo un programa de mantenimiento adecuado para sus camiones. Se puede demandar a la empresa fabricante de neum\u00e1ticos en una reclamaci\u00f3n de responsabilidad por productos defectuosos en North Miami Beach o Florida si los neum\u00e1ticos ten\u00edan un defecto de fabricaci\u00f3n que provoc\u00f3 un accidente. Si el mantenimiento de los neum\u00e1ticos se subcontrat\u00f3 a un tercero o a otra empresa, los mec\u00e1nicos tambi\u00e9n pueden ser considerados responsables si no instalaron y mantuvieron correctamente los neum\u00e1ticos.    <\/p>\n<p>Los automovilistas y los usuarios de la carretera pueden provocar f\u00e1cilmente accidentes, y estas colisiones pueden dejar a pasajeros y conductores gravemente heridos, paralizados o incluso sufriendo lesiones mortales. Si has resultado lesionado, no dudes en contactar <a href=\"contacta con nosotros.html\">al Grupo Legal Flaxman<\/a> para recibir asesor\u00eda y representaci\u00f3n legal compasiva y profesional. Nuestro bufete de servicios integrales estar\u00e1 encantado de sentarse con usted en una consulta gratuita sobre accidentes para revisar sus opciones y discutir su situaci\u00f3n a fondo para que podamos entender c\u00f3mo podemos ayudarle.  <\/p>\n<\/p><\/div>\n<\/p><\/div>\n","protected":false},"excerpt":{"rendered":"<p>Sin honorarios a menos que ganemos. Llama al 866-352-9626 para una &#8230; <\/p>\n","protected":false},"author":3,"featured_media":0,"parent":0,"menu_order":0,"comment_status":"closed","ping_status":"closed","template":"template-practice-areas.php","meta":{"footnotes":""},"class_list":["post-22044","page","type-page","status-publish","hentry"],"featured_image_src":null,"featured_image_src_square":null,"_links":{"self":[{"href":"https:\/\/flaxmanlaw.com\/es\/wp-json\/wp\/v2\/pages\/22044","targetHints":{"allow":["GET"]}}],"collection":[{"href":"https:\/\/flaxmanlaw.com\/es\/wp-json\/wp\/v2\/pages"}],"about":[{"href":"https:\/\/flaxmanlaw.com\/es\/wp-json\/wp\/v2\/types\/page"}],"author":[{"embeddable":true,"href":"https:\/\/flaxmanlaw.com\/es\/wp-json\/wp\/v2\/users\/3"}],"replies":[{"embeddable":true,"href":"https:\/\/flaxmanlaw.com\/es\/wp-json\/wp\/v2\/comments?post=22044"}],"version-history":[{"count":0,"href":"https:\/\/flaxmanlaw.com\/es\/wp-json\/wp\/v2\/pages\/22044\/revisions"}],"wp:attachment":[{"href":"https:\/\/flaxmanlaw.com\/es\/wp-json\/wp\/v2\/media?parent=22044"}],"curies":[{"name":"wp","href":"https:\/\/api.w.org\/{rel}","templated":true}]}}