{"id":22045,"date":"2024-11-18T12:45:11","date_gmt":"2024-11-18T12:45:11","guid":{"rendered":"https:\/\/flaxmanlaw.wpenginepowered.com\/lesiones-personales-en-north-miami-beach-abogados-de-accidentes-en-el-condado-de-miami-dade\/"},"modified":"2025-12-04T04:06:45","modified_gmt":"2025-12-04T04:06:45","slug":"lesiones-personales-en-north-miami-beach-abogados-de-accidentes-en-el-condado-de-miami-dade","status":"publish","type":"page","link":"https:\/\/flaxmanlaw.com\/es\/lesiones-personales-en-north-miami-beach-abogados-de-accidentes-en-el-condado-de-miami-dade\/","title":{"rendered":"Lesiones personales en North Miami Beach | Abogados de accidentes"},"content":{"rendered":"<div class=\"bodytext\">\n<h2>Lesiones personales en North Miami Beach<\/h2>\n<div class=\"description\">\n<p>North Miami Beach, situada en el condado de Miami-Dade, en Florida, es conocida por su diversidad \u00e9tnica. Los habitantes de la ciudad hablan espa\u00f1ol, franc\u00e9s, chino, portugu\u00e9s, hebreo, ruso, yiddish, italiano y otras lenguas adem\u00e1s del ingl\u00e9s. North Miami Beach tambi\u00e9n es conocida como la ciudad estadounidense con el cuarto porcentaje m\u00e1s alto de haitiano-americanos. Esta diversidad confiere a la comunidad un rico patrimonio, as\u00ed como una amplia gama de comercios y restaurantes. Los residentes y visitantes de la zona pueden disfrutar de muchas atracciones en la zona, como el Parque Haulover, la Playa Haulover, un Marcador de Hito Hist\u00f3rico del Estado de Florida y una flota pesquera de barcos ch\u00e1rter.<\/p>\n<p>Aunque North Miami Beach tiene mucho que ofrecer, el Grupo Legal Flaxman tambi\u00e9n ha trabajado con muchos pacientes en el \u00e1rea que han sufrido <a href=\"lesiones-personales.html\">lesiones graves<\/a> como resultado de accidentes automovil\u00edsticos, accidentes en albercas y otros tipos de accidentes en North Miami Beach. Como la zona tiene muchas v\u00edas navegables, los accidentes de barco en North Miami Beach tambi\u00e9n son motivo de preocupaci\u00f3n. El objetivo del Grupo Legal Flaxman ha sido ayudar a los pacientes a recuperarse de estos accidentes y lesiones para que lleven una vida lo m\u00e1s plena posible tras sus lesiones.<\/p>\n<p>Habiendo trabajado exitosamente con miles de v\u00edctimas de lesiones personales en Florida del Sur, el equipo del Grupo Legal Flaxman comprende que gran parte de la recuperaci\u00f3n tiene que ver con las finanzas. Por desgracia, las finanzas suelen decidir la calidad de la atenci\u00f3n m\u00e9dica de que puede disfrutar una v\u00edctima, y pueden ayudar a garantizar que \u00e9sta pueda centrarse en curarse y no en la angustia econ\u00f3mica. Cuando la v\u00edctima tiene los recursos financieros para pagar la mejor atenci\u00f3n m\u00e9dica, recuperarse lentamente sin verse obligada a volver al trabajo, y para pagar los gastos m\u00e9dicos adicionales no cubiertos por el seguro m\u00e9dico, esa v\u00edctima tiene m\u00e1s posibilidades de recuperarse. <a href=\"index.html\">El Grupo Legal Flaxman<\/a> se dedica a garantizar que las v\u00edctimas de lesiones personales de North Miami Beach obtengan la mejor compensaci\u00f3n posible, para que puedan recibir los mejores cuidados y disfrutar de un futuro y una recuperaci\u00f3n m\u00e1s brillantes.<\/p>\n<p><a href=\"index.html\">El Grupo Legal Flaxman<\/a> se dedica a ayudarte a obtener la compensaci\u00f3n econ\u00f3mica a la que puedas tener derecho seg\u00fan la ley. La ley de Florida permite reclamar judicialmente en los casos en que una lesi\u00f3n haya sido causada por la negligencia o imprudencia de alguien. En muchos casos, las v\u00edctimas pueden recuperar los ingresos perdidos, los gastos m\u00e9dicos, la asistencia m\u00e9dica a largo plazo, los gastos de transporte a los servicios necesarios, el dolor y el sufrimiento, y muchos otros gastos relacionados.<\/p>\n<p>Si has resultado lesionado y no sabes qu\u00e9 hacer o a d\u00f3nde acudir, tal vez desees recurrir al Grupo Legal Flaxman. El <a href=\"index.html\">Grupo Legal Flaxman<\/a> es una firma de servicios integrales, y puede encargarse de todos los detalles de tu caso, desde tu consulta inicial hasta tu recuperaci\u00f3n final. En cada paso del camino, el equipo jur\u00eddico del Grupo Legal Flaxman se compromete a proporcionarte el mejor servicio y la mejor atenci\u00f3n posibles.<\/p>\n<p><a href=\"index.html\">El Grupo Legal Flaxman<\/a> es un bufete de servicios integrales. El equipo legal se encarga de todos los detalles de tu caso y demanda, para que puedas concentrarte en tu familia y en el proceso de curaci\u00f3n. <a href=\"contacta con nosotros.html\">Contacta<\/a> hoy mismo con el Grupo Legal Flaxman para averiguar lo que la firma legal puede hacer por ti. Concierta una consulta inicial gratuita en nuestras oficinas de Hollywood, Homestead o Miami. Si tus lesiones no te permiten viajar, el Grupo Legal Flaxman tambi\u00e9n puede reunirse contigo para tu consulta en tu casa, lugar de trabajo o habitaci\u00f3n de hospital.<\/p>\n<\/div>\n<div class=\"subpageslist\"><strong class=\"heading4 widget-title\"><a href=\"accidente-coche-miami-norte.html\">Accidentes de tr\u00e1fico<\/a><\/strong> <strong class=\"heading4 widget-title\"><a href=\"accidente de cami\u00f3n en la playa de miami-norte.html\">Accidentes de cami\u00f3n<\/a><\/strong> <strong class=\"heading4 widget-title\"><a href=\"accidente-motocicleta-norte-miami-beach.html\">Accidentes de moto<\/a><\/strong> <strong class=\"heading4 widget-title\"><a href=\"playa-miami-norte-deslizamiento-ca\u00edda.html\">Accidentes por resbalones y ca\u00eddas<\/a><\/strong> <strong class=\"heading4 widget-title\"><a href=\"muerte por negligencia.html\">Muerte por negligencia<\/a><\/strong> <strong class=\"heading4 widget-title\"><a href=\"lesiones en la cabeza en la playa de miami-norte.html\">Lesi\u00f3n en la cabeza<\/a><\/strong> <strong class=\"heading4 widget-title\"><a href=\"accidente-bicicleta-miami-norte.html\">Accidentes de bicicleta<\/a><\/strong> <strong class=\"heading4 widget-title\"><a href=\"responsabilidad-productos-miami-norte.html\">Responsabilidad por productos defectuosos<\/a><\/strong> <strong class=\"heading4 widget-title\"><a href=\"accidente-autobus-miami-norte.html\">Accidentes de autob\u00fas<\/a><\/strong> <strong class=\"heading4 widget-title\"><a href=\"medicina-malpractica-norte-miami-beach.html\">Negligencia m\u00e9dica<\/a><\/strong> <strong class=\"heading4 widget-title\"><a href=\"abuso en residencias de ancianos en la playa de miami-norte.html\">Abuso en residencias de ancianos<\/a><\/strong> <strong class=\"heading4 widget-title\"><a href=\"lesiones-trabajo-miami-norte.html\">Lesiones laborales<\/a><\/strong> <strong class=\"heading4 widget-title\"><a href=\"negligencia-farmac\u00e9utica-miami-beach-norte.html\">Negligencia farmac\u00e9utica<\/a><\/strong> <strong class=\"heading4 widget-title\"><a href=\"impacto en el lado norte de la playa de miami.html\">Impacto lateral<\/a><\/strong> <strong class=\"heading4 widget-title\"><a href=\"ley de seguros de la playa de miami del norte.html\">Derecho de seguros<\/a><\/strong> <strong class=\"heading4 widget-title\"><a href=\"north-miami-beach-hit-by-a-drunk-driver.html\">Atropellado por un conductor ebrio<\/a><\/strong> <strong class=\"heading4 widget-title\"><a href=\"accidente de atropello en la playa de miami-norte.html\">Accidentes con fuga<\/a><\/strong> <strong class=\"heading4 widget-title\"><a href=\"amputaciones-de-la-playa-de-miami-norte.html\">Amputaciones<\/a><\/strong> <strong class=\"heading4 widget-title\"><a href=\"lesiones-parto-miami-norte.html\">Lesiones en el parto<\/a><\/strong> <strong class=\"heading4 widget-title\"><a href=\"north-miami-beach-dog-bites.html\">Mordeduras de perro<\/a><\/strong> <strong class=\"heading4 widget-title\"><a href=\"accidentes en el norte de miami-beach-florida.html\">Accidentes por no ceder el paso<\/a><\/strong> <strong class=\"heading4 widget-title\"><a href=\"colisi\u00f3n frontal en la playa de miami-norte.html\">Colisi\u00f3n frontal<\/a><\/strong> <strong class=\"heading4 widget-title\"><a href=\"north-miami-beach-accidente-de-motorista-sin-seguro.html\">Accidentes de motoristas con seguro insuficiente<\/a><\/strong> <strong class=\"heading4 widget-title\"><a href=\"peligros de las carreteras del norte de miami-beach.html\">Peligros de la carretera<\/a><\/strong> <strong class=\"heading4 widget-title\"><a href=\"north-miami-beach-poor-road-design.html\">Mal dise\u00f1o de las carreteras<\/a><\/strong> <strong class=\"heading4 widget-title\"><a href=\"fallo-mecanico-de-la-playa-de-miami-norte.html\">Fallo mec\u00e1nico<\/a><\/strong> <strong class=\"heading4 widget-title\"><a href=\"accidentes en cadena en la playa de miami norte.html\">Accidentes en cadena<\/a><\/strong> <strong class=\"heading4 widget-title\"><a href=\"accidentes por vuelco en la playa de miami norte.html\">Accidentes por vuelco<\/a><\/strong> <strong class=\"heading4 widget-title\"><a href=\"conducci\u00f3n distra\u00edda en la playa de miami-norte.html\">Conducci\u00f3n distra\u00edda<\/a><\/strong> <strong class=\"heading4 widget-title\"><a href=\"colisiones en la playa de miami-norte.html\">Colisiones en Broadside<\/a><\/strong> <strong class=\"heading4 widget-title\"><a href=\"accidentes en el cambio de carril inseguro en el norte de miami-beach.html\">Accidentes por cambio de carril inseguro<\/a><\/strong> <strong class=\"heading4 widget-title\"><a href=\"accidentes en los cruces de la playa de miami norte.html\">Accidentes en intersecciones<\/a><\/strong> <strong class=\"heading4 widget-title\"><a href=\"north-miami-beach-passenger-safety.html\">Seguridad de los pasajeros<\/a><\/strong> <strong class=\"heading4 widget-title\"><a href=\"north-miami-beach-colisiones por giro a la izquierda.html\">Colisiones por giro a la izquierda<\/a><\/strong> <strong class=\"heading4 widget-title\"><a href=\"accidentes en el norte de miami-beach.html\">Accidentes por alcance<\/a><\/strong> <strong class=\"heading4 widget-title\"><a href=\"fallos en el equipamiento pesado de la playa de miami-norte.html\">Aver\u00edas de maquinaria pesada<\/a><\/strong> <strong class=\"heading4 widget-title\"><a href=\"playa-miami-norte-drogas-peligrosas.html\">Drogas peligrosas<\/a><\/strong> <strong class=\"heading4 widget-title\"><a href=\"abandono-fisico-miami-beach-norte.html\">Negligencia f\u00edsica<\/a><\/strong> <strong class=\"heading4 widget-title\"><a href=\"negligencia-medica-miami-beach-norte.html\">Negligencia m\u00e9dica<\/a><\/strong> <strong class=\"heading4 widget-title\"><a href=\"playa-miami-norte-supervisi\u00f3n-inadecuada.html\">Supervisi\u00f3n inadecuada<\/a><\/strong> <strong class=\"heading4 widget-title\"><a href=\"vida-asistida-negligencia.html\">Negligencia en residencias asistidas<\/a><\/strong> <strong class=\"heading4 widget-title\"><a href=\"abuso de ancianos en el norte de miami-beach.html\">Abuso de ancianos<\/a><\/strong> <strong class=\"heading4 widget-title\"><a href=\"maltrato-fisico-miami-norte.html\">Maltrato f\u00edsico<\/a><\/strong> <strong class=\"heading4 widget-title\"><a href=\"asalto-sexual-miami-beach-norte.html\">Agresi\u00f3n sexual<\/a><\/strong> <strong class=\"heading4 widget-title\"><a href=\"lesiones cerebrales.html\">Lesi\u00f3n cerebral<\/a><\/strong> <strong class=\"heading4 widget-title\"><a href=\"accidente-bus-escolar-miami-norte.html\">Accidentes de autob\u00fas escolar<\/a><\/strong> <strong class=\"heading4 widget-title\"><a href=\"accidente-transporte-p\u00fablico-miami-norte.html\">Accidentes en el transporte p\u00fablico<\/a><\/strong> <strong class=\"heading4 widget-title\"><a href=\"playa-miami-norte-autobuses-privados.html\">Autobuses privados<\/a><\/strong> <strong class=\"heading4 widget-title\"><a href=\"responsabilidad-predial-miami-norte.html\">Responsabilidad de los locales<\/a><\/strong> <strong class=\"heading4 widget-title\"><a href=\"playa-miami-norte-seguridad-inadecuada.html\">Seguridad inadecuada<\/a><\/strong> <strong class=\"heading4 widget-title\"><a href=\"accidentes-de-coche-dwi-miami-beach-norte.html\">Accidentes de tr\u00e1fico por DWI\/DUI<\/a><\/strong><\/div>\n<\/div>\n","protected":false},"excerpt":{"rendered":"<p>Sin honorarios a menos que ganemos. Llama al 866-352-9626 para una &#8230; <\/p>\n","protected":false},"author":3,"featured_media":0,"parent":0,"menu_order":0,"comment_status":"closed","ping_status":"closed","template":"template-practice-areas.php","meta":{"footnotes":""},"class_list":["post-22045","page","type-page","status-publish","hentry"],"featured_image_src":null,"featured_image_src_square":null,"_links":{"self":[{"href":"https:\/\/flaxmanlaw.com\/es\/wp-json\/wp\/v2\/pages\/22045","targetHints":{"allow":["GET"]}}],"collection":[{"href":"https:\/\/flaxmanlaw.com\/es\/wp-json\/wp\/v2\/pages"}],"about":[{"href":"https:\/\/flaxmanlaw.com\/es\/wp-json\/wp\/v2\/types\/page"}],"author":[{"embeddable":true,"href":"https:\/\/flaxmanlaw.com\/es\/wp-json\/wp\/v2\/users\/3"}],"replies":[{"embeddable":true,"href":"https:\/\/flaxmanlaw.com\/es\/wp-json\/wp\/v2\/comments?post=22045"}],"version-history":[{"count":0,"href":"https:\/\/flaxmanlaw.com\/es\/wp-json\/wp\/v2\/pages\/22045\/revisions"}],"wp:attachment":[{"href":"https:\/\/flaxmanlaw.com\/es\/wp-json\/wp\/v2\/media?parent=22045"}],"curies":[{"name":"wp","href":"https:\/\/api.w.org\/{rel}","templated":true}]}}