{"id":22046,"date":"2024-11-18T12:44:44","date_gmt":"2024-11-18T12:44:44","guid":{"rendered":"https:\/\/flaxmanlaw.wpenginepowered.com\/miami-shores-lesiones-personales-abogados-de-accidentes-del-condado-de-miami-dade\/"},"modified":"2025-05-06T08:43:13","modified_gmt":"2025-05-06T08:43:13","slug":"miami-shores-lesiones-personales-abogados-de-accidentes-del-condado-de-miami-dade","status":"publish","type":"page","link":"https:\/\/flaxmanlaw.com\/es\/miami-shores-lesiones-personales-abogados-de-accidentes-del-condado-de-miami-dade\/","title":{"rendered":"Miami Shores Injury Lawyers | Miami-Dade Accident Attorneys"},"content":{"rendered":"<div class=\"bodytext\">\n<h2>Lesiones Personales Miami Shores<\/h1><\/h2>\n<div class=\"description\">\n<p>Miami Shores es una comunidad de Florida situada cerca del centro de Miami. Sin embargo, a pesar de la proximidad, esta comunidad del condado de Miami-Dade, Florida, sigue teniendo el aspecto de un suburbio. De hecho, Miami Shores empez\u00f3 siendo un suburbio de Florida antes de convertirse en un peque\u00f1o pueblo. La peque\u00f1a comunidad tiene m\u00e1s de cien a\u00f1os de historia. Conocida por sus once parques y por su bellamente reconstruido puente natural Arch Creek, Miami Shores es tambi\u00e9n sede del Miami Shores Country Club. La Universidad Barry, la Universidad Internacional de Florida y la Universidad Johnson and Wales se encuentran en Miami Shores.<\/p>\n<p>Para los residentes y visitantes de Miami Shores, los accidentes y lesiones pueden tener un impacto devastador. Ya sea que est\u00e9s de visita en Miami Shores cuando ocurre tu accidente o que sufras lesiones graves mientras vives en Miami Shores, contacta al Grupo Legal Flaxman para recibir una consulta inicial gratuita. Si has sufrido una lesi\u00f3n grave, necesitas un abogado cualificado especializado en lesiones personales de Miami Shores para que represente tus intereses. A las grandes empresas y compa\u00f1\u00edas de seguros ni se les ocurrir\u00eda hacer negocios sin abogados cualificados a su lado: \u00bfpor qu\u00e9 ibas a negociar tu siniestro sin un profesional del tiempo legal a tu lado? El experimentado y profesional equipo jur\u00eddico del Grupo Legal Flaxman puede ser tu recurso legal despu\u00e9s de tu accidente y puede ayudarte en cada paso del camino.<\/p>\n<p>El equipo legal del Grupo Legal Flaxman cuenta con m\u00e1s de dos d\u00e9cadas de experiencia en casos de lesiones personales en Miami Shores. El Grupo Legal Flaxman se enorgullece de servir a Miami Shores y sus alrededores, y se enorgullece de haber ayudado exitosamente a miles de pacientes de lesiones personales en Florida, incluyendo a muchos pacientes de lesiones personales en Miami Shores. Con nuestros a\u00f1os de experiencia y nuestra voluntad de escuchar realmente a cada cliente, es posible que tambi\u00e9n podamos ayudarte a ti. Contacta con el Grupo Legal Flaxman para una consulta inicial gratuita y sin compromiso. Es una forma ideal de saber si tienes un caso de lesiones personales en Miami Shores y una buena manera de conocer mejor tus opciones legales.<\/p>\n<p>El Grupo Legal Flaxman tiene oficinas en Miami, situadas a s\u00f3lo unos 17 minutos de Miami Shores. Para llegar a nuestra oficina de Miami desde Miami Shores, conduce hacia el sur en direcci\u00f3n NE 95th St y gira a la derecha en NE 95th St. Incorp\u00f3rate a la izquierda en I-95 S y sigue las indicaciones hacia Downtown\/Miami\/Miami Int&#8217;l Airport. Toma la salida 3A ( FL-836 W\/NW 14th St) e incorp\u00f3rate a FL-836 W. Sal en FL-959 S\/NW 57th Ave\/N Red Rd y da vuelta a la derecha en Blue Lagoon Dr. El Grupo Legal Flaxman tiene oficinas en la Suite 400 en 6303 Blue Lagoon Dr. Si no puedes visitar nuestras oficinas en Miami, sin embargo, contacta al Grupo Legal Flaxman para programar una consulta inicial gratuita en tu casa, lugar de trabajo o cuarto de hospital. Estaremos encantados de visitarte si has sufrido una lesi\u00f3n y no puedes desplazarte f\u00e1cilmente.<\/p>\n<\/div>\n<div class=\"subpageslist\"><strong class=\"heading4 widget-title\"><a href=\"miami-shores-accidente-de-coche.html\">Accidentes de tr\u00e1fico<\/a><\/strong><\/div>\n<\/div>\n","protected":false},"excerpt":{"rendered":"<p>Sin honorarios a menos que ganemos. Llama al 866-352-9626 para una &#8230; <\/p>\n","protected":false},"author":3,"featured_media":0,"parent":0,"menu_order":0,"comment_status":"closed","ping_status":"closed","template":"template-practice-areas.php","meta":{"footnotes":""},"class_list":["post-22046","page","type-page","status-publish","hentry"],"featured_image_src":null,"featured_image_src_square":null,"_links":{"self":[{"href":"https:\/\/flaxmanlaw.com\/es\/wp-json\/wp\/v2\/pages\/22046","targetHints":{"allow":["GET"]}}],"collection":[{"href":"https:\/\/flaxmanlaw.com\/es\/wp-json\/wp\/v2\/pages"}],"about":[{"href":"https:\/\/flaxmanlaw.com\/es\/wp-json\/wp\/v2\/types\/page"}],"author":[{"embeddable":true,"href":"https:\/\/flaxmanlaw.com\/es\/wp-json\/wp\/v2\/users\/3"}],"replies":[{"embeddable":true,"href":"https:\/\/flaxmanlaw.com\/es\/wp-json\/wp\/v2\/comments?post=22046"}],"version-history":[{"count":0,"href":"https:\/\/flaxmanlaw.com\/es\/wp-json\/wp\/v2\/pages\/22046\/revisions"}],"wp:attachment":[{"href":"https:\/\/flaxmanlaw.com\/es\/wp-json\/wp\/v2\/media?parent=22046"}],"curies":[{"name":"wp","href":"https:\/\/api.w.org\/{rel}","templated":true}]}}