{"id":22049,"date":"2024-11-18T12:44:44","date_gmt":"2024-11-18T12:44:44","guid":{"rendered":"https:\/\/flaxmanlaw.wpenginepowered.com\/agresion-sexual-en-miami-abogados-de-lesiones-en-el-condado-de-miami-dade-grupo-legal-flaxman\/"},"modified":"2024-11-18T12:44:44","modified_gmt":"2024-11-18T12:44:44","slug":"agresion-sexual-en-miami-abogados-de-lesiones-en-el-condado-de-miami-dade-grupo-legal-flaxman","status":"publish","type":"page","link":"https:\/\/flaxmanlaw.com\/es\/agresion-sexual-en-miami-abogados-de-lesiones-en-el-condado-de-miami-dade-grupo-legal-flaxman\/","title":{"rendered":"Agresi\u00f3n Sexual en Miami | Abogados de Lesiones en el Condado de Miami-Dade Grupo Legal Flaxman"},"content":{"rendered":"<div class=\"bodytext\">\n<h2>Agresi\u00f3n sexual en Miami<\/h1><\/h2>\n<div class=\"description\">\n<p>Las agresiones sexuales pueden ser uno de los tipos de agresiones m\u00e1s dif\u00edciles de superar. En algunos casos, los supervivientes no hablan del suceso debido al trauma que sufren. Adem\u00e1s, el impacto f\u00edsico de este tipo de agresi\u00f3n puede perseguir a los supervivientes durante a\u00f1os. Si te han agredido en Miami o en cualquier lugar de Florida, es importante que te asesores jur\u00eddicamente. Querr\u00e1s buscar tus opciones de indemnizaci\u00f3n, justicia y curaci\u00f3n.    <\/p>\n<p>Con m\u00e1s de sesenta a\u00f1os de experiencia combinada y un historial probado de asegurar m\u00e1s de 100 millones de d\u00f3lares a favor de los demandantes, el Grupo Legal Flaxman est\u00e1 preparado para ayudarle a comprender cu\u00e1les son sus opciones despu\u00e9s de una agresi\u00f3n sexual o abuso sexual. Nuestros abogados trabajan con una amplia gama de sobrevivientes de asalto sexual de todos los \u00e1mbitos de la vida y trabajamos con investigadores, consultores m\u00e9dicos, y otros profesionales para construir casos s\u00f3lidos para responsabilizar a los culpables de sus acciones. Ponte en contacto con nosotros hoy mismo para consultar tu caso gratis y sin compromiso con uno de nuestros sensibles y profesionales abogados especializados en lesiones personales.  <\/p>\n<p><strong class=\"heading4\">La agresi\u00f3n sexual puede provocar lesiones devastadoras<\/strong><\/p>\n<p>La agresi\u00f3n sexual puede provocar mucho m\u00e1s que simples lesiones sexuales. Tambi\u00e9n puede provocar graves traumas emocionales, as\u00ed como lesiones f\u00edsicas devastadoras. Este tipo de agresiones suelen ser muy violentas y pueden provocar lesiones graves debido a la agresividad de los agresores y a los intentos de defensa. Las lesiones f\u00edsicas habituales en una agresi\u00f3n sexual pueden incluir:   <\/p>\n<ul>\n<li>Lesi\u00f3n medular<\/li>\n<li>Fracturas<\/li>\n<li>Lesiones de tejidos blandos<\/li>\n<li>Moratones<\/li>\n<li>Lesi\u00f3n en la cabeza<\/li>\n<li>Laceraciones<\/li>\n<li>ITS<\/li>\n<li>Esguinces<\/li>\n<\/ul>\n<p>Algunas de estas lesiones -como los traumatismos craneoencef\u00e1licos y algunas ITS- pueden poner en peligro la vida, por lo que es importante que los supervivientes busquen atenci\u00f3n m\u00e9dica para sus lesiones lo antes posible.<\/p>\n<p><strong class=\"heading4\">\u00bfCu\u00e1nto costar\u00e1n tus lesiones?<\/strong><\/p>\n<p>El tratamiento m\u00e9dico puede ser muy costoso, al igual que los gastos imprevistos y las costas judiciales que tengas que pagar tras la agresi\u00f3n. Si has sobrevivido a una agresi\u00f3n sexual o f\u00edsica, puede que tengas que pagar visitas a urgencias, intervenciones quir\u00fargicas, pruebas m\u00e9dicas, tratamiento m\u00e9dico, asesoramiento, rehabilitaci\u00f3n y mucho m\u00e1s. Estos gastos pueden acabar costando f\u00e1cilmente decenas de miles de d\u00f3lares o incluso m\u00e1s.  <\/p>\n<p>Adem\u00e1s, puedes decidir trabajar con un abogado para pedir una indemnizaci\u00f3n o para presentar cargos contra el agresor. Es posible que tengas que pagar honorarios legales por estos gastos y que tengas que faltar al trabajo, lo que puede privarte de ingresos. Todas estas p\u00e9rdidas pueden ser considerables, por lo que puede ser buena idea hablar con un abogado de lesiones personales para revisar tus opciones de obtener una indemnizaci\u00f3n justa.  <\/p>\n<p>La legislaci\u00f3n de Florida permite a los supervivientes de agresiones sexuales y otras formas de violencia reclamar una indemnizaci\u00f3n no s\u00f3lo a sus agresores, sino tambi\u00e9n a otras posibles partes responsables. Sin embargo, por lo general necesitar\u00e1s trabajar con abogados especializados en lesiones personales de Miami o de tu comunidad para poder construir un caso s\u00f3lido para tu reclamaci\u00f3n. <\/p>\n<p><strong class=\"heading4\">Una revisi\u00f3n jur\u00eddica honesta y exhaustiva de tu situaci\u00f3n<\/strong><\/p>\n<p>Si usted ha resultado lesionado en una agresi\u00f3n sexual o en un caso de abuso sexual, contacte <a href=\"contacta con nosotros.html\">al Grupo Legal Flaxman<\/a> para averiguar qu\u00e9 opciones existen para obtener justicia y una compensaci\u00f3n a su favor. Tu consulta inicial con nuestro sensible y compasivo equipo es gratuita y sin compromiso. <\/p>\n<\/p><\/div>\n<\/p><\/div>\n","protected":false},"excerpt":{"rendered":"<p>Sin honorarios a menos que ganemos. Llama al 866-352-9626 para una &#8230; <\/p>\n","protected":false},"author":3,"featured_media":0,"parent":0,"menu_order":0,"comment_status":"closed","ping_status":"closed","template":"template-practice-areas.php","meta":{"footnotes":""},"class_list":["post-22049","page","type-page","status-publish","hentry"],"featured_image_src":null,"featured_image_src_square":null,"_links":{"self":[{"href":"https:\/\/flaxmanlaw.com\/es\/wp-json\/wp\/v2\/pages\/22049","targetHints":{"allow":["GET"]}}],"collection":[{"href":"https:\/\/flaxmanlaw.com\/es\/wp-json\/wp\/v2\/pages"}],"about":[{"href":"https:\/\/flaxmanlaw.com\/es\/wp-json\/wp\/v2\/types\/page"}],"author":[{"embeddable":true,"href":"https:\/\/flaxmanlaw.com\/es\/wp-json\/wp\/v2\/users\/3"}],"replies":[{"embeddable":true,"href":"https:\/\/flaxmanlaw.com\/es\/wp-json\/wp\/v2\/comments?post=22049"}],"version-history":[{"count":0,"href":"https:\/\/flaxmanlaw.com\/es\/wp-json\/wp\/v2\/pages\/22049\/revisions"}],"wp:attachment":[{"href":"https:\/\/flaxmanlaw.com\/es\/wp-json\/wp\/v2\/media?parent=22049"}],"curies":[{"name":"wp","href":"https:\/\/api.w.org\/{rel}","templated":true}]}}