{"id":22051,"date":"2024-11-18T12:44:44","date_gmt":"2024-11-18T12:44:44","guid":{"rendered":"https:\/\/flaxmanlaw.wpenginepowered.com\/accidente-de-autobus-escolar-en-miami-abogados-de-lesiones-del-condado-de-miami-dade\/"},"modified":"2024-11-18T12:44:44","modified_gmt":"2024-11-18T12:44:44","slug":"accidente-de-autobus-escolar-en-miami-abogados-de-lesiones-del-condado-de-miami-dade","status":"publish","type":"page","link":"https:\/\/flaxmanlaw.com\/es\/accidente-de-autobus-escolar-en-miami-abogados-de-lesiones-del-condado-de-miami-dade\/","title":{"rendered":"Accidente de autob\u00fas escolar en Miami | Abogados de lesiones del condado de Miami-Dade"},"content":{"rendered":"<div class=\"bodytext\">\n<h2>Accidente de autob\u00fas escolar en Miami<\/h1><\/h2>\n<div class=\"description\">\n<p>Es una llamada telef\u00f3nica que ning\u00fan padre quiere recibir: La llamada telef\u00f3nica que les dice que su hijo ha resultado herido a bordo de un autob\u00fas escolar o en una colisi\u00f3n de autobuses escolares. Es aterrador saber que un ni\u00f1o ha sufrido lesiones cerebrales graves, lesiones medulares u otras lesiones graves debido a un choque. Puede ser a\u00fan m\u00e1s inquietante descubrir que el choque o las lesiones eran evitables. Si tu hijo ha sufrido lesiones graves en las instalaciones de un colegio o en un autob\u00fas escolar en Miami u otra comunidad de Florida, es imprescindible que te asesores jur\u00eddicamente de inmediato para proteger tu futuro y el de tu familia.   <\/p>\n<p>Siempre puedes ponerte en contacto con el Grupo Legal Flaxman si deseas hablar sobre tu situaci\u00f3n con un abogado de lesiones personales. Tu consulta inicial con nuestro bufete de servicios integrales es siempre gratuita y viene sin obligaciones ni presiones. Es tu oportunidad de averiguar qu\u00e9 opciones existen para ti y para tu familia mientras sigues adelante.  <\/p>\n<p><strong class=\"heading4\">\u00bfQu\u00e9 puedes esperar tras un accidente de autob\u00fas escolar?<\/strong><\/p>\n<p>Tras una colisi\u00f3n grave de un autob\u00fas escolar, normalmente se pondr\u00e1n en contacto contigo la escuela o las autoridades policiales. Es probable que tu hijo reciba inmediatamente una evaluaci\u00f3n m\u00e9dica o tratamiento m\u00e9dico. Si tu hijo simplemente ha sido puesto a tu cargo, es importante que le hagan una evaluaci\u00f3n m\u00e9dica si no se la han hecho.  <\/p>\n<p>Si se han producido lesiones como consecuencia del accidente de tr\u00e1fico, puedes esperar que los abogados del consejo escolar o de otras partes responsables se pongan en contacto contigo o que una compa\u00f1\u00eda de seguros se ponga en contacto contigo con una oferta de acuerdo o de seguro. Es importante que consultes con un abogado de lesiones personales en Miami o en tu comunidad antes de firmar ning\u00fan documento. Necesitas comprender el alcance total del caso, as\u00ed como los probables costes a largo plazo de las lesiones de tu hijo.  <\/p>\n<p><strong class=\"heading4\">\u00bfCu\u00e1nto os costar\u00e1 a ti y a tu familia un accidente grave de autob\u00fas?<\/strong><\/p>\n<p>Tras un grave accidente de autob\u00fas escolar, puedes esperar una serie de gastos considerables, entre ellos:<\/p>\n<ul>\n<li>P\u00e9rdida de tiempo en el trabajo si tienes que quedarte en casa para cuidar a tu hijo<\/li>\n<li>Gastos de tutor\u00eda u otros gastos educativos si tu hijo se retrasa en los estudios<\/li>\n<li>Gastos m\u00e9dicos<\/li>\n<li>Gastos m\u00e9dicos a largo plazo<\/li>\n<li>Da\u00f1os materiales<\/li>\n<li>El coste de hacer tu casa accesible para las lesiones de tu hijo<\/li>\n<li>Dispositivos m\u00e9dicos, medicamentos y otros gastos m\u00e9dicos imprevistos<\/li>\n<li>Asesoramiento, terapia, fisioterapia, rehabilitaci\u00f3n y otros servicios a largo plazo<\/li>\n<li>Asistencia a domicilio<\/li>\n<\/ul>\n<p>Estos gastos pueden acumularse r\u00e1pidamente, y quieres asegurarte de que cualquier oferta de indemnizaci\u00f3n que recibas cubra el coste total de estos servicios. No querr\u00e1s descubrir m\u00e1s tarde que a tu hijo se le ha privado de un futuro brillante o de gastos m\u00e9dicos necesarios porque una compa\u00f1\u00eda de seguros ha infravalorado tu reclamaci\u00f3n. <\/p>\n<p>Habla con un abogado de lesiones personales que tenga experiencia en la tramitaci\u00f3n de demandas similares. Un abogado de lesiones personales que haya tramitado m\u00faltiples demandas puede ayudarte a comprender los costes totales probables de tus lesiones e incluso puede se\u00f1alarte los gastos que no hab\u00edas tenido en cuenta. Puede ayudarte a evaluar cualquier acuerdo u oferta del seguro, e incluso a negociar con las compa\u00f1\u00edas de seguros y los abogados un acuerdo justo para tu hijo y tu familia. Si desea hablar hoy mismo con un abogado de lesiones personales, <a href=\"contacta con nosotros.html\">contacte<\/a> al Grupo Legal Flaxman para una evaluaci\u00f3n confidencial y sin costo de su caso.   <\/p>\n<\/p><\/div>\n<\/p><\/div>\n","protected":false},"excerpt":{"rendered":"<p>Sin honorarios a menos que ganemos. Llama al 866-352-9626 para una &#8230; <\/p>\n","protected":false},"author":3,"featured_media":0,"parent":0,"menu_order":0,"comment_status":"closed","ping_status":"closed","template":"template-practice-areas.php","meta":{"footnotes":""},"class_list":["post-22051","page","type-page","status-publish","hentry"],"featured_image_src":null,"featured_image_src_square":null,"_links":{"self":[{"href":"https:\/\/flaxmanlaw.com\/es\/wp-json\/wp\/v2\/pages\/22051","targetHints":{"allow":["GET"]}}],"collection":[{"href":"https:\/\/flaxmanlaw.com\/es\/wp-json\/wp\/v2\/pages"}],"about":[{"href":"https:\/\/flaxmanlaw.com\/es\/wp-json\/wp\/v2\/types\/page"}],"author":[{"embeddable":true,"href":"https:\/\/flaxmanlaw.com\/es\/wp-json\/wp\/v2\/users\/3"}],"replies":[{"embeddable":true,"href":"https:\/\/flaxmanlaw.com\/es\/wp-json\/wp\/v2\/comments?post=22051"}],"version-history":[{"count":0,"href":"https:\/\/flaxmanlaw.com\/es\/wp-json\/wp\/v2\/pages\/22051\/revisions"}],"wp:attachment":[{"href":"https:\/\/flaxmanlaw.com\/es\/wp-json\/wp\/v2\/media?parent=22051"}],"curies":[{"name":"wp","href":"https:\/\/api.w.org\/{rel}","templated":true}]}}