{"id":22053,"date":"2024-11-18T12:44:44","date_gmt":"2024-11-18T12:44:44","guid":{"rendered":"https:\/\/flaxmanlaw.wpenginepowered.com\/accidentes-de-vuelco-en-miami-abogados-de-accidentes-de-coche-en-el-condado-de-miami-dade\/"},"modified":"2024-11-18T12:44:44","modified_gmt":"2024-11-18T12:44:44","slug":"accidentes-de-vuelco-en-miami-abogados-de-accidentes-de-coche-en-el-condado-de-miami-dade","status":"publish","type":"page","link":"https:\/\/flaxmanlaw.com\/es\/accidentes-de-vuelco-en-miami-abogados-de-accidentes-de-coche-en-el-condado-de-miami-dade\/","title":{"rendered":"Accidentes de vuelco en Miami | Abogados de accidentes de coche en el condado de Miami-Dade"},"content":{"rendered":"<div class=\"bodytext\">\n<h2>Accidentes por vuelco en Miami<\/h1><\/h2>\n<div class=\"description\">\n<p>Los SUV y los ATV son los principales veh\u00edculos implicados en accidentes con vuelco en Miami y en toda Florida, pero las colisiones con vuelco pueden ocurrir en cualquier tipo de veh\u00edculo. Tractores-remolque, coup\u00e9s, Jeeps y muchos otros veh\u00edculos est\u00e1n implicados en vuelcos. Estas colisiones de tr\u00e1fico en Miami y sus alrededores pueden producirse si un coche est\u00e1 sobrecargado con carga y tambi\u00e9n pueden ocurrir debido a peligros de la carretera, como el dise\u00f1o irregular de la calzada. En algunos casos, la simple fuerza de un accidente es lo bastante grave como para hacer que un coche vuelque varias veces antes de detenerse. En casi todos los casos, las colisiones con vuelco son extremadamente peligrosas por la cantidad de traumatismos que pueden sufrir los pasajeros.    <\/p>\n<p>Muchos supervivientes de un accidente de tr\u00e1fico grave se sienten asustados y solos. Aunque esto es natural, no hay necesidad de que te sientas as\u00ed. Los abogados del Grupo Legal Flaxman siempre est\u00e1n listos para ayudar a quienes han sufrido lesiones graves. Contacta con nosotros hoy mismo para concertar una revisi\u00f3n gratuita y sin compromiso de tu caso. Nuestros abogados son compasivos y profesionales. No s\u00f3lo trabajan con una red de investigadores privados, expertos en reconstrucci\u00f3n de accidentes y otros profesionales, sino que realmente se toman el tiempo necesario para revisar los detalles de cada reclamaci\u00f3n legal con los clientes. Nuestro objetivo es ayudarte de verdad en el camino hacia la recuperaci\u00f3n y estaremos encantados de discutir tus opciones contigo en una revisi\u00f3n gratuita de tu caso.      <\/p>\n<p><strong class=\"heading4\">\u00bfQu\u00e9 caus\u00f3 tu accidente de coche en Miami o Florida?<\/strong><\/p>\n<p>En muchos casos, es dif\u00edcil saber qu\u00e9 ha causado un accidente por vuelco. Este tipo de accidentes simplemente parecen ocurrir. Sin embargo, en muchos casos, estos accidentes est\u00e1n causados por negligencia del fabricante del coche, el ayuntamiento u otro conductor. A menudo, hace falta una investigaci\u00f3n cuidadosa, as\u00ed como un trabajo diligente de expertos en reconstrucci\u00f3n de accidentes, investigadores privados y otros profesionales, para obtener las respuestas que necesitas.   <\/p>\n<p>Una investigaci\u00f3n exhaustiva no s\u00f3lo puede darte respuestas, sino que tambi\u00e9n puede ayudarte a construir un caso s\u00f3lido para que tengas derecho a una indemnizaci\u00f3n y para que los responsables de tu accidente rindan cuentas. Si quieres respuestas sobre tu situaci\u00f3n o est\u00e1s interesado en iniciar una reclamaci\u00f3n legal, ponte en contacto con un abogado de lesiones personales de tu comunidad para averiguar qu\u00e9 opciones legales tienes. <\/p>\n<p><strong class=\"heading4\">Perseguir la justicia hoy<\/strong><\/p>\n<p>Los abogados del Grupo Legal Flaxman se esfuerzan por ofrecer una representaci\u00f3n agresiva y justa. Entendemos que despu\u00e9s de un accidente automovil\u00edstico grave, el dinero es a menudo una preocupaci\u00f3n. Es por eso que nuestra consulta inicial es absolutamente gratuita y sin compromiso. Usted no tiene que pagar nada para averiguar si puede tener un caso y cu\u00e1nto puede valer su caso.   <\/p>\n<p>Si tienes una demanda leg\u00edtima pero te preocupan los honorarios legales, ten en cuenta que el Grupo Legal Flaxman acepta casos en base a honorarios de contingencia. Esto significa que usted no tiene que preocuparse por pagar costos legales hasta que y a menos que su caso sea ganado o resuelto. Este sistema te permite presentar una demanda leg\u00edtima sin tener que preocuparte por los costos por adelantado. Si quieres saber m\u00e1s, contacta con <a href=\"contacta con nosotros.html\">el Grupo Legal Flaxman<\/a> en cualquier momento para concertar una cita gratuita y sin compromiso.   <\/p>\n<\/p><\/div>\n<\/p><\/div>\n","protected":false},"excerpt":{"rendered":"<p>Sin honorarios a menos que ganemos. Llama al 866-352-9626 para una &#8230; <\/p>\n","protected":false},"author":3,"featured_media":0,"parent":0,"menu_order":0,"comment_status":"closed","ping_status":"closed","template":"template-practice-areas.php","meta":{"footnotes":""},"class_list":["post-22053","page","type-page","status-publish","hentry"],"featured_image_src":null,"featured_image_src_square":null,"_links":{"self":[{"href":"https:\/\/flaxmanlaw.com\/es\/wp-json\/wp\/v2\/pages\/22053","targetHints":{"allow":["GET"]}}],"collection":[{"href":"https:\/\/flaxmanlaw.com\/es\/wp-json\/wp\/v2\/pages"}],"about":[{"href":"https:\/\/flaxmanlaw.com\/es\/wp-json\/wp\/v2\/types\/page"}],"author":[{"embeddable":true,"href":"https:\/\/flaxmanlaw.com\/es\/wp-json\/wp\/v2\/users\/3"}],"replies":[{"embeddable":true,"href":"https:\/\/flaxmanlaw.com\/es\/wp-json\/wp\/v2\/comments?post=22053"}],"version-history":[{"count":0,"href":"https:\/\/flaxmanlaw.com\/es\/wp-json\/wp\/v2\/pages\/22053\/revisions"}],"wp:attachment":[{"href":"https:\/\/flaxmanlaw.com\/es\/wp-json\/wp\/v2\/media?parent=22053"}],"curies":[{"name":"wp","href":"https:\/\/api.w.org\/{rel}","templated":true}]}}