{"id":22054,"date":"2024-11-18T12:44:44","date_gmt":"2024-11-18T12:44:44","guid":{"rendered":"https:\/\/flaxmanlaw.wpenginepowered.com\/accidentes-de-una-sola-moto-en-miami-abogados-de-lesiones-de-motocicleta-del-condado-de-miami-dade\/"},"modified":"2024-11-18T12:44:44","modified_gmt":"2024-11-18T12:44:44","slug":"accidentes-de-una-sola-moto-en-miami-abogados-de-lesiones-de-motocicleta-del-condado-de-miami-dade","status":"publish","type":"page","link":"https:\/\/flaxmanlaw.com\/es\/accidentes-de-una-sola-moto-en-miami-abogados-de-lesiones-de-motocicleta-del-condado-de-miami-dade\/","title":{"rendered":"Accidentes de una sola moto en Miami | Abogados de lesiones de motocicleta del condado de Miami-Dade"},"content":{"rendered":"<div class=\"bodytext\">\n<h2>Accidentes de una sola bicicleta en Miami<\/h1><\/h2>\n<div class=\"description\">\n<p>Es injusto, pero existe un fuerte prejuicio contra los motoristas que puede perjudicarte si tienes un accidente de moto. Si tienes un accidente de coche en Miami o Florida en el que est\u00e1 implicada tu motocicleta, por ejemplo, puedes encontrarte con que se te culpa del accidente aunque el conductor culpable fuera de hecho responsable del choque. En un accidente de moto, puede ser especialmente frecuente que se culpe al motorista.  <\/p>\n<p>En estos casos, es importante consultar con un abogado de lesiones personales en Miami o en tu comunidad para asegurarte de que se hace todo lo posible para llegar a la verdadera causa del accidente y para obtener asesor\u00eda legal sobre la protecci\u00f3n de tus derechos. Si est\u00e1s listo para actuar ahora, contacta con el Grupo Legal Flaxman para revisar tus lesiones y tu situaci\u00f3n legal. Puedes tener derecho a una indemnizaci\u00f3n y los abogados del Grupo Legal Flaxman cuentan con m\u00e1s de 60 a\u00f1os de experiencia combinada obteniendo indemnizaciones para demandantes como t\u00fa. Pueden revisar tus opciones en una consulta de caso sin costo y sin compromiso, para ayudarte a entender lo que se puede hacer en tu caso.   <\/p>\n<p><strong class=\"heading4\">\u00bfCu\u00e1nto cuesta una colisi\u00f3n de moto en Miami o en tu comunidad?<\/strong><\/p>\n<p>Un accidente de moto puede ser m\u00e1s caro de lo que crees, y puede acarrear muchos da\u00f1os y facturas, incluidos los costes relacionados con:<\/p>\n<ul>\n<li>Cirug\u00eda<\/li>\n<li>Transporte en ambulancia<\/li>\n<li>Estancias hospitalarias<\/li>\n<li>Atenci\u00f3n en urgencias<\/li>\n<li>Injertos de piel y otros procedimientos denominados cosm\u00e9ticos o voluntarios<\/li>\n<li>Fisioterapia, terapia ocupacional, asesoramiento y otros servicios m\u00e9dicos<\/li>\n<li>Dispositivos m\u00e9dicos como aparatos ortop\u00e9dicos y sillas de ruedas<\/li>\n<li>Da\u00f1os materiales<\/li>\n<li>Reparaci\u00f3n de motos<\/li>\n<li>Sustituci\u00f3n de motocicletas<\/li>\n<li>Salarios perdidos<\/li>\n<li>Gastos de centros de vida asistida o servicios de enfermer\u00eda a domicilio<\/li>\n<li>Transporte<\/li>\n<li>Coches de alquiler<\/li>\n<li>Gastos accesorios<\/li>\n<\/ul>\n<p>La realidad es que este tipo de gastos puede acabar costando decenas de miles de d\u00f3lares o incluso m\u00e1s. Una lesi\u00f3n grave y permanente sufrida en un accidente de moto puede acabar costando a un motorista cientos de miles o incluso millones de d\u00f3lares a lo largo de su vida. <\/p>\n<p><strong class=\"heading4\">\u00bfC\u00f3mo pagar\u00e1s tus p\u00e9rdidas?<\/strong><\/p>\n<p>Un accidente grave de moto puede dejar a un motorista incapacitado para volver a su trabajo o carrera y puede dejarle sin ingresos. Al mismo tiempo, las lesiones pueden requerir un tratamiento m\u00e9dico muy caro, cuidados las 24 horas del d\u00eda, operaciones quir\u00fargicas y otros tratamientos complicados que pueden acabar costando mucho dinero. <\/p>\n<p>Los abogados del Grupo Legal Flaxman se complacen en ofrecer una consulta gratuita sobre accidentes a todos los nuevos clientes que hayan resultado lesionados. Tu consulta gratuita sobre accidentes es tu oportunidad de reunirte con un profesional legal para revisar tu situaci\u00f3n. Podemos escuchar tu relato de la situaci\u00f3n y ayudarte a comprender tus opciones, as\u00ed como el valor probable de tus lesiones y la solidez de tu caso. Los abogados del Grupo Legal Flaxman comprenden que el dinero es a menudo una preocupaci\u00f3n para las personas que han resultado gravemente lesionadas en un accidente de motocicleta o de coche. Como resultado, los abogados del Grupo Legal Flaxman aceptan casos en base a honorarios de contingencia, lo que significa que usted no tendr\u00e1 que pagar honorarios de abogado a menos que ganemos dinero en su nombre. Para tomar acci\u00f3n para proteger su futuro hoy mismo, empiece por <a href=\"contacta con nosotros.html\">contactar<\/a> al <a href=\"contacta con nosotros.html\">Grupo Legal Flaxman<\/a> al 866-352-9626 para revisar sus opciones legales.     <\/p>\n<\/p><\/div>\n<\/p><\/div>\n","protected":false},"excerpt":{"rendered":"<p>Sin honorarios a menos que ganemos. Llama al 866-352-9626 para una &#8230; <\/p>\n","protected":false},"author":3,"featured_media":0,"parent":0,"menu_order":0,"comment_status":"closed","ping_status":"closed","template":"template-practice-areas.php","meta":{"footnotes":""},"class_list":["post-22054","page","type-page","status-publish","hentry"],"featured_image_src":null,"featured_image_src_square":null,"_links":{"self":[{"href":"https:\/\/flaxmanlaw.com\/es\/wp-json\/wp\/v2\/pages\/22054","targetHints":{"allow":["GET"]}}],"collection":[{"href":"https:\/\/flaxmanlaw.com\/es\/wp-json\/wp\/v2\/pages"}],"about":[{"href":"https:\/\/flaxmanlaw.com\/es\/wp-json\/wp\/v2\/types\/page"}],"author":[{"embeddable":true,"href":"https:\/\/flaxmanlaw.com\/es\/wp-json\/wp\/v2\/users\/3"}],"replies":[{"embeddable":true,"href":"https:\/\/flaxmanlaw.com\/es\/wp-json\/wp\/v2\/comments?post=22054"}],"version-history":[{"count":0,"href":"https:\/\/flaxmanlaw.com\/es\/wp-json\/wp\/v2\/pages\/22054\/revisions"}],"wp:attachment":[{"href":"https:\/\/flaxmanlaw.com\/es\/wp-json\/wp\/v2\/media?parent=22054"}],"curies":[{"name":"wp","href":"https:\/\/api.w.org\/{rel}","templated":true}]}}