{"id":22055,"date":"2024-11-18T12:44:44","date_gmt":"2024-11-18T12:44:44","guid":{"rendered":"https:\/\/flaxmanlaw.wpenginepowered.com\/miami-side-impact-abogados-de-accidentes-de-coche-del-condado-de-miami-dade-grupo-legal-flaxman\/"},"modified":"2024-11-18T12:44:44","modified_gmt":"2024-11-18T12:44:44","slug":"miami-side-impact-abogados-de-accidentes-de-coche-del-condado-de-miami-dade-grupo-legal-flaxman","status":"publish","type":"page","link":"https:\/\/flaxmanlaw.com\/es\/miami-side-impact-abogados-de-accidentes-de-coche-del-condado-de-miami-dade-grupo-legal-flaxman\/","title":{"rendered":"Miami Side Impact | Abogados de Accidentes de Coche del Condado de Miami-Dade Grupo Legal Flaxman"},"content":{"rendered":"<div class=\"bodytext\">\n<h2>Impacto lateral en Miami<\/h1><\/h2>\n<div class=\"description\">\n<p>El principal motivo por el que la gente ignora las se\u00f1ales de stop y los sem\u00e1foros en rojo es la impaciencia. Los conductores que no se detienen ante una se\u00f1al de stop suelen tener prisa por llegar a otro sitio o simplemente atraviesan el cruce porque suponen que no viene nadie. La mayor\u00eda de los conductores que infringen las se\u00f1ales de stop no se dan cuenta de su error hasta que es demasiado tarde. Son estos conductores distra\u00eddos o imprudentes los que tambi\u00e9n realizan cambios de carril inseguros, se saltan sem\u00e1foros en rojo y provocan otros muchos accidentes de tr\u00e1fico que tienen lugar en las calles y carreteras de Miami.   <\/p>\n<p>Si usted ha sufrido lesiones en un choque de tr\u00e1fico, contacte al Grupo Legal Flaxman para una evaluaci\u00f3n gratuita de su caso. Los abogados de la firma ya han recuperado m\u00e1s de $100 millones a favor de demandantes en choques de tr\u00e1fico y demandas por lesiones personales en Miami y Florida del Sur. Con m\u00e1s de 60 a\u00f1os de experiencia legal combinada, nuestros abogados est\u00e1n dedicados a la justicia.  <\/p>\n<p><strong class=\"heading4\">\u00bfQu\u00e9 provoca las colisiones en T?<\/strong><\/p>\n<p>Una intersecci\u00f3n suele ser el lugar donde se produce un accidente por impacto lateral. Casualmente, las intersecciones son tambi\u00e9n una de las zonas m\u00e1s peligrosas para los accidentes de peatones y los accidentes de tr\u00e1fico. Seg\u00fan la Administraci\u00f3n Federal de Carreteras, m\u00e1s del 20% de los accidentes de tr\u00e1fico mortales ocurridos en 2009 en las carreteras de EEUU se produjeron como consecuencia de un choque en una intersecci\u00f3n. En muchos casos, desobedecer las se\u00f1ales de tr\u00e1fico y el exceso de velocidad contribuyeron al accidente.   <\/p>\n<p>Hay muchas razones por las que los automovilistas se saltan una se\u00f1al de stop o un sem\u00e1foro en rojo y provocan un accidente por alcance:<\/p>\n<ul>\n<li>Distracci\u00f3n del conductor<\/li>\n<li>Furia en la carretera<\/li>\n<li>Exceso de velocidad y prisa<\/li>\n<li>Fatiga<\/li>\n<\/ul>\n<p><strong class=\"heading4\">Responsabilizar a los conductores negligentes<\/strong><\/p>\n<p>No hay excusa para ignorar las se\u00f1ales de tr\u00e1fico y los sem\u00e1foros. Si has sufrido un accidente con impacto lateral o en T y has resultado gravemente herido, debes consultar a un abogado de lesiones personales en Miami o en tu comunidad, porque es probable que el conductor culpable sea negligente. Al fin y al cabo, todos los conductores saben lo que significan las se\u00f1ales de stop y los sem\u00e1foros en rojo y se espera que obedezcan estas se\u00f1ales. Cuando no lo hacen y sufres lesiones graves, tienes derecho, seg\u00fan la ley de Florida, a pedir una indemnizaci\u00f3n por tus lesiones. En estos casos, la ley de Florida te permite solicitar una indemnizaci\u00f3n por p\u00e9rdida de ingresos, facturas m\u00e9dicas y otros gastos relacionados con tu lesi\u00f3n.    <\/p>\n<p><strong class=\"heading4\">Trabajar con un abogado de lesiones personales<\/strong><\/p>\n<p>Un abogado de lesiones personales puede trabajar con expertos en reconstrucci\u00f3n de accidentes y con investigadores privados para darte las respuestas que necesitas para cerrar el caso. Tambi\u00e9n puede presentar una demanda en tu nombre y asegurarse de que comprendes tus opciones y los costes probables de tus lesiones. <\/p>\n<p>Los abogados del Grupo Legal Flaxman tienen experiencia en obtener indemnizaciones a favor de v\u00edctimas lesionadas por accidentes automovil\u00edsticos. Si has resultado gravemente lesionado en un accidente automovil\u00edstico o has perdido a un ser querido en un accidente automovil\u00edstico, puedes ser elegible para presentar una demanda por homicidio culposo o una demanda por lesiones personales. Contacte hoy mismo al Grupo Legal Flaxman para programar una <a href=\"contacta con nosotros.html\">consulta gratuita sobre accidentes<\/a> y hablar sobre sus opciones. Puede que tengas m\u00e1s opciones de las que crees.   <\/p>\n<\/p><\/div>\n<\/p><\/div>\n","protected":false},"excerpt":{"rendered":"<p>Sin honorarios a menos que ganemos. Llama al 866-352-9626 para una &#8230; <\/p>\n","protected":false},"author":3,"featured_media":0,"parent":0,"menu_order":0,"comment_status":"closed","ping_status":"closed","template":"template-practice-areas.php","meta":{"footnotes":""},"class_list":["post-22055","page","type-page","status-publish","hentry"],"featured_image_src":null,"featured_image_src_square":null,"_links":{"self":[{"href":"https:\/\/flaxmanlaw.com\/es\/wp-json\/wp\/v2\/pages\/22055","targetHints":{"allow":["GET"]}}],"collection":[{"href":"https:\/\/flaxmanlaw.com\/es\/wp-json\/wp\/v2\/pages"}],"about":[{"href":"https:\/\/flaxmanlaw.com\/es\/wp-json\/wp\/v2\/types\/page"}],"author":[{"embeddable":true,"href":"https:\/\/flaxmanlaw.com\/es\/wp-json\/wp\/v2\/users\/3"}],"replies":[{"embeddable":true,"href":"https:\/\/flaxmanlaw.com\/es\/wp-json\/wp\/v2\/comments?post=22055"}],"version-history":[{"count":0,"href":"https:\/\/flaxmanlaw.com\/es\/wp-json\/wp\/v2\/pages\/22055\/revisions"}],"wp:attachment":[{"href":"https:\/\/flaxmanlaw.com\/es\/wp-json\/wp\/v2\/media?parent=22055"}],"curies":[{"name":"wp","href":"https:\/\/api.w.org\/{rel}","templated":true}]}}