{"id":22056,"date":"2024-11-18T12:44:44","date_gmt":"2024-11-18T12:44:44","guid":{"rendered":"https:\/\/flaxmanlaw.wpenginepowered.com\/miami-premises-liability-abogados-de-resbalones-y-caidas-del-condado-de-miami-dade\/"},"modified":"2025-12-04T04:08:25","modified_gmt":"2025-12-04T04:08:25","slug":"miami-premises-liability-abogados-de-resbalones-y-caidas-del-condado-de-miami-dade","status":"publish","type":"page","link":"https:\/\/flaxmanlaw.com\/es\/miami-premises-liability-abogados-de-resbalones-y-caidas-del-condado-de-miami-dade\/","title":{"rendered":"Miami Premises Liability"},"content":{"rendered":"<div class=\"bodytext\">\n<h2>Responsabilidad de los locales de Miami<\/h2>\n<div class=\"description\">\n<p>Seg\u00fan la legislaci\u00f3n de Florida, se espera que los propietarios de inmuebles de Miami y de todo el estado tomen precauciones y medidas razonables para proporcionar un lugar seguro a los clientes y visitantes de su propiedad. Por desgracia, cada a\u00f1o algunos propietarios son negligentes y esta imprudencia provoca lesiones graves, como lesiones medulares, lesiones craneales y lesiones por resbal\u00f3n y ca\u00edda, por nombrar s\u00f3lo algunas.<\/p>\n<p>\u00bfHas sufrido lesiones graves debido al mantenimiento incorrecto de una propiedad, a la negligencia del propietario o a una seguridad inadecuada? Puede que tengas una demanda por lesiones personales en Miami o en tu comunidad. Para averiguarlo con seguridad, contacta con Flaxman en el 866-352-9626 para concertar una cita gratuita y hablar sobre tu situaci\u00f3n con un abogado de lesiones personales.<\/p>\n<p><strong class=\"heading4\">Lo que un abogado de lesiones personales puede hacer por ti si tienes una demanda por responsabilidad del local<\/strong><\/p>\n<p>Si te has lesionado en una propiedad comercial o empresarial (o en cualquier propiedad), tu primera prioridad debe ser conseguir ayuda m\u00e9dica. Aunque no est\u00e9s seguro de haberte lesionado, es importante que te hagan un chequeo para asegurarse de que no has sufrido un traumatismo craneal u otra lesi\u00f3n grave. Adem\u00e1s de buscar atenci\u00f3n m\u00e9dica, deber\u00e1s reunir cualquier prueba o informaci\u00f3n sobre tu lesi\u00f3n e informar de ella al administrador o al propietario.<\/p>\n<p>Adem\u00e1s de tomar estas medidas, te conviene buscar asesoramiento jur\u00eddico. Si has sufrido lesiones graves por la negligencia de alguien, ponerte en contacto inmediatamente con un abogado de lesiones personales es uno de los pasos m\u00e1s inteligentes que puedes dar. Hay muchas cosas que un abogado de lesiones personales puede hacer por ti:<\/p>\n<ul>\n<li>Pueden ayudarte a informarte de tus derechos, as\u00ed como de tus opciones y del probable coste total de tus lesiones.<\/li>\n<li>Pueden ayudarte a explorar las opciones para buscar una indemnizaci\u00f3n, incluida la presentaci\u00f3n de reclamaciones legales y la negociaci\u00f3n con las compa\u00f1\u00edas de seguros o los propietarios.<\/li>\n<li>Pueden negociar en tu nombre con los propietarios y las compa\u00f1\u00edas de seguros<\/li>\n<li>Pueden revisar las ofertas de indemnizaci\u00f3n que recibas y asesorarte al respecto.<\/li>\n<li>Pueden representarte ante un tribunal si decides solicitar una indemnizaci\u00f3n mediante una demanda judicial<\/li>\n<li>Pueden ayudarte a comprender la fuerza de tu caso y pueden ayudar a construir un caso s\u00f3lido en tu nombre<\/li>\n<li>Pueden ayudarte a dirigirte a recursos que puedan ayudarte en tu situaci\u00f3n actual<\/li>\n<li>Pueden asesorarte jur\u00eddicamente<\/li>\n<li>Pueden ayudarte en el proceso de reclamaci\u00f3n al seguro o en el proceso judicial<\/li>\n<li>Pueden ocuparse de todos los detalles de tu caso<\/li>\n<li>Pueden ayudarte a descubrir opciones de indemnizaci\u00f3n que quiz\u00e1 no hayas considerado<\/li>\n<\/ul>\n<p><strong class=\"heading4\">\u00bfTienes una reclamaci\u00f3n por responsabilidad civil del local?<\/strong><\/p>\n<p>\u00bfBuscas justicia? \u00bfCrees que puedes tener una demanda por responsabilidad de predios? Contacte al Grupo Legal Flaxman para una evaluaci\u00f3n gratuita y sin compromiso de su caso. Nuestros abogados pueden revisar con usted los detalles espec\u00edficos de su caso y responder a cualquier pregunta que pueda tener sobre sus derechos legales. Si usted est\u00e1 buscando asesor\u00eda legal y desea m\u00e1s informaci\u00f3n, contacte hoy mismo a la firma de servicios integrales &#8211; nuestras l\u00edneas telef\u00f3nicas al 866-352-9626 est\u00e1n atendidas las 24 horas del d\u00eda, los siete d\u00edas de la semana por medio de una operadora en vivo y siempre puede utilizar nuestro formulario en l\u00ednea para reservar su cita gratuita. Si est\u00e1s demasiado lesionado para desplazarte, nuestros abogados pueden visitarte en tu domicilio, lugar de trabajo u oficina.<\/p>\n<\/div>\n<\/div>\n","protected":false},"excerpt":{"rendered":"<p>Sin honorarios a menos que ganemos. Llama al 866-352-9626 para una &#8230; <\/p>\n","protected":false},"author":3,"featured_media":0,"parent":0,"menu_order":0,"comment_status":"closed","ping_status":"closed","template":"template-practice-areas.php","meta":{"footnotes":""},"class_list":["post-22056","page","type-page","status-publish","hentry"],"featured_image_src":null,"featured_image_src_square":null,"_links":{"self":[{"href":"https:\/\/flaxmanlaw.com\/es\/wp-json\/wp\/v2\/pages\/22056","targetHints":{"allow":["GET"]}}],"collection":[{"href":"https:\/\/flaxmanlaw.com\/es\/wp-json\/wp\/v2\/pages"}],"about":[{"href":"https:\/\/flaxmanlaw.com\/es\/wp-json\/wp\/v2\/types\/page"}],"author":[{"embeddable":true,"href":"https:\/\/flaxmanlaw.com\/es\/wp-json\/wp\/v2\/users\/3"}],"replies":[{"embeddable":true,"href":"https:\/\/flaxmanlaw.com\/es\/wp-json\/wp\/v2\/comments?post=22056"}],"version-history":[{"count":0,"href":"https:\/\/flaxmanlaw.com\/es\/wp-json\/wp\/v2\/pages\/22056\/revisions"}],"wp:attachment":[{"href":"https:\/\/flaxmanlaw.com\/es\/wp-json\/wp\/v2\/media?parent=22056"}],"curies":[{"name":"wp","href":"https:\/\/api.w.org\/{rel}","templated":true}]}}