{"id":22059,"date":"2024-11-18T12:44:44","date_gmt":"2024-11-18T12:44:44","guid":{"rendered":"https:\/\/flaxmanlaw.wpenginepowered.com\/mal-diseno-de-las-carreteras-de-miami-abogados-de-accidentes-de-trafico-del-condado-de-miami-dade\/"},"modified":"2024-11-18T12:44:44","modified_gmt":"2024-11-18T12:44:44","slug":"mal-diseno-de-las-carreteras-de-miami-abogados-de-accidentes-de-trafico-del-condado-de-miami-dade","status":"publish","type":"page","link":"https:\/\/flaxmanlaw.com\/es\/mal-diseno-de-las-carreteras-de-miami-abogados-de-accidentes-de-trafico-del-condado-de-miami-dade\/","title":{"rendered":"Mal dise\u00f1o de las carreteras de Miami | Abogados de accidentes de tr\u00e1fico del condado de Miami-Dade"},"content":{"rendered":"<div class=\"bodytext\">\n<h2>Miami Mal dise\u00f1o de las carreteras<\/h1><\/h2>\n<div class=\"description\">\n<p>Varios organismos y grupos de consumidores elaboran listas de carreteras peligrosas conocidas. Por desgracia, Florida alberga varias de ellas. Este tipo de carreteras est\u00e1n tan mal dise\u00f1adas que causan un alto nivel de accidentes mortales cuando se dividen por el n\u00famero de kil\u00f3metros de autopista. Puede ser especialmente mortificante sufrir un traumatismo craneoencef\u00e1lico grave en Miami, un traumatismo medular u otra lesi\u00f3n grave debido al mal dise\u00f1o de la carretera s\u00f3lo para enterarse de que otros han resultado heridos en la misma carretera y que las autoridades conocen el peligro de la carretera desde hace tiempo pero no han actuado para evitar m\u00e1s accidentes.   <\/p>\n<p>Si te has lesionado debido al mal estado de la carretera, a un mantenimiento inadecuado o a un dise\u00f1o peligroso de la misma, puedes tener una reclamaci\u00f3n legal contra el ayuntamiento o contra otras partes responsables de tu situaci\u00f3n. Es posible que puedas solicitar una indemnizaci\u00f3n que te ayude a pagar las facturas m\u00e9dicas, los salarios perdidos y mucho m\u00e1s. Para saber m\u00e1s y averiguar si tienes una demanda legal u otras opciones para recuperar una compensaci\u00f3n despu\u00e9s de tu accidente automovil\u00edstico, contacta hoy mismo al Grupo Legal Flaxman. El Grupo Legal Flaxman ha manejado miles de casos de lesiones personales y accidentes automovil\u00edsticos en todo Florida del Sur y estar\u00eda encantado de reunirse con usted en una consulta gratuita sobre accidentes para revisar sus opciones.   <\/p>\n<p><strong class=\"heading4\">Se\u00f1ales de Dise\u00f1o Vial Inadecuado o Peligroso en Miami y Florida<\/strong><\/p>\n<p>Hay muchos ejemplos de dise\u00f1o defectuoso de carreteras, entre ellos:<\/p>\n<ul>\n<li>Baches<\/li>\n<li>Sem\u00e1foros o se\u00f1alizaci\u00f3n inadecuados<\/li>\n<li>Carriles demasiado estrechos para el tr\u00e1fico<\/li>\n<li>Rayas o marcas inadecuadas en las carreteras<\/li>\n<li>Firme irregular<\/li>\n<li>Falta de barreras medianas<\/li>\n<li>Barandillas rotas o ausentes<\/li>\n<li>Se\u00f1ales de tr\u00e1fico obstruidas o falta de se\u00f1ales de advertencia<\/li>\n<\/ul>\n<p>En algunos casos, las se\u00f1ales de un mal dise\u00f1o de la carretera son muy sutiles. Por ejemplo, los sem\u00e1foros pueden estar cronometrados de modo que aumenten el riesgo de colisi\u00f3n, aunque este defecto no sea inmediatamente evidente para los automovilistas. En otros casos, un mal control del tr\u00e1fico en las intersecciones o carriles estrechos pueden causar accidentes en los giros. En estos casos, puede ser necesaria una investigaci\u00f3n exhaustiva para determinar siquiera si influy\u00f3 el dise\u00f1o de la carretera.   <\/p>\n<p><strong class=\"heading4\">\u00bfPor qu\u00e9 se producen problemas de dise\u00f1o vial?<\/strong><\/p>\n<p>Hay muchas razones por las que pueden producirse problemas en el dise\u00f1o de las carreteras, entre ellas:<\/p>\n<ul>\n<li>Mantenimiento inadecuado<\/li>\n<li>Ingenieros poco formados o mal seleccionados que dise\u00f1an las carreteras<\/li>\n<li>Recortes presupuestarios a nivel municipal o estatal<\/li>\n<li>La falta de respuesta de una comunidad a problemas conocidos de dise\u00f1o o mantenimiento<\/li>\n<\/ul>\n<p>No hay excusa y no proporcionar a los residentes carreteras seguras y correctamente mantenidas. Si has sufrido lesiones en un accidente de tr\u00e1fico causado por un dise\u00f1o deficiente de las carreteras, mereces respuestas y mereces justicia. Si el mal dise\u00f1o de la carretera fue causado por imprudencia o negligencia, tambi\u00e9n puedes tener una reclamaci\u00f3n legal que te permita solicitar una indemnizaci\u00f3n para ayudarte a pagar tus facturas m\u00e9dicas, salarios perdidos y otros gastos.  <\/p>\n<p>Si usted ha estado en un accidente automovil\u00edstico y cree que cuestiones de dise\u00f1o contribuyeron a su colisi\u00f3n, <a href=\"contacta con nosotros.html\">contacte al Grupo Legal Flaxman<\/a> en cualquier momento para programar una consulta personalizada y confidencial de su caso. Su consulta sin costo y sin compromiso es su oportunidad de hacer preguntas y de obtener informaci\u00f3n de un abogado de lesiones personales sobre su situaci\u00f3n. <\/p>\n<\/p><\/div>\n<\/p><\/div>\n","protected":false},"excerpt":{"rendered":"<p>Sin honorarios a menos que ganemos. Llama al 866-352-9626 para una &#8230; <\/p>\n","protected":false},"author":3,"featured_media":0,"parent":0,"menu_order":0,"comment_status":"closed","ping_status":"closed","template":"template-practice-areas.php","meta":{"footnotes":""},"class_list":["post-22059","page","type-page","status-publish","hentry"],"featured_image_src":null,"featured_image_src_square":null,"_links":{"self":[{"href":"https:\/\/flaxmanlaw.com\/es\/wp-json\/wp\/v2\/pages\/22059","targetHints":{"allow":["GET"]}}],"collection":[{"href":"https:\/\/flaxmanlaw.com\/es\/wp-json\/wp\/v2\/pages"}],"about":[{"href":"https:\/\/flaxmanlaw.com\/es\/wp-json\/wp\/v2\/types\/page"}],"author":[{"embeddable":true,"href":"https:\/\/flaxmanlaw.com\/es\/wp-json\/wp\/v2\/users\/3"}],"replies":[{"embeddable":true,"href":"https:\/\/flaxmanlaw.com\/es\/wp-json\/wp\/v2\/comments?post=22059"}],"version-history":[{"count":0,"href":"https:\/\/flaxmanlaw.com\/es\/wp-json\/wp\/v2\/pages\/22059\/revisions"}],"wp:attachment":[{"href":"https:\/\/flaxmanlaw.com\/es\/wp-json\/wp\/v2\/media?parent=22059"}],"curies":[{"name":"wp","href":"https:\/\/api.w.org\/{rel}","templated":true}]}}