{"id":22061,"date":"2024-11-18T12:44:44","date_gmt":"2024-11-18T12:44:44","guid":{"rendered":"https:\/\/flaxmanlaw.wpenginepowered.com\/accidente-en-el-transporte-publico-de-miami-abogados-de-lesiones-del-condado-de-miami-dade\/"},"modified":"2024-11-18T12:44:44","modified_gmt":"2024-11-18T12:44:44","slug":"accidente-en-el-transporte-publico-de-miami-abogados-de-lesiones-del-condado-de-miami-dade","status":"publish","type":"page","link":"https:\/\/flaxmanlaw.com\/es\/accidente-en-el-transporte-publico-de-miami-abogados-de-lesiones-del-condado-de-miami-dade\/","title":{"rendered":"Accidente en el transporte p\u00fablico de Miami | Abogados de lesiones del condado de Miami-Dade"},"content":{"rendered":"<div class=\"bodytext\">\n<h2>Accidente en el transporte p\u00fablico de Miami<\/h1><\/h2>\n<div class=\"description\">\n<p>A menudo se considera que el transporte p\u00fablico es un medio seguro y respetuoso con el medio ambiente para ir al trabajo y desplazarse por la ciudad. Aunque es cierto que los accidentes de transporte p\u00fablico son mucho m\u00e1s raros que las colisiones de autom\u00f3viles en Miami y Florida, los accidentes con veh\u00edculos de transporte p\u00fablico pueden ocurrir y ocurren. Peor a\u00fan, cuando ocurren puede ser muy dif\u00edcil para los demandantes emprender acciones contra las autoridades regionales de tr\u00e1nsito. A menudo se trata de grandes entidades protegidas por organismos gubernamentales, y puede resultar intimidante para el lego medio iniciar una demanda o intentar obtener una indemnizaci\u00f3n de estos grupos.   <\/p>\n<p>Los abogados del Grupo Legal Flaxman han representado a miles de personas que han resultado lesionadas en accidentes de tr\u00e1fico y choques de transporte p\u00fablico y comprenden los complejos asuntos que est\u00e1n involucrados en este tipo de casos. Si usted ha resultado lesionado, estaremos encantados de reunirnos con usted en una consulta gratuita y sin compromiso para revisar su situaci\u00f3n y ofrecerle asesor\u00eda legal. <\/p>\n<p><strong class=\"heading4\">\u00bfPor qu\u00e9 ocurren los accidentes de transporte p\u00fablico en Miami?<\/strong><\/p>\n<p>Los accidentes en el transporte p\u00fablico pueden ocurrir por varias razones, entre ellas:<\/p>\n<ul>\n<li>Mantenimiento incorrecto de los veh\u00edculos de transporte p\u00fablico<\/li>\n<li>Veh\u00edculos o equipos defectuosos<\/li>\n<li>Error o negligencia del operador<\/li>\n<li>Pr\u00e1cticas de contrataci\u00f3n negligentes<\/li>\n<li>Formaci\u00f3n incorrecta de los operarios o conductores<\/li>\n<li>Conducir ebrio o bajo los efectos de drogas ilegales<\/li>\n<li>Conducci\u00f3n temeraria<\/li>\n<li>Conducci\u00f3n distra\u00edda<\/li>\n<li>Desarrollo deficiente de rutas o pautas de transporte<\/li>\n<li>Mantenimiento incorrecto de las calles de la ciudad, v\u00edas f\u00e9rreas y otras infraestructuras<\/li>\n<\/ul>\n<p>En muchos casos, los accidentes de transporte p\u00fablico son, de hecho, evitables. Si tu accidente era evitable y fue causado por imprudencia o negligencia, puedes reclamar una indemnizaci\u00f3n, con arreglo a la legislaci\u00f3n de Florida, por los salarios perdidos, gastos m\u00e9dicos y otros costes relacionados con tus lesiones. <\/p>\n<p><strong class=\"heading4\">Los accidentes de tr\u00e1fico pueden ser m\u00e1s caros de lo que crees<\/strong><\/p>\n<p>Si te has lesionado en un accidente de transporte p\u00fablico, puedes pensar que tus lesiones no ser\u00e1n muy costosas. Esto puede ser as\u00ed sobre todo si tienes una lesi\u00f3n relativamente leve, como una fractura. Sin embargo, es importante tener en cuenta que incluso las lesiones aparentemente menores pueden acabar costando grandes sumas de dinero. Tienes que prepararte para no sufrir econ\u00f3micamente, as\u00ed que habla con un abogado de lesiones personales para revisar tus opciones de indemnizaci\u00f3n.   <\/p>\n<p>Los abogados <a href=\"index.html\">del Grupo Legal Flaxman<\/a> tienen la reputaci\u00f3n de llevar casos a juicio, luchando por la justicia y la compensaci\u00f3n a favor de los demandantes. Contamos con amplios recursos, incluyendo acceso a investigadores privados, testigos expertos, ingenieros, peritos m\u00e9dicos, y otros profesionales que pueden construir casos s\u00f3lidos para resolverlos r\u00e1pidamente a favor de nuestros clientes. Nos gustar\u00eda explicarte completa y honestamente tus derechos y prepararte para el proceso de reclamaci\u00f3n, de modo que tengas la mejor oportunidad posible de obtener una indemnizaci\u00f3n justa por tus lesiones. Para revisar su situaci\u00f3n con uno de nuestros abogados de lesiones personales, simplemente <a href=\"contacta con nosotros.html\">contacte<\/a> hoy mismo al Grupo Legal Flaxman para programar una revisi\u00f3n gratuita de su caso. Puedes ponerte en contacto con nuestra firma de servicios integrales llamando al 866-352-9626 a cualquier hora del d\u00eda o de la noche, o utilizando nuestro sitio web para enviar tu solicitud de consulta gratuita sobre accidentes.    <\/p>\n<\/p><\/div>\n<\/p><\/div>\n","protected":false},"excerpt":{"rendered":"<p>Sin honorarios a menos que ganemos. Llama al 866-352-9626 para una &#8230; <\/p>\n","protected":false},"author":3,"featured_media":0,"parent":0,"menu_order":0,"comment_status":"closed","ping_status":"closed","template":"template-practice-areas.php","meta":{"footnotes":""},"class_list":["post-22061","page","type-page","status-publish","hentry"],"featured_image_src":null,"featured_image_src_square":null,"_links":{"self":[{"href":"https:\/\/flaxmanlaw.com\/es\/wp-json\/wp\/v2\/pages\/22061","targetHints":{"allow":["GET"]}}],"collection":[{"href":"https:\/\/flaxmanlaw.com\/es\/wp-json\/wp\/v2\/pages"}],"about":[{"href":"https:\/\/flaxmanlaw.com\/es\/wp-json\/wp\/v2\/types\/page"}],"author":[{"embeddable":true,"href":"https:\/\/flaxmanlaw.com\/es\/wp-json\/wp\/v2\/users\/3"}],"replies":[{"embeddable":true,"href":"https:\/\/flaxmanlaw.com\/es\/wp-json\/wp\/v2\/comments?post=22061"}],"version-history":[{"count":0,"href":"https:\/\/flaxmanlaw.com\/es\/wp-json\/wp\/v2\/pages\/22061\/revisions"}],"wp:attachment":[{"href":"https:\/\/flaxmanlaw.com\/es\/wp-json\/wp\/v2\/media?parent=22061"}],"curies":[{"name":"wp","href":"https:\/\/api.w.org\/{rel}","templated":true}]}}