{"id":22063,"date":"2024-11-18T12:44:44","date_gmt":"2024-11-18T12:44:44","guid":{"rendered":"https:\/\/flaxmanlaw.wpenginepowered.com\/responsabilidad-por-productos-defectuosos-en-miami-abogados-de-productos-defectuosos-en-el-condado-de-miami-dade\/"},"modified":"2024-11-18T12:44:44","modified_gmt":"2024-11-18T12:44:44","slug":"responsabilidad-por-productos-defectuosos-en-miami-abogados-de-productos-defectuosos-en-el-condado-de-miami-dade","status":"publish","type":"page","link":"https:\/\/flaxmanlaw.com\/es\/responsabilidad-por-productos-defectuosos-en-miami-abogados-de-productos-defectuosos-en-el-condado-de-miami-dade\/","title":{"rendered":"Responsabilidad por Productos Defectuosos en Miami | Abogados de Productos Defectuosos en el Condado de Miami-Dade"},"content":{"rendered":"<div class=\"bodytext\">\n<h2>Responsabilidad civil por productos defectuosos en Miami<\/h1><\/h2>\n<div class=\"description\">\n<p>Miami es una de las ciudades m\u00e1s grandes de Estados Unidos y un importante destino tur\u00edstico. Miami est\u00e1 considerada la ciudad m\u00e1s latina del pa\u00eds y cuenta con un bello horizonte y fabulosas playas. Conocida por su vibrante vida nocturna, as\u00ed como por su cultura de famosos, Miami atrae a residentes y visitantes de todo el mundo con su sofisticado encanto.  <\/p>\n<p>Miami es sede de muchas empresas y algunos fabricantes, lo que la convierte en lugar de muchas demandas por responsabilidad civil por productos defectuosos. Una demanda de responsabilidad por productos defectuosos puede producirse cuando un fabricante o minorista vende un producto que luego causa una lesi\u00f3n a un cliente. Las lesiones pueden deberse a un defecto de dise\u00f1o, a un fallo en el proceso de fabricaci\u00f3n, a un problema de etiquetado, a un error en el manual de instrucciones o a muchos otros fallos. En una demanda de responsabilidad por producto defectuoso, el cliente puede reclamar da\u00f1os y perjuicios por cualquier reclamaci\u00f3n m\u00e9dica, p\u00e9rdida de ingresos y otros costes asociados a su lesi\u00f3n.   <\/p>\n<p>Todos compramos productos con la intenci\u00f3n de utilizarlos de forma segura, pero cuando esos productos causan quemaduras graves en Miami, fracturas de huesos, laceraciones y otras lesiones graves, una reclamaci\u00f3n judicial puede ser una forma de garantizar que los costes de esas lesiones no salgan de nuestro bolsillo. Los fabricantes y los minoristas tienen el deber de vender s\u00f3lo productos seguros, pero a pesar de las leyes de protecci\u00f3n del consumidor, cada a\u00f1o se venden en el pa\u00eds productos inseguros. <\/p>\n<p>Interponer una demanda <a href=\"productos-responsabilidad.html\">por responsabilidad civil por productos defectuosos en Miami<\/a> suele ser complejo, ya que a menudo hay m\u00faltiples posibles partes responsables. Adem\u00e1s del fabricante del producto, el producto puede ser propiedad de una empresa y subcontratarse para su producci\u00f3n y fabricaci\u00f3n a trav\u00e9s de otra empresa. Los minoristas tambi\u00e9n pueden formar parte de las partes responsables. A menudo se necesita un abogado experto en lesiones personales de Miami para determinar todas las partes responsables y para investigar la causa exacta de las lesiones causadas por el producto defectuoso.   <\/p>\n<p>Charles Flaxman, del Grupo Legal Flaxman, ha trabajado representando a demandantes en casos de responsabilidad civil por productos defectuosos en Miami. Todo el equipo jur\u00eddico del Grupo Legal Flaxman cuenta con una extensa experiencia en demandas por lesiones personales y casos de responsabilidad por productos en Florida del Sur. Como firma de servicios integrales, el Grupo Legal Flaxman tiene acceso a una gama de testigos expertos y peritos independientes, incluyendo ingenieros, doctores, contadores forenses, y otros expertos. El Grupo Legal Flaxman tambi\u00e9n tiene acceso a investigadores privados que pueden evaluar cuidadosamente c\u00f3mo lleg\u00f3 a existir un producto defectuoso.   <\/p>\n<p>El equipo jur\u00eddico del Grupo Legal Flaxman ha trabajado en numerosas demandas colectivas y casos de lesiones personales en Florida, ayudando a miles de v\u00edctimas de lesiones personales en toda el \u00e1rea del sur de Florida. El equipo legal cuenta con las habilidades y experiencia para asesorar a los clientes en demandas complejas y tienen la compasi\u00f3n para proporcionar la informaci\u00f3n m\u00e1s honesta y actualizada posible. <\/p>\n<p>El equipo jur\u00eddico del <a href=\"index.html\">Grupo Legal<\/a> Flaxman trabaja con las v\u00edctimas de lesiones personales de varias maneras para minimizar el trauma que puede tener una lesi\u00f3n grave. El equipo jur\u00eddico del Grupo Legal Flaxman, por ejemplo, est\u00e1 dispuesto a reunirse con los clientes en uno de los tres despachos del bufete o en el domicilio del cliente, lugar de trabajo, o habitaci\u00f3n de hospital. El Grupo Legal Flaxman cuenta con tel\u00e9fonos atendidos las 24 horas del d\u00eda, los siete d\u00edas de la semana, para que siempre puedas localizar a alguien si requieres asistencia. El Grupo Legal Flaxman tambi\u00e9n ofrece consultas gratuitas y sin compromiso a todos los nuevos clientes, garantizando que usted pueda obtener asesor\u00eda personalizada despu\u00e9s de sus lesiones.   <\/p>\n<\/p><\/div>\n<\/p><\/div>\n","protected":false},"excerpt":{"rendered":"<p>Sin honorarios a menos que ganemos. Llama al 866-352-9626 para una &#8230; <\/p>\n","protected":false},"author":3,"featured_media":0,"parent":0,"menu_order":0,"comment_status":"closed","ping_status":"closed","template":"template-practice-areas.php","meta":{"footnotes":""},"class_list":["post-22063","page","type-page","status-publish","hentry"],"featured_image_src":null,"featured_image_src_square":null,"_links":{"self":[{"href":"https:\/\/flaxmanlaw.com\/es\/wp-json\/wp\/v2\/pages\/22063","targetHints":{"allow":["GET"]}}],"collection":[{"href":"https:\/\/flaxmanlaw.com\/es\/wp-json\/wp\/v2\/pages"}],"about":[{"href":"https:\/\/flaxmanlaw.com\/es\/wp-json\/wp\/v2\/types\/page"}],"author":[{"embeddable":true,"href":"https:\/\/flaxmanlaw.com\/es\/wp-json\/wp\/v2\/users\/3"}],"replies":[{"embeddable":true,"href":"https:\/\/flaxmanlaw.com\/es\/wp-json\/wp\/v2\/comments?post=22063"}],"version-history":[{"count":0,"href":"https:\/\/flaxmanlaw.com\/es\/wp-json\/wp\/v2\/pages\/22063\/revisions"}],"wp:attachment":[{"href":"https:\/\/flaxmanlaw.com\/es\/wp-json\/wp\/v2\/media?parent=22063"}],"curies":[{"name":"wp","href":"https:\/\/api.w.org\/{rel}","templated":true}]}}