{"id":22064,"date":"2024-11-18T12:44:44","date_gmt":"2024-11-18T12:44:44","guid":{"rendered":"https:\/\/flaxmanlaw.wpenginepowered.com\/negligencia-en-farmacias-de-miami-abogados-de-lesiones-personales-del-condado-de-miami-dade\/"},"modified":"2024-11-18T12:44:44","modified_gmt":"2024-11-18T12:44:44","slug":"negligencia-en-farmacias-de-miami-abogados-de-lesiones-personales-del-condado-de-miami-dade","status":"publish","type":"page","link":"https:\/\/flaxmanlaw.com\/es\/negligencia-en-farmacias-de-miami-abogados-de-lesiones-personales-del-condado-de-miami-dade\/","title":{"rendered":"Negligencia en farmacias de Miami | Abogados de lesiones personales del condado de Miami-Dade"},"content":{"rendered":"<div class=\"bodytext\">\n<h2>Negligencia farmac\u00e9utica en Miami<\/h1><\/h2>\n<div class=\"description\">\n<p>La Miami urbana tiene una poblaci\u00f3n de 5,5 millones de habitantes y la ciudad est\u00e1 considerada uno de los l\u00edderes de la regi\u00f3n en lo que se refiere al comercio, las comunicaciones y las artes. Tambi\u00e9n es uno de los l\u00edderes en medicina, con una gran universidad y muchos hospitales, cl\u00ednicas especializadas y otros centros m\u00e9dicos. De hecho, a menudo se traslada a Miami a pacientes de zonas circundantes para que aprovechen las instalaciones especializadas y los especialistas de talla mundial de la zona. Algunos pacientes vuelan desde otros pa\u00edses para recibir tratamiento de los profesionales m\u00e9dicos de talla mundial de la ciudad.   <\/p>\n<p>Como parte de su sistema m\u00e9dico, Miami cuenta con un gran n\u00famero de farmacias, desde farmacias independientes hasta mostradores de farmacia dentro de grandes almacenes y tiendas de comestibles. Aunque la mayor\u00eda de los farmac\u00e9uticos de la ciudad se esfuerzan por ofrecer un alto nivel de atenci\u00f3n, cada a\u00f1o se producen negligencias farmac\u00e9uticas en Miami. Si usted ha sufrido una lesi\u00f3n debido a la negligencia de una farmacia en Miami o en cualquier comunidad circundante, siempre puede contactar al <a href=\"contacta con nosotros.html\">Grupo Legal Flaxman<\/a> para recibir asesor\u00eda legal r\u00e1pida, profesional y compasiva.  <\/p>\n<p><strong class=\"heading4\">Evitar la Negligencia Farmac\u00e9utica en Miami o en tu Comunidad<\/strong><\/p>\n<p>Cuando tomes un medicamento nuevo, es importante que te mantengas alerta ante posibles efectos secundarios, posibles reacciones al\u00e9rgicas u otros problemas. Si tienes s\u00edntomas inusuales, deja de tomar el medicamento inmediatamente y ponte en contacto con tu m\u00e9dico o farmac\u00e9utico. Visita a un m\u00e9dico para que te haga un chequeo completo y ver cu\u00e1l es el problema. No reanudes la medicaci\u00f3n a menos que tu m\u00e9dico te diga que puedes hacerlo. Tomar la medicaci\u00f3n incorrecta en la dosis equivocada provoca en los pacientes reacciones al\u00e9rgicas, problemas respiratorios y quemaduras en Miami y otras comunidades, adem\u00e1s de muchas otras lesiones graves. En caso de duda, lo mejor es consultar a un profesional m\u00e9dico si algo parece ir mal con tu medicaci\u00f3n.     <\/p>\n<p><strong class=\"heading4\">Errores Farmac\u00e9uticos y Negligencia M\u00e9dica en Miami y Florida<\/strong><\/p>\n<p>Aunque tomes todas las precauciones necesarias, los errores farmac\u00e9uticos pueden provocar graves efectos secundarios y problemas de salud. Si has sufrido una lesi\u00f3n grave -como una quemadura, una reacci\u00f3n al\u00e9rgica u otra lesi\u00f3n grave- debido a un error de farmacia, querr\u00e1s ponerte en contacto con un <a href=\"sobre nosotros.html\">abogado de lesiones personales<\/a> en Miami o en tu comunidad para determinar si tienes alguna opci\u00f3n legal. El coste de una negligencia farmac\u00e9utica en Miami o Florida puede ser astron\u00f3mico para un paciente. Es posible que tengas que pagar medicaci\u00f3n adicional, atenci\u00f3n m\u00e9dica, atenci\u00f3n m\u00e9dica de urgencia y otros gastos relacionados con la lesi\u00f3n. Recurrir a una demanda judicial puede ayudarte a conseguir una indemnizaci\u00f3n por estos gastos, para que no los pagues de tu bolsillo.    <\/p>\n<p>Si usted ha resultado lesionado por un error farmac\u00e9utico en Miami o en Florida del Sur, contacte hoy mismo al Grupo Legal Flaxman para programar una consulta gratuita por accidente y hablar sobre su caso. Su caso puede valer m\u00e1s de lo que usted piensa, y es importante asegurar una compensaci\u00f3n justa en su caso para que no tenga que pagar usted mismo los altos costos m\u00e9dicos de los errores farmac\u00e9uticos. El personal jur\u00eddico <a href=\"index.html\">del Grupo Legal Flaxman<\/a> cuenta con m\u00e1s de 25 a\u00f1os de experiencia ayudando a pacientes de negligencia m\u00e9dica y lesiones personales en todo Florida del Sur. Los tel\u00e9fonos est\u00e1n atendidos las 24 horas del d\u00eda, los siete d\u00edas de la semana, para que puedas obtener asesor\u00eda legal por tel\u00e9fono y concertar una cita en cualquier momento.   <\/p>\n<\/p><\/div>\n<\/p><\/div>\n","protected":false},"excerpt":{"rendered":"<p>Sin honorarios a menos que ganemos. Llama al 866-352-9626 para una &#8230; <\/p>\n","protected":false},"author":3,"featured_media":0,"parent":0,"menu_order":0,"comment_status":"closed","ping_status":"closed","template":"template-practice-areas.php","meta":{"footnotes":""},"class_list":["post-22064","page","type-page","status-publish","hentry"],"featured_image_src":null,"featured_image_src_square":null,"_links":{"self":[{"href":"https:\/\/flaxmanlaw.com\/es\/wp-json\/wp\/v2\/pages\/22064","targetHints":{"allow":["GET"]}}],"collection":[{"href":"https:\/\/flaxmanlaw.com\/es\/wp-json\/wp\/v2\/pages"}],"about":[{"href":"https:\/\/flaxmanlaw.com\/es\/wp-json\/wp\/v2\/types\/page"}],"author":[{"embeddable":true,"href":"https:\/\/flaxmanlaw.com\/es\/wp-json\/wp\/v2\/users\/3"}],"replies":[{"embeddable":true,"href":"https:\/\/flaxmanlaw.com\/es\/wp-json\/wp\/v2\/comments?post=22064"}],"version-history":[{"count":0,"href":"https:\/\/flaxmanlaw.com\/es\/wp-json\/wp\/v2\/pages\/22064\/revisions"}],"wp:attachment":[{"href":"https:\/\/flaxmanlaw.com\/es\/wp-json\/wp\/v2\/media?parent=22064"}],"curies":[{"name":"wp","href":"https:\/\/api.w.org\/{rel}","templated":true}]}}