{"id":22065,"date":"2024-11-18T12:44:44","date_gmt":"2024-11-18T12:44:44","guid":{"rendered":"https:\/\/flaxmanlaw.wpenginepowered.com\/autobuses-privados-miami-abogados-de-lesiones-del-condado-miami-dade-grupo-legal-flaxman\/"},"modified":"2024-11-18T12:44:44","modified_gmt":"2024-11-18T12:44:44","slug":"autobuses-privados-miami-abogados-de-lesiones-del-condado-miami-dade-grupo-legal-flaxman","status":"publish","type":"page","link":"https:\/\/flaxmanlaw.com\/es\/autobuses-privados-miami-abogados-de-lesiones-del-condado-miami-dade-grupo-legal-flaxman\/","title":{"rendered":"Autobuses Privados Miami | Abogados de Lesiones del Condado Miami-Dade Grupo Legal Flaxman"},"content":{"rendered":"<div class=\"bodytext\">\n<h2>Autobuses privados de Miami<\/h1><\/h2>\n<div class=\"description\">\n<p>Las empresas que operan servicios de lanzadera y otros servicios de autobuses privados est\u00e1n obligadas a tener un seguro para que est\u00e9s protegido si el conductor sufre un accidente. Por desgracia, muchas personas implicadas en este tipo de colisiones de tr\u00e1fico en Miami y Florida tienen problemas para obtener respuestas o una indemnizaci\u00f3n tras el accidente. <\/p>\n<p>Si has sufrido lesiones y te preguntas a qui\u00e9n acudir, siempre puedes contactar con el Grupo Legal Flaxman para una revisi\u00f3n gratuita de tu caso y hablar de tu situaci\u00f3n con un abogado de lesiones personales de nuestra firma legal.<\/p>\n<p><strong class=\"heading4\">Los Retos de Conseguir Justicia e Indemnizaci\u00f3n Tras un Accidente de Autob\u00fas Privado en Miami o Florida<\/strong><\/p>\n<p>Muchas cosas pueden impedirte obtener la indemnizaci\u00f3n justa que mereces si has sufrido un accidente de tr\u00e1fico mientras te transportaban en un autob\u00fas privado o lanzadera:<\/p>\n<p><strong>1) Puede que seas de fuera de la ciudad<\/strong>. Puede ser m\u00e1s dif\u00edcil tramitar una reclamaci\u00f3n al seguro si est\u00e1s fuera de la ciudad, y tu estado puede tener normas diferentes en materia de seguros y accidentes de coche en comparaci\u00f3n con Florida. Querr\u00e1s un abogado local que est\u00e9 familiarizado con el sistema local y pueda ayudarte, incluso despu\u00e9s de que vuelvas a casa.  <\/p>\n<p><strong>2) La compa\u00f1\u00eda de seguros del autob\u00fas intentar\u00e1 eliminar los da\u00f1os<\/strong>. Las compa\u00f1\u00edas de seguros que ampl\u00edan la cobertura a grandes empresas, como los operadores de autobuses, son grandes empresas. Ganan m\u00e1s dinero obteniendo primas de seguro de los clientes y no pagando el importe total posible en cada caso. En algunos casos, puedes encontrarte con que infravaloran o deniegan tu reclamaci\u00f3n, aunque tengas una reclamaci\u00f3n leg\u00edtima. Un abogado de lesiones personales puede ser una ventaja en estas situaciones, ya que un abogado conocer\u00e1 todas las leyes y reglamentos que deben cumplir las compa\u00f1\u00edas de seguros en tu caso. Un abogado tambi\u00e9n sabe cu\u00e1nto puede valer tu caso y tiene experiencia en negociar con las compa\u00f1\u00edas de seguros.     <\/p>\n<p><strong>3) Pueden desaparecer pruebas<\/strong>. En un accidente de autob\u00fas privado pueden intervenir muchas partes, como varios pasajeros, testigos, personal de emergencias, una empresa de autobuses, un conductor, varias compa\u00f1\u00edas de seguros, otros conductores y otros. Con toda la confusi\u00f3n que puede producirse inmediatamente despu\u00e9s de una colisi\u00f3n, pueden desaparecer pruebas importantes y los testigos pueden confundirse o acabar olvidando los detalles de lo que vieron. Un abogado de lesiones personales puede asegurar las pruebas y citar a las partes responsables para asegurar las pruebas antes de que desaparezcan.   <\/p>\n<p><strong>4) La empresa de autobuses o la compa\u00f1\u00eda de seguros pueden trabajar con abogados<\/strong>. Las grandes empresas de autobuses y todas las compa\u00f1\u00edas de seguros tienen equipos jur\u00eddicos que les protegen y les ayudan a evitar responsabilidades y reclamaciones legales. Puede resultar intimidante que, tras un accidente grave, se te acerque un abogado para intentar que firmes un acuerdo u otra oferta. Un abogado de lesiones personales en estos casos puede ser muy valioso, ya que puede asegurarse de que no renuncies a tus derechos y de que se protejan tus intereses.   <\/p>\n<p>Si alguna vez necesitas hablar con un abogado despu\u00e9s de resultar lesionado, no dudes en contactar <a href=\"contacta con nosotros.html\">al Grupo Legal Flaxman<\/a> para una consulta gratuita sobre accidentes. Los abogados de nuestro bufete tienen m\u00e1s de sesenta a\u00f1os de experiencia combinada, as\u00ed como una red de investigadores e ingenieros para construir un caso s\u00f3lido en tu nombre. <\/p>\n<\/p><\/div>\n<\/p><\/div>\n","protected":false},"excerpt":{"rendered":"<p>Sin honorarios a menos que ganemos. Llama al 866-352-9626 para una &#8230; <\/p>\n","protected":false},"author":3,"featured_media":0,"parent":0,"menu_order":0,"comment_status":"closed","ping_status":"closed","template":"template-practice-areas.php","meta":{"footnotes":""},"class_list":["post-22065","page","type-page","status-publish","hentry"],"featured_image_src":null,"featured_image_src_square":null,"_links":{"self":[{"href":"https:\/\/flaxmanlaw.com\/es\/wp-json\/wp\/v2\/pages\/22065","targetHints":{"allow":["GET"]}}],"collection":[{"href":"https:\/\/flaxmanlaw.com\/es\/wp-json\/wp\/v2\/pages"}],"about":[{"href":"https:\/\/flaxmanlaw.com\/es\/wp-json\/wp\/v2\/types\/page"}],"author":[{"embeddable":true,"href":"https:\/\/flaxmanlaw.com\/es\/wp-json\/wp\/v2\/users\/3"}],"replies":[{"embeddable":true,"href":"https:\/\/flaxmanlaw.com\/es\/wp-json\/wp\/v2\/comments?post=22065"}],"version-history":[{"count":0,"href":"https:\/\/flaxmanlaw.com\/es\/wp-json\/wp\/v2\/pages\/22065\/revisions"}],"wp:attachment":[{"href":"https:\/\/flaxmanlaw.com\/es\/wp-json\/wp\/v2\/media?parent=22065"}],"curies":[{"name":"wp","href":"https:\/\/api.w.org\/{rel}","templated":true}]}}