{"id":22067,"date":"2024-11-18T12:44:44","date_gmt":"2024-11-18T12:44:44","guid":{"rendered":"https:\/\/flaxmanlaw.wpenginepowered.com\/lesiones-personales-en-miami-abogados-de-accidentes-en-el-condado-de-miami-dade-grupo-legal-flaxman\/"},"modified":"2025-05-06T08:47:20","modified_gmt":"2025-05-06T08:47:20","slug":"lesiones-personales-en-miami-abogados-de-accidentes-en-el-condado-de-miami-dade-grupo-legal-flaxman","status":"publish","type":"page","link":"https:\/\/flaxmanlaw.com\/es\/lesiones-personales-en-miami-abogados-de-accidentes-en-el-condado-de-miami-dade-grupo-legal-flaxman\/","title":{"rendered":"Lesiones Personales en Miami | Abogados en Miami-Dade"},"content":{"rendered":"<div class=\"bodytext\">\n<h2>Lesiones personales en Miami<\/h1><\/h2>\n<div class=\"description\">\n<p>Miami es la 42\u00aa ciudad m\u00e1s grande de Estados Unidos y la mayor del sur de Florida, adem\u00e1s de una importante metr\u00f3polis mundial. Miami es l\u00edder en Florida en medios impresos, comunicaciones, artes, industria, entretenimiento, educaci\u00f3n, moda, medios de comunicaci\u00f3n, finanzas, cultura y comercio. De hecho, Miami es tan importante que a veces se la llama \u00abLa Puerta de las Am\u00e9ricas\u00bb. En t\u00e9rminos de poder adquisitivo, Miami es tambi\u00e9n la ciudad m\u00e1s rica de EEUU y uno de los centros urbanos m\u00e1s limpios del pa\u00eds. Los habitantes de Miami disfrutan de calles limpias, muchos parques y zonas verdes, buena calidad del aire y agua potable. M\u00e1s popularmente, Miami es conocida por su acceso a las playas, su gastronom\u00eda y pr\u00f3spera vida nocturna, y su hermoso clima. La belleza natural de Miami tambi\u00e9n la convierte en una parada popular para los cruceros, por lo que Miami es uno de los principales puertos de pasajeros de cruceros del mundo.<\/p>\n<p>Por desgracia, las lesiones personales y los accidentes pueden ocurrir en cualquier parte, y Miami, como gran ciudad, ve su parte justa de accidentes de coche, accidentes de cami\u00f3n y lesiones personales graves en Florida. Si has sufrido lesiones personales en Miami, podr\u00edas tener que hacer frente a importantes facturas m\u00e9dicas, p\u00e9rdida de ingresos y otros gastos. Aunque el seguro puede cubrir algunos de estos costes, es posible que no puedas recuperar todos los gastos. Un abogado cualificado especializado en lesiones personales de Miami puede ayudarte a recuperar la mayor parte posible de los da\u00f1os sufridos. Un buen abogado de lesiones personales de Miami puede investigar tu accidente, encontrar a todas las partes responsables, negociar con tu compa\u00f1\u00eda de seguros e incluso presentar agresivamente tus reclamaciones legales ante los tribunales.<\/p>\n<p>Si necesitas un abogado calificado de lesiones personales en Miami, el Grupo Legal Flaxman se enorgullece de haber sido parte de la comunidad de Miami durante d\u00e9cadas. Hemos ayudado con \u00e9xito a miles de clientes de Miami y alrededores. Nuestro compasivo y experimentado equipo conoce las compa\u00f1\u00edas de seguros y la ley para ayudarte a ti tambi\u00e9n. Charles Flaxman, del Grupo Legal Flaxman, por ejemplo, trabaj\u00f3 durante diez a\u00f1os en el sector de los seguros, lo que le hace estar en una posici\u00f3n \u00fanica para negociar con las compa\u00f1\u00edas de seguros en tu nombre. Si necesitas un abogado de lesiones personales en Miami, contacta al Grupo Legal Flaxman para una consulta gratuita y sin compromiso.<\/p>\n<p>El Grupo Legal Flaxman es uno de los muchos negocios pr\u00f3speros ubicados en Miami. Nuestro bufete de Miami est\u00e1 situado en la Suite 400 del 6303 de Blue Lagoon Drive, en Miami. Puedes ponerte en contacto con nuestra oficina de Miami llamando al (305) 621-0099. Si no puedes acudir a nuestras oficinas debido a tu lesi\u00f3n o por otros motivos, nuestro equipo se reunir\u00e1 contigo en tu domicilio, habitaci\u00f3n de hospital o lugar de trabajo para tu consulta inicial. Llama hoy mismo para programar tu consulta legal gratuita con el Grupo Legal Flaxman.<\/p>\n<\/div>\n<div class=\"subpageslist\"><strong class=\"heading4 widget-title\"><a href=\"miami-accidente-de-coche.html\">Accidentes de tr\u00e1fico<\/a><\/strong> <strong class=\"heading4 widget-title\"><a href=\"accidente-camion miami.html\">Accidentes de cami\u00f3n<\/a><\/strong> <strong class=\"heading4 widget-title\"><a href=\"accidente-motocicleta-miami.html\">Accidentes de moto<\/a><\/strong> <strong class=\"heading4 widget-title\"><a href=\"resbal\u00f3n y ca\u00edda en miami.html\">Accidentes por resbalones y ca\u00eddas<\/a><\/strong> <strong class=\"heading4 widget-title\"><a href=\"miami-muerte por negligencia.html\">Muerte por negligencia<\/a><\/strong> <strong class=\"heading4 widget-title\"><a href=\"miami-lesion-cabeza.html\">Lesi\u00f3n en la cabeza<\/a><\/strong> <strong class=\"heading4 widget-title\"><a href=\"miami-accidente-de-bicicleta.html\">Accidentes de bicicleta<\/a><\/strong> <strong class=\"heading4 widget-title\"><a href=\"miami-productos-responsabilidad.html\">Responsabilidad por productos defectuosos<\/a><\/strong> <strong class=\"heading4 widget-title\"><a href=\"accidente-autobus-miami.html\">Accidentes de autob\u00fas<\/a><\/strong> <strong class=\"heading4 widget-title\"><a href=\"miami-medical-malpractice.html\">Negligencia m\u00e9dica<\/a><\/strong> <strong class=\"heading4 widget-title\"><a href=\"abuso en residencias de ancianos en miami.html\">Abuso en residencias de ancianos<\/a><\/strong> <strong class=\"heading4 widget-title\"><a href=\"lesiones-trabajo-miami.html\">Lesiones laborales<\/a><\/strong> <strong class=\"heading4 widget-title\"><a href=\"miami-lesiones-infantiles.html\">Lesiones infantiles<\/a><\/strong> <strong class=\"heading4 widget-title\"><a href=\"miami-farmacia-negligencia.html\">Negligencia farmac\u00e9utica<\/a><\/strong> <strong class=\"heading4 widget-title\"><a href=\"miami-impacto lateral.html\">Impacto lateral<\/a><\/strong> <strong class=\"heading4 widget-title\"><a href=\"miami-ley-de-seguros.html\">Derecho de seguros<\/a><\/strong> <strong class=\"heading4 widget-title\"><a href=\"miami-atropellado-por-un-conductor-borracho.html\">Atropellado por un conductor ebrio<\/a><\/strong> <strong class=\"heading4 widget-title\"><a href=\"accidente con fuga en miami.html\">Accidentes con fuga<\/a><\/strong> <strong class=\"heading4 widget-title\"><a href=\"miami-amputaciones.html\">Amputaciones<\/a><\/strong> <strong class=\"heading4 widget-title\"><a href=\"miami-lesiones-de-parto.html\">Lesiones en el parto<\/a><\/strong> <strong class=\"heading4 widget-title\"><a href=\"miami-perro-muerde.html\">Mordeduras de perro<\/a><\/strong> <strong class=\"heading4 widget-title\"><a href=\"miami-fracaso-accidentes.html\">Accidentes por no ceder el paso<\/a><\/strong> <strong class=\"heading4 widget-title\"><a href=\"miami-accidente-de-motorista-sin-seguro.html\">Accidentes de motoristas con seguro insuficiente<\/a><\/strong> <strong class=\"heading4 widget-title\"><a href=\"miami-riesgos-viales.html\">Peligros de la carretera<\/a><\/strong> <strong class=\"heading4 widget-title\"><a href=\"miami-pobre-dise\u00f1o-de-caminos.html\">Mal dise\u00f1o de las carreteras<\/a><\/strong> <strong class=\"heading4 widget-title\"><a href=\"miami-choque frontal.html\">Colisi\u00f3n frontal<\/a><\/strong> <strong class=\"heading4 widget-title\"><a href=\"miami-fallo-mecanico.html\">Fallo mec\u00e1nico<\/a><\/strong> <strong class=\"heading4 widget-title\"><a href=\"accidentes en cadena en miami.html\">Accidentes en cadena<\/a><\/strong> <strong class=\"heading4 widget-title\"><a href=\"accidentes por vuelco en miami.html\">Accidentes por vuelco<\/a><\/strong> <strong class=\"heading4 widget-title\"><a href=\"miami-conduccion-distraida.html\">Conducci\u00f3n distra\u00edda<\/a><\/strong> <strong class=\"heading4 widget-title\"><a href=\"colisiones en miami.html\">Colisiones en Broadside<\/a><\/strong> <strong class=\"heading4 widget-title\"><a href=\"miami-accidentes de cambio de carril inseguro.html\">Accidentes por cambio de carril inseguro<\/a><\/strong> <strong class=\"heading4 widget-title\"><a href=\"miami-intersecci\u00f3n-accidentes.html\">Accidentes en intersecciones<\/a><\/strong> <strong class=\"heading4 widget-title\"><a href=\"miami-seguridad-pasajeros.html\">Seguridad de los pasajeros<\/a><\/strong> <strong class=\"heading4 widget-title\"><a href=\"miami-colisiones por giro a la izquierda.html\">Colisiones por giro a la izquierda<\/a><\/strong> <strong class=\"heading4 widget-title\"><a href=\"accidentes por alcance en miami.html\">Accidentes por alcance<\/a><\/strong> <strong class=\"heading4 widget-title\"><a href=\"miami-automovil-motocicleta.html\">Autom\u00f3vil y Motocicleta<\/a><\/strong> <strong class=\"heading4 widget-title\"><a href=\"miami-equipamiento-pesado-fracasos.html\">Aver\u00edas de maquinaria pesada<\/a><\/strong> <strong class=\"heading4 widget-title\"><a href=\"miami-drogas-peligrosas.html\">Drogas peligrosas<\/a><\/strong> <strong class=\"heading4 widget-title\"><a href=\"miami-abandono-fisico.html\">Negligencia f\u00edsica<\/a><\/strong> <strong class=\"heading4 widget-title\"><a href=\"miami-abandono-m\u00e9dico.html\">Negligencia m\u00e9dica<\/a><\/strong> <strong class=\"heading4 widget-title\"><a href=\"miami-supervisi\u00f3n-inadecuada.html\">Supervisi\u00f3n inadecuada<\/a><\/strong> <strong class=\"heading4 widget-title\"><a href=\"miami-vivienda-asistida-negligencia.html\">Negligencia en residencias asistidas<\/a><\/strong> <strong class=\"heading4 widget-title\"><a href=\"miami-abuso-de-ancianos.html\">Abuso de ancianos<\/a><\/strong> <strong class=\"heading4 widget-title\"><a href=\"miami-abuso-fisico.html\">Maltrato f\u00edsico<\/a><\/strong> <strong class=\"heading4 widget-title\"><a href=\"miami-agresi\u00f3n-sexual.html\">Agresi\u00f3n sexual<\/a><\/strong> <strong class=\"heading4 widget-title\"><a href=\"lesiones cerebrales en miami.html\">Lesi\u00f3n cerebral<\/a><\/strong> <strong class=\"heading4 widget-title\"><a href=\"accidente-autob\u00fas-escolar-miami.html\">Accidentes de autob\u00fas escolar<\/a><\/strong> <strong class=\"heading4 widget-title\"><a href=\"miami-transporte-p\u00fablico-accidente.html\">Accidentes en el transporte p\u00fablico<\/a><\/strong> <strong class=\"heading4 widget-title\"><a href=\"miami-premises-liability.html\">Responsabilidad de los locales<\/a><\/strong> <strong class=\"heading4 widget-title\"><a href=\"miami-autobuses-privados.html\">Autobuses privados<\/a><\/strong> <strong class=\"heading4 widget-title\"><a href=\"miami-seguridad-inadecuada.html\">Seguridad inadecuada<\/a><\/strong> <strong class=\"heading4 widget-title\"><a href=\"miami-dwi-dui-accidentes-de-coche.html\">Accidentes de tr\u00e1fico por DWI\/DUI<\/a><\/strong> <strong class=\"heading4 widget-title\"><a href=\"residencia de ancianos en-miami-florida.html\">Abuso en residencias de ancianos y de ancianos<\/a><\/strong><\/div>\n<\/div>\n","protected":false},"excerpt":{"rendered":"<p>Sin honorarios a menos que ganemos. Llama al 866-352-9626 para una &#8230; <\/p>\n","protected":false},"author":3,"featured_media":0,"parent":0,"menu_order":0,"comment_status":"closed","ping_status":"closed","template":"template-practice-areas.php","meta":{"footnotes":""},"class_list":["post-22067","page","type-page","status-publish","hentry"],"featured_image_src":null,"featured_image_src_square":null,"_links":{"self":[{"href":"https:\/\/flaxmanlaw.com\/es\/wp-json\/wp\/v2\/pages\/22067","targetHints":{"allow":["GET"]}}],"collection":[{"href":"https:\/\/flaxmanlaw.com\/es\/wp-json\/wp\/v2\/pages"}],"about":[{"href":"https:\/\/flaxmanlaw.com\/es\/wp-json\/wp\/v2\/types\/page"}],"author":[{"embeddable":true,"href":"https:\/\/flaxmanlaw.com\/es\/wp-json\/wp\/v2\/users\/3"}],"replies":[{"embeddable":true,"href":"https:\/\/flaxmanlaw.com\/es\/wp-json\/wp\/v2\/comments?post=22067"}],"version-history":[{"count":0,"href":"https:\/\/flaxmanlaw.com\/es\/wp-json\/wp\/v2\/pages\/22067\/revisions"}],"wp:attachment":[{"href":"https:\/\/flaxmanlaw.com\/es\/wp-json\/wp\/v2\/media?parent=22067"}],"curies":[{"name":"wp","href":"https:\/\/api.w.org\/{rel}","templated":true}]}}