{"id":22070,"date":"2024-11-18T12:44:44","date_gmt":"2024-11-18T12:44:44","guid":{"rendered":"https:\/\/flaxmanlaw.wpenginepowered.com\/camiones-con-sobrepeso-sobrecarga-en-miami-abogados-de-accidentes-de-camion-en-el-condado-de-miami-dade\/"},"modified":"2024-11-18T12:44:44","modified_gmt":"2024-11-18T12:44:44","slug":"camiones-con-sobrepeso-sobrecarga-en-miami-abogados-de-accidentes-de-camion-en-el-condado-de-miami-dade","status":"publish","type":"page","link":"https:\/\/flaxmanlaw.com\/es\/camiones-con-sobrepeso-sobrecarga-en-miami-abogados-de-accidentes-de-camion-en-el-condado-de-miami-dade\/","title":{"rendered":"Camiones con sobrepeso \/ sobrecarga en Miami | Abogados de accidentes de cami\u00f3n en el condado de Miami-Dade"},"content":{"rendered":"<div class=\"bodytext\">\n<h2>Camiones con sobrepeso \/ sobrecarga en Miami<\/h1><\/h2>\n<div class=\"description\">\n<p>Los transportistas y conductores de camiones son responsables de asegurarse de que cumplen los l\u00edmites de peso de los camiones establecidos por los organismos federales. Cuando los camioneros y los propietarios de camiones infringen los l\u00edmites de peso y los reglamentos, todos los que comparten las carreteras con el cami\u00f3n sobrecargado o con sobrepeso en Miami o en tu comunidad corren peligro. <\/p>\n<p>Desafortunadamente, los accidentes de cami\u00f3n causados por camiones con sobrepeso y sobrecargados provocan demasiadas lesiones y accidentes cada a\u00f1o, y este tipo de colisiones son totalmente prevenibles. Si usted ha resultado lesionado debido a un imprudente conductor de cami\u00f3n o a un transportista negligente, no dude en contactar al Grupo Legal Flaxman al 866-352-9626 para revisar sus opciones legales y sus derechos. Adem\u00e1s de una demanda al seguro, usted puede tener una demanda legal u otras opciones para buscar una compensaci\u00f3n, de modo que pueda proteger financieramente a su familia y a usted mismo despu\u00e9s de sus p\u00e9rdidas.  <\/p>\n<p><strong class=\"heading4\">Los camiones sobrecargados y con sobrepeso provocan graves riesgos<\/strong><\/p>\n<p>Los remolques de tractores, los grandes camiones y otros camiones comerciales ya son tan grandes que puede parecer que no hay mucha diferencia si se les coloca un poco de peso adicional. Sin embargo, los camiones que superan los l\u00edmites de peso de la carga son extremadamente peligrosos y pueden provocar una serie de situaciones peligrosas en la carretera, entre ellas: <\/p>\n<ul>\n<li>Vuelcos en Miami<\/li>\n<li>Da\u00f1os a camiones y puentes<\/li>\n<li>Puentes derrumbados<\/li>\n<li>Aver\u00eda de frenos<\/li>\n<li>Reventones de neum\u00e1ticos<\/li>\n<li>Colisiones de coches<\/li>\n<li>Accidentes de tr\u00e1fico<\/li>\n<li>Colisiones frontales<\/li>\n<\/ul>\n<p><strong class=\"heading4\">Recuperaci\u00f3n tras un grave accidente de cami\u00f3n<\/strong><\/p>\n<p>Una colisi\u00f3n grave con un cami\u00f3n puede dejarte dolorido e imposibilitar tu reincorporaci\u00f3n al trabajo. Al mismo tiempo, puede dejarte con importantes facturas de reparaci\u00f3n y gastos m\u00e9dicos. Si no puedes trabajar tras la colisi\u00f3n, tendr\u00e1s que reponer los ingresos perdidos y puedes enfrentarte a gastos considerables debido al coste del tratamiento en el sur de Florida. Habla con un abogado de lesiones personales antes de aceptar dinero del seguro en tu caso o antes de tomar cualquier decisi\u00f3n sobre tu situaci\u00f3n.   <\/p>\n<p>La realidad es que un accidente de tr\u00e1fico grave puede dejarte con problemas m\u00e9dicos, pero tambi\u00e9n puede causarte dificultades econ\u00f3micas. Para recuperarte tras tu colisi\u00f3n, querr\u00e1s abordar ambas cuestiones. Si has resultado herido, ponte en contacto con un abogado de lesiones personales de tu comunidad. Un abogado con experiencia puede negociar con las compa\u00f1\u00edas de seguros, ayudarte a encontrar recursos locales y a comprender cu\u00e1nto pueden costar tus lesiones. Toda esta informaci\u00f3n puede ayudarte a tomar la decisi\u00f3n correcta sobre tu situaci\u00f3n y tus lesiones.    <\/p>\n<p>Los abogados del <a href=\"index.html\">Grupo Legal<\/a> Flaxman comprenden las formas en que los camiones sobrecargados o los problemas de carga pueden contribuir a accidentes de cami\u00f3n que pueden provocar lesiones y muertes. Los abogados del Grupo Legal Flaxman trabajan para asegurarse de que los responsables de los accidentes de cami\u00f3n rindan cuentas por su imprudencia y negligencia. Si usted ha resultado lesionado debido a un accidente de cami\u00f3n o de tr\u00e1fico, a nuestra firma de servicios integrales le gustar\u00eda ayudarle ofreci\u00e9ndole una consulta gratuita y sin compromiso de su caso. <a href=\"contacta con nosotros.html\">Contacte<\/a> hoy mismo al Grupo Legal Flaxman al 866-352-9626 para programar su cita gratuita.  <\/p>\n<\/p><\/div>\n<\/p><\/div>\n","protected":false},"excerpt":{"rendered":"<p>Sin honorarios a menos que ganemos. Llama al 866-352-9626 para una &#8230; <\/p>\n","protected":false},"author":3,"featured_media":0,"parent":0,"menu_order":0,"comment_status":"closed","ping_status":"closed","template":"template-practice-areas.php","meta":{"footnotes":""},"class_list":["post-22070","page","type-page","status-publish","hentry"],"featured_image_src":null,"featured_image_src_square":null,"_links":{"self":[{"href":"https:\/\/flaxmanlaw.com\/es\/wp-json\/wp\/v2\/pages\/22070","targetHints":{"allow":["GET"]}}],"collection":[{"href":"https:\/\/flaxmanlaw.com\/es\/wp-json\/wp\/v2\/pages"}],"about":[{"href":"https:\/\/flaxmanlaw.com\/es\/wp-json\/wp\/v2\/types\/page"}],"author":[{"embeddable":true,"href":"https:\/\/flaxmanlaw.com\/es\/wp-json\/wp\/v2\/users\/3"}],"replies":[{"embeddable":true,"href":"https:\/\/flaxmanlaw.com\/es\/wp-json\/wp\/v2\/comments?post=22070"}],"version-history":[{"count":0,"href":"https:\/\/flaxmanlaw.com\/es\/wp-json\/wp\/v2\/pages\/22070\/revisions"}],"wp:attachment":[{"href":"https:\/\/flaxmanlaw.com\/es\/wp-json\/wp\/v2\/media?parent=22070"}],"curies":[{"name":"wp","href":"https:\/\/api.w.org\/{rel}","templated":true}]}}