{"id":22071,"date":"2024-11-18T12:44:46","date_gmt":"2024-11-18T12:44:46","guid":{"rendered":"https:\/\/flaxmanlaw.wpenginepowered.com\/muerte-por-negligencia-en-miami-springs-abogados-de-lesiones-personales-en-el-condado-de-miami-dade\/"},"modified":"2024-11-18T12:44:46","modified_gmt":"2024-11-18T12:44:46","slug":"muerte-por-negligencia-en-miami-springs-abogados-de-lesiones-personales-en-el-condado-de-miami-dade","status":"publish","type":"page","link":"https:\/\/flaxmanlaw.com\/es\/muerte-por-negligencia-en-miami-springs-abogados-de-lesiones-personales-en-el-condado-de-miami-dade\/","title":{"rendered":"Muerte por negligencia en Miami Springs | Abogados de lesiones personales en el condado de Miami-Dade"},"content":{"rendered":"<div class=\"bodytext\">\n<h2>Muerte por negligencia en Miami Springs<\/h1><\/h2>\n<div class=\"description\">\n<p>Miami Springs, Florida, ha recibido el sobrenombre de Ciudad de los \u00c1rboles, EE.UU., por las numerosas calles arboladas y espacios verdes de la comunidad. El lema de la ciudad es \u00abEn el coraz\u00f3n de todo\u00bb y, efectivamente, Miami Springs est\u00e1 cerca del centro del condado de Miami Dade. Ciudad suburbana, Miami Springs fue fundada en la d\u00e9cada de 1920 por James Bright y por Glenn Hammond Curtiss, al que se ha llamado \u00abEl Padre de la Aviaci\u00f3n Naval\u00bb. Originalmente llamada Country Club Estates, Miami Springs fue una de las varias zonas que se desarrollaron durante el boom inmobiliario de Florida en la d\u00e9cada de 1920. La ciudad era una comunidad planificada, dise\u00f1ada en torno a un estilo Pueblo Revival. Como resultado, muchos de los edificios originales de Miami Springs tienen un dise\u00f1o de estilo Misi\u00f3n.     <\/p>\n<p>El <a href=\"index.html\">Grupo Legal Flaxman<\/a> se enorgullece de servir a las v\u00edctimas de lesiones personales en Miami Springs y \u00e1reas circunvecinas. Si usted ha resultado gravemente lesionado o ha perdido a un ser querido debido a la negligencia de alguien, <a href=\"contacta con nosotros.html\">contacte<\/a> de inmediato al Grupo Legal Flaxman para programar una consulta con un abogado experimentado. <\/p>\n<p>El Grupo Legal Flaxman no deja piedra sin mover cuando se trata de ayudar a una familia en duelo que ha perdido a un ser querido. El equipo legal del Grupo Legal Flaxman comprende lo devastador que es perder a un ser querido. Es por eso que todo el equipo legal trabaja tan duro para investigar las demandas, evaluar con precisi\u00f3n el valor de las demandas, y perseguir agresivamente las demandas a trav\u00e9s de las aseguradoras o a trav\u00e9s del sistema judicial. Trabajando con investigadores privados, testigos expertos y otros profesionales, el Grupo Legal Flaxman se esfuerza por ayudar a las v\u00edctimas a recuperarse. Desde un tel\u00e9fono atendido las 24 horas del d\u00eda, siete d\u00edas a la semana, hasta un personal jur\u00eddico comprensivo y compasivo que mantiene a los demandantes al tanto del estatus de su caso en cada paso del camino, el objetivo del Grupo Legal Flaxman es garantizar la tranquilidad de todas las v\u00edctimas de lesiones personales en Miami Springs.    <\/p>\n<p>Como bufete de servicios integrales, el Grupo Legal Flaxman es capaz de encargarse de cada paso del proceso legal, asegur\u00e1ndose de que no tengas que preocuparte de nada m\u00e1s que de cuidar de ti y de tu familia. Desde la consulta inicial hasta tu recuperaci\u00f3n final, el Grupo Legal Flaxman puede encargarse de las investigaciones, de la negociaci\u00f3n con la aseguradora, de la preparaci\u00f3n del juicio y de cualquier otro aspecto de tu caso. <\/p>\n<p>En muchos casos, las v\u00edctimas descubren que sus reclamaciones valen m\u00e1s de lo que creen. La ley de Florida permite a las v\u00edctimas de <a href=\"muerte por negligencia.html\">casos de homicidio culposo<\/a> en Miami Springs recuperar dinero por p\u00e9rdida de ingresos, gastos m\u00e9dicos finales, gastos funerarios, dolor y sufrimiento, p\u00e9rdida de compa\u00f1\u00eda y otros gastos. Estos pueden sumar una suma sustancial, especialmente si el ser querido fallecido era una fuente de ingresos. <a href=\"index.html\">El Grupo Legal Flaxman<\/a> puede darte una estimaci\u00f3n precisa de tus posibilidades de \u00e9xito, as\u00ed como una comprensi\u00f3n del valor de tu caso. De este modo, podr\u00e1s tomar decisiones sobre si seguir adelante con tu caso. Para averiguar m\u00e1s sobre los asuntos legales que impactan tu caso, <a href=\"contacta con nosotros.html\">contacta<\/a> hoy mismo al Grupo Legal Flaxman para programar tu consulta gratuita sobre accidentes.    <\/p>\n<\/p><\/div>\n<\/p><\/div>\n","protected":false},"excerpt":{"rendered":"<p>Sin honorarios a menos que ganemos. Llama al 866-352-9626 para una &#8230; <\/p>\n","protected":false},"author":3,"featured_media":0,"parent":0,"menu_order":0,"comment_status":"closed","ping_status":"closed","template":"template-practice-areas.php","meta":{"footnotes":""},"class_list":["post-22071","page","type-page","status-publish","hentry"],"featured_image_src":null,"featured_image_src_square":null,"_links":{"self":[{"href":"https:\/\/flaxmanlaw.com\/es\/wp-json\/wp\/v2\/pages\/22071","targetHints":{"allow":["GET"]}}],"collection":[{"href":"https:\/\/flaxmanlaw.com\/es\/wp-json\/wp\/v2\/pages"}],"about":[{"href":"https:\/\/flaxmanlaw.com\/es\/wp-json\/wp\/v2\/types\/page"}],"author":[{"embeddable":true,"href":"https:\/\/flaxmanlaw.com\/es\/wp-json\/wp\/v2\/users\/3"}],"replies":[{"embeddable":true,"href":"https:\/\/flaxmanlaw.com\/es\/wp-json\/wp\/v2\/comments?post=22071"}],"version-history":[{"count":0,"href":"https:\/\/flaxmanlaw.com\/es\/wp-json\/wp\/v2\/pages\/22071\/revisions"}],"wp:attachment":[{"href":"https:\/\/flaxmanlaw.com\/es\/wp-json\/wp\/v2\/media?parent=22071"}],"curies":[{"name":"wp","href":"https:\/\/api.w.org\/{rel}","templated":true}]}}