{"id":22072,"date":"2024-11-18T12:44:46","date_gmt":"2024-11-18T12:44:46","guid":{"rendered":"https:\/\/flaxmanlaw.wpenginepowered.com\/lesiones-laborales-miami-springs-abogados-de-indemnizacion-laboral-del-condado-de-miami-dade\/"},"modified":"2024-11-18T12:44:46","modified_gmt":"2024-11-18T12:44:46","slug":"lesiones-laborales-miami-springs-abogados-de-indemnizacion-laboral-del-condado-de-miami-dade","status":"publish","type":"page","link":"https:\/\/flaxmanlaw.com\/es\/lesiones-laborales-miami-springs-abogados-de-indemnizacion-laboral-del-condado-de-miami-dade\/","title":{"rendered":"Lesiones Laborales Miami Springs | Abogados de Indemnizaci\u00f3n Laboral del Condado de Miami-Dade"},"content":{"rendered":"<div class=\"bodytext\">\n<h2>Lesiones laborales en Miami Springs<\/h1><\/h2>\n<div class=\"description\">\n<p>Miami Springs se conoc\u00eda originalmente como Country Club Estates, tras ser fundada por Glenn Hammond Curtiss y James Bright durante el boom inmobiliario de Florida en la d\u00e9cada de 1920. Desde sus inicios, la comunidad tuvo estrechos v\u00ednculos con la historia de la aviaci\u00f3n. Hammond era conocido como el \u00abPadre de la Aviaci\u00f3n Naval\u00bb y el Aeropuerto Internacional de Miami (MIA) est\u00e1 cerca de la comunidad. Durante algunos a\u00f1os, las oficinas de algunas empresas de aviaci\u00f3n se ubicaron en Miami Springs, aunque dej\u00f3 de ser as\u00ed despu\u00e9s de 1991.   <\/p>\n<p>Si trabajas en Miami Springs o en sus alrededores, es probable que la seguridad en el lugar de trabajo sea una de tus principales preocupaciones. Cada a\u00f1o, trabajadores en Miami Springs resultan gravemente lesionados o incluso mueren en el lugar de trabajo. <a href=\"sobre nosotros.html\">El Grupo Legal Flaxman<\/a> representa a personas de todos los \u00e1mbitos de la vida. Si usted ha resultado lesionado en su lugar de trabajo o por su trabajo, merece una compensaci\u00f3n justa, sin importar d\u00f3nde trabaje y qui\u00e9n sea su patr\u00f3n. El Grupo Legal Flaxman comprende que usted trabaja duro por su dinero y su carrera, y si su patr\u00f3n ha fallado en proporcionarle un ambiente de trabajo seguro, usted merece una representaci\u00f3n de calidad que pueda ayudarle a obtener una compensaci\u00f3n justa por sus lesiones.   <\/p>\n<p><strong class=\"heading4\">Qu\u00e9 puedes hacer si has sufrido un accidente laboral en Miami Springs o en el sur de Florida<\/strong><\/p>\n<p>Si has sufrido una lesi\u00f3n laboral, es importante obtener una indemnizaci\u00f3n justa por tus lesiones. La deuda m\u00e9dica es una de las principales causas de quiebra en EEUU, y los gastos m\u00e9dicos tras una lesi\u00f3n laboral pueden ser devastadores. Los accidentes en obras de construcci\u00f3n en Miami Springs y otras comunidades, por ejemplo, suelen provocar lesiones permanentes, como lesiones medulares, lesiones craneales y otras lesiones graves y muy costosas. La indemnizaci\u00f3n por accidente laboral en Miami Springs y Florida no siempre paga los cuidados a largo plazo ni los cuidados adicionales, como rehabilitaci\u00f3n, asesoramiento y otras necesidades m\u00e9dicas. Perseguir la indemnizaci\u00f3n de todas las partes responsables puede aumentar tus probabilidades de obtener una indemnizaci\u00f3n justa por tus lesiones.    <\/p>\n<p><strong class=\"heading4\">\u00bfEst\u00e1s buscando una indemnizaci\u00f3n por accidente laboral o una demanda por lesiones personales en Miami Springs o alrededores?<\/strong><\/p>\n<p>Las reclamaciones de indemnizaci\u00f3n por accidente laboral en Florida pueden ser frustrantes para los trabajadores lesionados. Dado que el fraude al seguro es una de las principales preocupaciones, especialmente en Florida, en algunos casos las personas que se han lesionado leg\u00edtimamente en el trabajo se encuentran con m\u00faltiples preguntas y retrasos a la hora de recibir su indemnizaci\u00f3n. Esto puede dificultar mucho el pago de la atenci\u00f3n m\u00e9dica oportuna y la reposici\u00f3n de los ingresos perdidos, as\u00ed como los dem\u00e1s gastos asociados a un accidente grave. Si tienes problemas para recibir las prestaciones que te deben, crees que te han indemnizado insuficientemente por tus lesiones o tienes otras dificultades tras sufrir una lesi\u00f3n en el trabajo, te conviene <a href=\"contacta con nosotros.html\">ponerte en contacto con<\/a> un abogado de lesiones personales de Miami Springs o de tu comunidad para obtener asesoramiento y ayuda legales.   <\/p>\n<p>El equipo jur\u00eddico del Grupo Legal Flaxman tiene experiencia en casos relacionados con lesiones laborales. Charles Flaxman, del Grupo Legal Flaxman, por ejemplo, trabaj\u00f3 durante m\u00e1s de diez a\u00f1os en la industria de los seguros antes de dedicar su vida a ayudar a las v\u00edctimas de lesiones personales. No s\u00f3lo ha trabajado de primera mano con v\u00edctimas de lesiones laborales y les ha ayudado a conseguir una indemnizaci\u00f3n, sino que su amplia experiencia en el sector de los seguros garantiza que sabe c\u00f3mo negociar con las aseguradoras y con otras personas del sector para conseguir una indemnizaci\u00f3n justa a favor de las v\u00edctimas. Para averiguar m\u00e1s sobre lo que el Grupo Legal Flaxman puede hacer por usted, contacte hoy mismo a la firma para una consulta gratuita sobre accidentes.   <\/p>\n<\/p><\/div>\n<\/p><\/div>\n","protected":false},"excerpt":{"rendered":"<p>Sin honorarios a menos que ganemos. Llama al 866-352-9626 para una &#8230; <\/p>\n","protected":false},"author":3,"featured_media":0,"parent":0,"menu_order":0,"comment_status":"closed","ping_status":"closed","template":"template-practice-areas.php","meta":{"footnotes":""},"class_list":["post-22072","page","type-page","status-publish","hentry"],"featured_image_src":null,"featured_image_src_square":null,"_links":{"self":[{"href":"https:\/\/flaxmanlaw.com\/es\/wp-json\/wp\/v2\/pages\/22072","targetHints":{"allow":["GET"]}}],"collection":[{"href":"https:\/\/flaxmanlaw.com\/es\/wp-json\/wp\/v2\/pages"}],"about":[{"href":"https:\/\/flaxmanlaw.com\/es\/wp-json\/wp\/v2\/types\/page"}],"author":[{"embeddable":true,"href":"https:\/\/flaxmanlaw.com\/es\/wp-json\/wp\/v2\/users\/3"}],"replies":[{"embeddable":true,"href":"https:\/\/flaxmanlaw.com\/es\/wp-json\/wp\/v2\/comments?post=22072"}],"version-history":[{"count":0,"href":"https:\/\/flaxmanlaw.com\/es\/wp-json\/wp\/v2\/pages\/22072\/revisions"}],"wp:attachment":[{"href":"https:\/\/flaxmanlaw.com\/es\/wp-json\/wp\/v2\/media?parent=22072"}],"curies":[{"name":"wp","href":"https:\/\/api.w.org\/{rel}","templated":true}]}}