{"id":22073,"date":"2024-11-18T12:44:46","date_gmt":"2024-11-18T12:44:46","guid":{"rendered":"https:\/\/flaxmanlaw.wpenginepowered.com\/accidente-de-motorista-con-seguro-insuficiente-en-miami-abogados-de-accidentes-de-coche-en-el-condado-de-miami-dade\/"},"modified":"2024-11-18T12:44:46","modified_gmt":"2024-11-18T12:44:46","slug":"accidente-de-motorista-con-seguro-insuficiente-en-miami-abogados-de-accidentes-de-coche-en-el-condado-de-miami-dade","status":"publish","type":"page","link":"https:\/\/flaxmanlaw.com\/es\/accidente-de-motorista-con-seguro-insuficiente-en-miami-abogados-de-accidentes-de-coche-en-el-condado-de-miami-dade\/","title":{"rendered":"Accidente de motorista con seguro insuficiente en Miami | Abogados de accidentes de coche en el condado de Miami-Dade"},"content":{"rendered":"<div class=\"bodytext\">\n<h2>Accidente de motorista con seguro insuficiente en Miami<\/h1><\/h2>\n<div class=\"description\">\n<p>Cualquier accidente de tr\u00e1fico en Miami o Florida puede ser devastador, pero una colisi\u00f3n en la que est\u00e9n implicados conductores con seguro insuficiente o sin seguro puede hacer que las secuelas y el proceso de seguro de un accidente sean a\u00fan m\u00e1s dif\u00edciles y supongan un reto legal para la v\u00edctima lesionada. Tras el accidente, puede ser m\u00e1s dif\u00edcil para una persona lesionada obtener una indemnizaci\u00f3n justa por sus facturas m\u00e9dicas. Una persona lesionada puede enfrentarse al dolor y el sufrimiento, as\u00ed como a un costoso tratamiento m\u00e9dico tras su accidente, s\u00f3lo para descubrir que le resulta dif\u00edcil conseguir prestaciones y dinero del seguro que puedan pagar estos gastos.  <\/p>\n<p>Si usted ha resultado lesionado y descubre que el conductor culpable no ten\u00eda seguro o ten\u00eda un seguro insuficiente, siempre puede contactar al Grupo Legal Flaxman para recibir asesor\u00eda legal gratuita y sin compromiso. Nuestro personal estar\u00e1 encantado de reunirse con usted para hablar sobre su situaci\u00f3n. En una consulta gratuita y sin compromiso, estaremos encantados de responder a tus preguntas y abordar tus preocupaciones.  <\/p>\n<p><strong class=\"heading4\">\u00bfQu\u00e9 leyes te protegen en una disputa sobre seguros en Miami o Florida tras un accidente de tr\u00e1fico?<\/strong><\/p>\n<p>Si has sufrido lesiones en un accidente de motorista con seguro insuficiente o en un accidente de tr\u00e1fico en el que el seguro sea un problema, la ley de Florida te protege. Por ejemplo, la ley de mala fe de Florida protege a los consumidores frente a las compa\u00f1\u00edas de seguros que no quieren pagar las prestaciones. Por ejemplo, si una compa\u00f1\u00eda de seguros no resuelve adecuadamente una reclamaci\u00f3n a tiempo o rechaza una reclamaci\u00f3n leg\u00edtima, la ley garantiza que la compa\u00f1\u00eda puede verse obligada a pagar la totalidad de los da\u00f1os. Esto es as\u00ed aunque los da\u00f1os sean superiores a los l\u00edmites del seguro en la p\u00f3liza.   <\/p>\n<p><strong class=\"heading4\">\u00bfPor qu\u00e9 se producen accidentes de motoristas con seguro insuficiente?<\/strong><\/p>\n<p>Por supuesto, cualquier accidente de tr\u00e1fico puede producirse por varias razones, como:<\/p>\n<ul>\n<li>Conducci\u00f3n distra\u00edda<\/li>\n<li>Conducci\u00f3n bajo los efectos del alcohol<\/li>\n<li>Error del conductor<\/li>\n<li>Fallo mec\u00e1nico<\/li>\n<li>Mal dise\u00f1o de las carreteras<\/li>\n<\/ul>\n<p>Independientemente de lo que haya causado una colisi\u00f3n de tr\u00e1fico, en un accidente esperas que la compa\u00f1\u00eda de seguros del conductor culpable pague tus facturas m\u00e9dicas y otros gastos. Sin embargo, puede ser desalentador descubrir que un conductor no tiene seguro o tiene un seguro insuficiente. Hay varias razones por las que un conductor puede no tener seguro o tenerlo insuficiente:  <\/p>\n<ul>\n<li>Pueden estar en paro<\/li>\n<li>Puede que no puedan permitirse un mayor nivel de cobertura<\/li>\n<li>Pueden tener dificultades para acceder a una cobertura de buena calidad<\/li>\n<li>Puede que no hayan le\u00eddo la letra peque\u00f1a de su p\u00f3liza de seguro y hayan hecho algo que les inhabilite para la cobertura<\/li>\n<li>Pueden haber incumplido algunos pagos de sus primas y, como consecuencia, no estar totalmente cubiertos<\/li>\n<\/ul>\n<p>Los abogados del Grupo Legal Flaxman representan a sobrevivientes de accidentes de tr\u00e1fico y a demandantes por lesiones personales en todo Florida del Sur. Nuestro bufete de servicios integrales trabaja con expertos en reconstrucci\u00f3n de accidentes, peritos y otros profesionales. En un caso que involucre accidentes de automovilistas sin seguro o con seguro insuficiente, Charles Flaxman del Grupo Legal Flaxman puede ser un poderoso recurso. Antes de fundar el Grupo Legal Flaxman, Charles Flaxman trabaj\u00f3 durante 10 a\u00f1os en la industria aseguradora, y su experiencia significa que entiende las pol\u00edticas y leyes que las aseguradoras utilizan para subvaluar las demandas o negarlas. Si desea que los abogados del Grupo Legal Flaxman trabajen en su caso, <a href=\"contacta con nosotros.html\">contacte hoy mismo a la firma<\/a> para una evaluaci\u00f3n gratuita y sin compromiso de su caso.    <\/p>\n<\/p><\/div>\n<\/p><\/div>\n","protected":false},"excerpt":{"rendered":"<p>Sin honorarios a menos que ganemos. Llama al 866-352-9626 para una &#8230; <\/p>\n","protected":false},"author":3,"featured_media":0,"parent":0,"menu_order":0,"comment_status":"closed","ping_status":"closed","template":"template-practice-areas.php","meta":{"footnotes":""},"class_list":["post-22073","page","type-page","status-publish","hentry"],"featured_image_src":null,"featured_image_src_square":null,"_links":{"self":[{"href":"https:\/\/flaxmanlaw.com\/es\/wp-json\/wp\/v2\/pages\/22073","targetHints":{"allow":["GET"]}}],"collection":[{"href":"https:\/\/flaxmanlaw.com\/es\/wp-json\/wp\/v2\/pages"}],"about":[{"href":"https:\/\/flaxmanlaw.com\/es\/wp-json\/wp\/v2\/types\/page"}],"author":[{"embeddable":true,"href":"https:\/\/flaxmanlaw.com\/es\/wp-json\/wp\/v2\/users\/3"}],"replies":[{"embeddable":true,"href":"https:\/\/flaxmanlaw.com\/es\/wp-json\/wp\/v2\/comments?post=22073"}],"version-history":[{"count":0,"href":"https:\/\/flaxmanlaw.com\/es\/wp-json\/wp\/v2\/pages\/22073\/revisions"}],"wp:attachment":[{"href":"https:\/\/flaxmanlaw.com\/es\/wp-json\/wp\/v2\/media?parent=22073"}],"curies":[{"name":"wp","href":"https:\/\/api.w.org\/{rel}","templated":true}]}}