{"id":22074,"date":"2024-11-18T12:44:46","date_gmt":"2024-11-18T12:44:46","guid":{"rendered":"https:\/\/flaxmanlaw.wpenginepowered.com\/fatiga-del-conductor-de-camion-en-miami-abogados-de-accidentes-de-camion-en-el-condado-de-miami-dade\/"},"modified":"2024-11-18T12:44:46","modified_gmt":"2024-11-18T12:44:46","slug":"fatiga-del-conductor-de-camion-en-miami-abogados-de-accidentes-de-camion-en-el-condado-de-miami-dade","status":"publish","type":"page","link":"https:\/\/flaxmanlaw.com\/es\/fatiga-del-conductor-de-camion-en-miami-abogados-de-accidentes-de-camion-en-el-condado-de-miami-dade\/","title":{"rendered":"Fatiga del conductor de cami\u00f3n en Miami | Abogados de accidentes de cami\u00f3n en el condado de Miami-Dade"},"content":{"rendered":"<div class=\"bodytext\">\n<h2>Fatiga de los conductores de camiones en Miami<\/h1><\/h2>\n<div class=\"description\">\n<p>Las normas federales exigen que los conductores de camiones comerciales obedezcan las normas sobre Horas de Servicio. Estas normas exigen que los conductores de camiones comerciales de Miami y de todo el pa\u00eds no conduzcan m\u00e1s de 11 horas por cada jornada de 14 horas y que descansen 10 horas antes de volver a conducir. La ley tambi\u00e9n exige que los conductores de camiones no conduzcan m\u00e1s de 60-77 horas en una semana de siete d\u00edas. Los conductores deben hacer un descanso continuo de dos d\u00edas y medio antes de empezar una nueva semana. Seg\u00fan las normas federales, los camioneros tambi\u00e9n deben llevar un registro de las horas conducidas y de las pausas y descansos que hayan hecho. Estas normas est\u00e1n pensadas para evitar accidentes de coche y cami\u00f3n en Miami y en todo el pa\u00eds, pero por desgracia algunos camioneros infringen las normas y esta imprudencia provoca colisiones de tr\u00e1fico.     <\/p>\n<p>Estar involucrado en un choque con un cami\u00f3n de gran tonelaje o con un tractocami\u00f3n es una experiencia devastadora &#8211; una que puede dejarte cicatrices y lesiones para toda la vida. Si usted ha resultado lesionado en un accidente automovil\u00edstico o de cami\u00f3n en Miami o en cualquier \u00e1rea circundante, no dude en contactar al Grupo Legal Flaxman al 866-352-9626 para una consulta gratuita sobre accidentes y obtener asesor\u00eda legal de un abogado sobre su situaci\u00f3n espec\u00edfica. <\/p>\n<p><strong class=\"heading4\">\u00bfPor qu\u00e9 se infringen las normas sobre horas de servicio?<\/strong><\/p>\n<p>Por desgracia, los camioneros y los transportistas a veces tienen un incentivo econ\u00f3mico para reducir el n\u00famero de horas de descanso que toman los camioneros. Cuanto m\u00e1s tiempo est\u00e9 un camionero al volante y en la carretera, m\u00e1s dinero ganar\u00e1. Para los transportistas, tener a un camionero en la carretera durante m\u00e1s tiempo cuesta menos que tener a varios camioneros en la carretera.  <\/p>\n<p>Sin embargo, no hay excusa para permitir que un camionero peligrosamente cansado se ponga al volante. Tanto los transportistas como los camioneros tienen la responsabilidad de garantizar la seguridad de los camiones cuando comparten la carretera con coches y otros veh\u00edculos. <\/p>\n<p><strong class=\"heading4\">Los conductores de camiones fatigados provocan accidentes de tr\u00e1fico<\/strong><\/p>\n<p>Es muy sencillo: los camioneros cansados son camioneros muy peligrosos. Los camioneros cansados pueden cometer errores evitables que provoquen una colisi\u00f3n, o incluso pueden dormirse al volante del veh\u00edculo y perder el control del cami\u00f3n. Cada a\u00f1o mueren o resultan gravemente heridas personas porque un camionero tom\u00f3 malas decisiones o conduc\u00eda cuando no estaba capacitado para hacerlo.  <\/p>\n<p>\u00bfTe has visto implicado en un accidente de cami\u00f3n o de coche en Miami u otra comunidad de Florida? En muchos casos, es dif\u00edcil saber si la fatiga influy\u00f3 o no. \u00c9sta es una de las razones por las que es tan importante consultar a un abogado de lesiones personales. Un abogado de lesiones personales en Miami o en tu ciudad puede revisar los pormenores de tu caso e investigar el accidente con imparcialidad. Si la fatiga u otros signos de imprudencia desempe\u00f1aron un papel en tu accidente, puedes tener derecho a una indemnizaci\u00f3n que te ayude a pagar los gastos m\u00e9dicos, los salarios perdidos y otros da\u00f1os relacionados con tus lesiones.    <\/p>\n<p>Si has resultado lesionado por un accidente de cami\u00f3n y crees que el conductor del cami\u00f3n estaba fatigado o se qued\u00f3 dormido al volante, contacta con el Grupo Legal Flaxman para hablar de tu situaci\u00f3n con un abogado de lesiones personales en una consulta sin coste.<\/p>\n<\/p><\/div>\n<\/p><\/div>\n","protected":false},"excerpt":{"rendered":"<p>Sin honorarios a menos que ganemos. Llama al 866-352-9626 para una &#8230; <\/p>\n","protected":false},"author":3,"featured_media":0,"parent":0,"menu_order":0,"comment_status":"closed","ping_status":"closed","template":"template-practice-areas.php","meta":{"footnotes":""},"class_list":["post-22074","page","type-page","status-publish","hentry"],"featured_image_src":null,"featured_image_src_square":null,"_links":{"self":[{"href":"https:\/\/flaxmanlaw.com\/es\/wp-json\/wp\/v2\/pages\/22074","targetHints":{"allow":["GET"]}}],"collection":[{"href":"https:\/\/flaxmanlaw.com\/es\/wp-json\/wp\/v2\/pages"}],"about":[{"href":"https:\/\/flaxmanlaw.com\/es\/wp-json\/wp\/v2\/types\/page"}],"author":[{"embeddable":true,"href":"https:\/\/flaxmanlaw.com\/es\/wp-json\/wp\/v2\/users\/3"}],"replies":[{"embeddable":true,"href":"https:\/\/flaxmanlaw.com\/es\/wp-json\/wp\/v2\/comments?post=22074"}],"version-history":[{"count":0,"href":"https:\/\/flaxmanlaw.com\/es\/wp-json\/wp\/v2\/pages\/22074\/revisions"}],"wp:attachment":[{"href":"https:\/\/flaxmanlaw.com\/es\/wp-json\/wp\/v2\/media?parent=22074"}],"curies":[{"name":"wp","href":"https:\/\/api.w.org\/{rel}","templated":true}]}}