{"id":22076,"date":"2024-11-18T12:44:46","date_gmt":"2024-11-18T12:44:46","guid":{"rendered":"https:\/\/flaxmanlaw.wpenginepowered.com\/accidentes-de-una-sola-moto-en-miami-springs-abogados-de-lesiones-de-motocicleta-del-condado-de-miami-dade\/"},"modified":"2024-11-18T12:44:46","modified_gmt":"2024-11-18T12:44:46","slug":"accidentes-de-una-sola-moto-en-miami-springs-abogados-de-lesiones-de-motocicleta-del-condado-de-miami-dade","status":"publish","type":"page","link":"https:\/\/flaxmanlaw.com\/es\/accidentes-de-una-sola-moto-en-miami-springs-abogados-de-lesiones-de-motocicleta-del-condado-de-miami-dade\/","title":{"rendered":"Accidentes de una sola moto en Miami Springs | Abogados de lesiones de motocicleta del condado de Miami-Dade"},"content":{"rendered":"<div class=\"bodytext\">\n<h2>Accidentes de una sola bicicleta en Miami Springs<\/h1><\/h2>\n<div class=\"description\">\n<p>Los motoristas menos experimentados tienen m\u00e1s probabilidades de verse implicados en un accidente, pero ning\u00fan motorista est\u00e1 exento de los peligros de los accidentes de moto, incluidas las colisiones de una sola moto en Miami Springs y Florida. Las colisiones de una sola motocicleta se producen debido a las malas condiciones de la carretera, los conductores culpables, la conducci\u00f3n distra\u00edda y otros muchos peligros. <\/p>\n<p>Si has resultado herido en este tipo de accidente, por supuesto que querr\u00e1s respuestas, as\u00ed como justicia e indemnizaci\u00f3n. Para saber si calificas para una demanda legal y para averiguar qu\u00e9 es posible con tu compa\u00f1\u00eda aseguradora, contacta al Grupo Legal Flaxman para una evaluaci\u00f3n gratuita de tu caso. Los abogados de nuestro bufete de servicios integrales tienen m\u00e1s de 60 a\u00f1os de experiencia combinada en juicios, as\u00ed como experiencia en compa\u00f1\u00edas aseguradoras y en negociaciones. Podemos darte una valoraci\u00f3n honesta y completa de tus opciones despu\u00e9s de una lesi\u00f3n grave.   <\/p>\n<p><strong class=\"heading4\">Maniobrabilidad y accidentes de una sola motocicleta<\/strong><\/p>\n<p>Hay muchas razones por las que se producen accidentes de tr\u00e1fico de una sola bicicleta en Miami Springs y en toda Florida. En algunos casos, la mala visibilidad o la escasa iluminaci\u00f3n pueden contribuir al accidente. En muchos casos, el dise\u00f1o de la carretera y su mal mantenimiento pueden hacer que una motocicleta choque sin control.  <\/p>\n<p>En algunos casos, sin embargo, la maniobrabilidad es la causa del accidente. De hecho, las motocicletas son m\u00e1s maniobrables que los veh\u00edculos de pasajeros. Esto se debe a que las motocicletas son m\u00e1s ligeras y peque\u00f1as, y van sobre dos ruedas en lugar de cuatro. Los motoristas tienen m\u00e1s opciones en la carretera en muchos casos, y aunque esto puede proporcionar una conducci\u00f3n muy divertida, tambi\u00e9n puede causar ciertos problemas. Por ejemplo, otros motoristas en la carretera pueden suponer que un motorista es m\u00e1s maniobrable y pueden suponer que un motorista puede apartarse para evitar una colisi\u00f3n.    <\/p>\n<p>En algunos casos, los fabricantes pueden instalar equipos de maniobrabilidad en una motocicleta que son defectuosos y pueden causar un fallo mec\u00e1nico. Si has sufrido lesiones en un accidente de motocicleta en el que has chocado con una sola moto, querr\u00e1s consultar a un abogado especializado en lesiones personales para explorar todas tus opciones y para poner en marcha una investigaci\u00f3n exhaustiva que te permita comprender qu\u00e9 ha causado tus lesiones y tu accidente. <\/p>\n<p><strong class=\"heading4\">Los accidentes de moto aislados pueden provocar lesiones graves<\/strong><\/p>\n<p>Por desgracia, los motoristas tienen pocas capas de protecci\u00f3n. En caso de choque con un veh\u00edculo m\u00e1s grande, como un turismo, un cami\u00f3n o un remolque, el motorista suele salir despedido del veh\u00edculo. Aunque la mayor\u00eda de nosotros pensamos que las lesiones graves son consecuencia de accidentes de moto en los que se ven implicados veh\u00edculos m\u00e1s grandes, sin embargo, los accidentes de una sola moto tambi\u00e9n pueden provocar lesiones devastadoras que ponen en peligro la vida y el abandono:  <\/p>\n<ul>\n<li>Par\u00e1lisis<\/li>\n<li>Amputaci\u00f3n<\/li>\n<li>Fracturas<\/li>\n<li>Desfiguraci\u00f3n y cicatrices<\/li>\n<li>Quemaduras<\/li>\n<li>Latigazo cervical<\/li>\n<li>Lesiones de tejidos blandos<\/li>\n<li>Lesiones internas<\/li>\n<li>Lesiones medulares<\/li>\n<li>Lesiones cerebrales<\/li>\n<\/ul>\n<p><a href=\"contacta con nosotros.html\">Contacta al Grupo Legal Flaxman<\/a> al 866-352-9626 para una consulta gratuita en persona o ll\u00e1manos para obtener asesor\u00eda telef\u00f3nica si necesitas ayuda inmediata. Podemos ayudarte a explorar tus opciones legales, podemos escuchar tu situaci\u00f3n, y podemos ayudarte con el seguro o con el proceso legal de tu caso. <\/p>\n<\/p><\/div>\n<\/p><\/div>\n","protected":false},"excerpt":{"rendered":"<p>Sin honorarios a menos que ganemos. Llama al 866-352-9626 para una &#8230; <\/p>\n","protected":false},"author":3,"featured_media":0,"parent":0,"menu_order":0,"comment_status":"closed","ping_status":"closed","template":"template-practice-areas.php","meta":{"footnotes":""},"class_list":["post-22076","page","type-page","status-publish","hentry"],"featured_image_src":null,"featured_image_src_square":null,"_links":{"self":[{"href":"https:\/\/flaxmanlaw.com\/es\/wp-json\/wp\/v2\/pages\/22076","targetHints":{"allow":["GET"]}}],"collection":[{"href":"https:\/\/flaxmanlaw.com\/es\/wp-json\/wp\/v2\/pages"}],"about":[{"href":"https:\/\/flaxmanlaw.com\/es\/wp-json\/wp\/v2\/types\/page"}],"author":[{"embeddable":true,"href":"https:\/\/flaxmanlaw.com\/es\/wp-json\/wp\/v2\/users\/3"}],"replies":[{"embeddable":true,"href":"https:\/\/flaxmanlaw.com\/es\/wp-json\/wp\/v2\/comments?post=22076"}],"version-history":[{"count":0,"href":"https:\/\/flaxmanlaw.com\/es\/wp-json\/wp\/v2\/pages\/22076\/revisions"}],"wp:attachment":[{"href":"https:\/\/flaxmanlaw.com\/es\/wp-json\/wp\/v2\/media?parent=22076"}],"curies":[{"name":"wp","href":"https:\/\/api.w.org\/{rel}","templated":true}]}}