{"id":22077,"date":"2024-11-18T12:44:46","date_gmt":"2024-11-18T12:44:46","guid":{"rendered":"https:\/\/flaxmanlaw.wpenginepowered.com\/accidente-de-motorista-con-seguro-insuficiente-en-miami-springs-abogados-de-accidentes-de-coche-en-el-condado-de-miami-dade\/"},"modified":"2024-11-18T12:44:46","modified_gmt":"2024-11-18T12:44:46","slug":"accidente-de-motorista-con-seguro-insuficiente-en-miami-springs-abogados-de-accidentes-de-coche-en-el-condado-de-miami-dade","status":"publish","type":"page","link":"https:\/\/flaxmanlaw.com\/es\/accidente-de-motorista-con-seguro-insuficiente-en-miami-springs-abogados-de-accidentes-de-coche-en-el-condado-de-miami-dade\/","title":{"rendered":"Accidente de motorista con seguro insuficiente en Miami Springs | Abogados de accidentes de coche en el condado de Miami-Dade"},"content":{"rendered":"<div class=\"bodytext\">\n<h2>Accidente de motorista con seguro insuficiente en Miami Springs<\/h1><\/h2>\n<div class=\"description\">\n<p>Hay muchos conductores sin seguro en las carreteras, pero incluso los que tienen seguro de coche pueden no tener cobertura suficiente para asistirte en caso de que sufras una colisi\u00f3n grave en Miami Lakes o en tu comunidad. Ten en cuenta que incluso las pruebas diagn\u00f3sticas en un hospital si has sufrido lesiones graves pueden acabar costando miles de d\u00f3lares. Si un automovilista tiene una protecci\u00f3n por lesiones personales que s\u00f3lo vale decenas de miles de d\u00f3lares, puede llegar al l\u00edmite de las prestaciones incluso antes de tener un diagn\u00f3stico completo de su estado y antes de empezar el tratamiento.  <\/p>\n<p>Si te ha lesionado un conductor que no tiene seguro de coche o tiene una cobertura inadecuada, tienes que tomar medidas inmediatamente para protegerte a ti y a tu futuro. Los gastos m\u00e9dicos inesperados son una de las principales causas de quiebra personal en Estados Unidos y no quieres tener que enfrentarte a la quiebra, el desahucio o una calificaci\u00f3n crediticia arruinada porque otro conductor no tom\u00f3 las medidas necesarias para asegurarse de que ten\u00eda la cobertura adecuada. Para averiguar si puedes buscar cobertura de seguro de tu propia p\u00f3liza o si hay otras opciones de compensaci\u00f3n abiertas para ti, contacta al Grupo Legal Flaxman para una evaluaci\u00f3n gratuita de tu caso.  <\/p>\n<p><strong class=\"heading4\">\u00bfHas tenido un accidente de tr\u00e1fico con un conductor sin seguro suficiente en Miami Lakes o en cualquier otro lugar de Florida?<\/strong><\/p>\n<p>Puede haber muchas situaciones en las que quieras hablar con un abogado sobre el seguro de conductor sin seguro o con seguro insuficiente:<\/p>\n<ul>\n<li>Has tenido un accidente con un conductor sin seguro<\/li>\n<li>Has tenido un accidente con fuga<\/li>\n<li>Has tenido un accidente con un conductor cuya p\u00f3liza no cubre el coste total de tus lesiones<\/li>\n<li>Tienes dificultades para tratar con la compa\u00f1\u00eda de seguros<\/li>\n<li>Crees que la compa\u00f1\u00eda de seguros puede estar infravalorando o rechazando tu reclamaci\u00f3n<\/li>\n<li>La compa\u00f1\u00eda de seguros tarda mucho en tramitar tu siniestro<\/li>\n<li>No est\u00e1s seguro de si la oferta de seguro que tienes es justa<\/li>\n<\/ul>\n<p>De hecho, siempre que sufras lesiones graves en un accidente de tr\u00e1fico, es buena idea hablar con un abogado experto en lesiones de Florida. Un abogado con experiencia puede ayudarte a determinar si una oferta es justa e incluso puede ayudarte con las muchas partes complicadas de presentar una reclamaci\u00f3n al seguro. En muchos casos, una compa\u00f1\u00eda de seguros puede intentar pagar de menos o denegar una reclamaci\u00f3n leg\u00edtima, y un abogado puede ayudar a evitar que esto ocurra. La realidad es que un accidente de tr\u00e1fico no es s\u00f3lo un suceso aterrador: tambi\u00e9n es una situaci\u00f3n jur\u00eddica importante que, en muchos casos, requiere la ayuda de un abogado de lesiones personales para garantizar la protecci\u00f3n de tus intereses.   <\/p>\n<p><strong class=\"heading4\">Habla hoy con un abogado de lesiones personales<\/strong><\/p>\n<p>Los abogados del Grupo Legal Flaxman instan a todos los conductores de Florida a comprar una cobertura de motorista sin seguro y con seguro insuficiente como parte de su p\u00f3liza de seguro de auto. Si alguna vez sufres un accidente automovil\u00edstico con alguien que no est\u00e1 adecuadamente asegurado o que no tiene seguro, esta p\u00f3liza puede ser un verdadero salvavidas. En estos casos, tus prestaciones cubrir\u00e1n el coste de tus lesiones m\u00e9dicas, as\u00ed como otros gastos que puedas tener que afrontar. Con lo elevados que son los gastos m\u00e9dicos en Florida, tener una cobertura adecuada es muy importante si sufres un accidente de tr\u00e1fico. Si te encuentras lesionado en un accidente de tr\u00e1fico y necesitas asesor\u00eda legal gratuita, no dudes en <a href=\"contacta con nosotros.html\">contactar al Grupo Legal Flaxman<\/a> al 866-352-9626 para una consulta confidencial, sin presiones y sin costo alguno.    <\/p>\n<\/p><\/div>\n<\/p><\/div>\n","protected":false},"excerpt":{"rendered":"<p>Sin honorarios a menos que ganemos. Llama al 866-352-9626 para una &#8230; <\/p>\n","protected":false},"author":3,"featured_media":0,"parent":0,"menu_order":0,"comment_status":"closed","ping_status":"closed","template":"template-practice-areas.php","meta":{"footnotes":""},"class_list":["post-22077","page","type-page","status-publish","hentry"],"featured_image_src":null,"featured_image_src_square":null,"_links":{"self":[{"href":"https:\/\/flaxmanlaw.com\/es\/wp-json\/wp\/v2\/pages\/22077","targetHints":{"allow":["GET"]}}],"collection":[{"href":"https:\/\/flaxmanlaw.com\/es\/wp-json\/wp\/v2\/pages"}],"about":[{"href":"https:\/\/flaxmanlaw.com\/es\/wp-json\/wp\/v2\/types\/page"}],"author":[{"embeddable":true,"href":"https:\/\/flaxmanlaw.com\/es\/wp-json\/wp\/v2\/users\/3"}],"replies":[{"embeddable":true,"href":"https:\/\/flaxmanlaw.com\/es\/wp-json\/wp\/v2\/comments?post=22077"}],"version-history":[{"count":0,"href":"https:\/\/flaxmanlaw.com\/es\/wp-json\/wp\/v2\/pages\/22077\/revisions"}],"wp:attachment":[{"href":"https:\/\/flaxmanlaw.com\/es\/wp-json\/wp\/v2\/media?parent=22077"}],"curies":[{"name":"wp","href":"https:\/\/api.w.org\/{rel}","templated":true}]}}