{"id":22079,"date":"2024-11-18T12:44:46","date_gmt":"2024-11-18T12:44:46","guid":{"rendered":"https:\/\/flaxmanlaw.wpenginepowered.com\/miami-springs-impacto-lateral-abogados-de-accidentes-de-coche-en-el-condado-de-miami-dade\/"},"modified":"2024-11-18T12:44:46","modified_gmt":"2024-11-18T12:44:46","slug":"miami-springs-impacto-lateral-abogados-de-accidentes-de-coche-en-el-condado-de-miami-dade","status":"publish","type":"page","link":"https:\/\/flaxmanlaw.com\/es\/miami-springs-impacto-lateral-abogados-de-accidentes-de-coche-en-el-condado-de-miami-dade\/","title":{"rendered":"Miami Springs Impacto lateral | Abogados de accidentes de coche en el condado de Miami-Dade"},"content":{"rendered":"<div class=\"bodytext\">\n<h2>Miami Springs Impacto lateral<\/h1><\/h2>\n<div class=\"description\">\n<p>Un accidente de tr\u00e1fico en Miami Springs puede cambiar tu vida en un instante, dej\u00e1ndote con facturas m\u00e9dicas, complicadas reclamaciones al seguro y, posiblemente, lesiones permanentes. Si te has lesionado, tienes que actuar con rapidez para evitar un desastre financiero posterior. <\/p>\n<p><strong class=\"heading4\">Es Importante Ponerse En Contacto Inmediatamente Con Un Abogado Tras Tu Accidente De Coche<\/strong><\/p>\n<p>En el equipo jur\u00eddico del Grupo Legal Flaxman, nuestros abogados ven con frecuencia el impacto de esperar demasiado para llamar a un abogado de lesiones personales. Mucha gente asume que el seguro del coche cubrir\u00e1 los costes y los gastos de su accidente de coche por alcance. Desgraciadamente, con el alto coste de la atenci\u00f3n m\u00e9dica y la complejidad de algunos tipos de lesiones, \u00e9ste no es necesariamente el caso.  <\/p>\n<p>Las compa\u00f1\u00edas de seguros de autom\u00f3vil suelen esforzarse por conseguir que una reclamaci\u00f3n se resuelva de forma r\u00e1pida y poco costosa. Aunque puede ser un gran alivio obtener dinero por tus lesiones de inmediato, ese alivio puede convertirse en frustraci\u00f3n y disgusto si te das cuenta de que tu dinero no cubre el coste total de tus lesiones y tienes que pagar miles de d\u00f3lares extra o incluso decenas de miles de d\u00f3lares extra en facturas. <\/p>\n<p><strong class=\"heading4\">No renuncies a tus derechos<\/strong><\/p>\n<p>Una vez que firmas los documentos del seguro y aceptas el dinero del seguro, puedes perder la capacidad de presentar algunas formas de reclamaciones legales. Esto significa que, aunque m\u00e1s adelante te des cuenta de que el dinero del seguro no cubre el coste total de tus lesiones en la cabeza, en la m\u00e9dula espinal o de otras lesiones graves, es posible que tengas poco o ning\u00fan recurso para reclamar dinero adicional. <\/p>\n<p>Esto lleva a menudo a una situaci\u00f3n tr\u00e1gica en la que alguien que ha resultado gravemente herido en un accidente tiene dificultades para llegar a fin de mes y siente una terrible angustia econ\u00f3mica. Buscar una indemnizaci\u00f3n justa es sencillamente lo m\u00e1s inteligente. Garantiza que dispongas de los recursos econ\u00f3micos que necesitas para recuperarte plenamente y procurarte la mejor atenci\u00f3n m\u00e9dica posible.  <\/p>\n<p>Una indemnizaci\u00f3n puede marcar la diferencia cuando te recuperas de un accidente de coche. Puede asegurarte medicamentos de mayor calidad, mejores pr\u00f3tesis si eres amputado, mejor tratamiento m\u00e9dico, etc. Tambi\u00e9n reduce la presi\u00f3n financiera para que no tengas que preocuparte por el dinero mientras t\u00fa y tu familia os centr\u00e1is en curaros.  <\/p>\n<p>Llamar a un abogado de lesiones personales r\u00e1pidamente despu\u00e9s de tu accidente de coche te asegura dar todos los pasos posibles para preservar tus derechos y obtener la indemnizaci\u00f3n m\u00e1s justa posible. Llamar enseguida a un abogado de lesiones personales en Miami Springs tambi\u00e9n garantiza que tu abogado pueda construir el caso m\u00e1s s\u00f3lido posible para ti. <\/p>\n<p>El Grupo Legal Flaxman comprende lo importante que es contactar a un abogado r\u00e1pidamente despu\u00e9s de un accidente. Por eso el <a href=\"contacta con nosotros.html\">Grupo Legal<\/a> Flaxman tiene un tel\u00e9fono atendido las 24 horas del d\u00eda, siete d\u00edas a la semana. Siempre puedes contactar a una persona en vivo y obtener asesor\u00eda legal inmediata cuando la necesites. Adem\u00e1s, el Grupo Legal Flaxman ofrece a sus clientes una consulta de caso gratuita y sin compromiso. Esto garantiza que obtengas asesor\u00eda legal r\u00e1pida y personalizada de inmediato si has sufrido lesiones, sin tener que preocuparte por el costo.    <\/p>\n<\/p><\/div>\n<\/p><\/div>\n","protected":false},"excerpt":{"rendered":"<p>Sin honorarios a menos que ganemos. Llama al 866-352-9626 para una &#8230; <\/p>\n","protected":false},"author":3,"featured_media":0,"parent":0,"menu_order":0,"comment_status":"closed","ping_status":"closed","template":"template-practice-areas.php","meta":{"footnotes":""},"class_list":["post-22079","page","type-page","status-publish","hentry"],"featured_image_src":null,"featured_image_src_square":null,"_links":{"self":[{"href":"https:\/\/flaxmanlaw.com\/es\/wp-json\/wp\/v2\/pages\/22079","targetHints":{"allow":["GET"]}}],"collection":[{"href":"https:\/\/flaxmanlaw.com\/es\/wp-json\/wp\/v2\/pages"}],"about":[{"href":"https:\/\/flaxmanlaw.com\/es\/wp-json\/wp\/v2\/types\/page"}],"author":[{"embeddable":true,"href":"https:\/\/flaxmanlaw.com\/es\/wp-json\/wp\/v2\/users\/3"}],"replies":[{"embeddable":true,"href":"https:\/\/flaxmanlaw.com\/es\/wp-json\/wp\/v2\/comments?post=22079"}],"version-history":[{"count":0,"href":"https:\/\/flaxmanlaw.com\/es\/wp-json\/wp\/v2\/pages\/22079\/revisions"}],"wp:attachment":[{"href":"https:\/\/flaxmanlaw.com\/es\/wp-json\/wp\/v2\/media?parent=22079"}],"curies":[{"name":"wp","href":"https:\/\/api.w.org\/{rel}","templated":true}]}}