{"id":22080,"date":"2024-11-18T12:44:46","date_gmt":"2024-11-18T12:44:46","guid":{"rendered":"https:\/\/flaxmanlaw.wpenginepowered.com\/accidente-de-camion-en-miami-springs-abogados-de-lesiones-de-camion-en-el-condado-de-miami-dade\/"},"modified":"2024-11-18T12:44:46","modified_gmt":"2024-11-18T12:44:46","slug":"accidente-de-camion-en-miami-springs-abogados-de-lesiones-de-camion-en-el-condado-de-miami-dade","status":"publish","type":"page","link":"https:\/\/flaxmanlaw.com\/es\/accidente-de-camion-en-miami-springs-abogados-de-lesiones-de-camion-en-el-condado-de-miami-dade\/","title":{"rendered":"Accidente de Cami\u00f3n en Miami Springs | Abogados de Lesiones de Cami\u00f3n en el Condado de Miami-Dade"},"content":{"rendered":"<div class=\"bodytext\">\n<h2>Accidente de Cami\u00f3n en Miami Springs<\/h1><\/h2>\n<div class=\"description\">\n<p>Miami Springs es un suburbio de Miami. Como muchas comunidades del sur de Florida, goza de una belleza natural y un clima c\u00e1lido. Como comunidad planificada, Miami Springs se ha dise\u00f1ado prestando especial atenci\u00f3n a la belleza, los espacios verdes y el dise\u00f1o. Con muchas escuelas estupendas y una econom\u00eda que incluye muchas empresas relacionadas con la industria de la aviaci\u00f3n, Miami Springs es un gran lugar para vivir y trabajar.   <\/p>\n<p>Como muchas comunidades pr\u00f3speras con negocios, en Miami Springs se producen <a href=\"accidentes-de-cami\u00f3n.html\">accidentes de cami\u00f3n<\/a> con bastante regularidad. Por desgracia para las v\u00edctimas de accidentes de cami\u00f3n, este tipo de accidentes de tr\u00e1fico en Miami Springs pueden ser devastadores. Los accidentes de cami\u00f3n en Miami Springs suelen provocar lesiones permanentes o mortales, y las v\u00edctimas que tienen la suerte de sobrevivir a una colisi\u00f3n suelen sufrir quemaduras, lesiones cerebrales, fracturas y otras lesiones graves.  <\/p>\n<p>Las compa\u00f1\u00edas de camiones trabajan con poderosas aseguradoras, por lo que es importante contar con un abogado cualificado en accidentes de cami\u00f3n en Miami Springs que trabaje en tu favor. La mayor\u00eda de las compa\u00f1\u00edas de seguros tienen equipos de abogados para asegurarse de que no tienen que pagar demasiado por cada reclamaci\u00f3n. De hecho, los expertos de la industria aseguradora han admitido que pagan la cantidad m\u00e1s baja posible en las reclamaciones de seguros, para asegurarse de que las compa\u00f1\u00edas obtienen beneficios. Por desgracia, una oferta baja de una compa\u00f1\u00eda de seguros puede no cubrir todos tus gastos m\u00e9dicos, p\u00e9rdida de ingresos y otros gastos tras un accidente de coche en Miami Springs. Todo lo que no cubra el seguro puede acabar siendo responsabilidad tuya, por eso es tan importante que hables con un abogado de lesiones personales de Miami Springs para asegurarte de que tus derechos y tu futuro est\u00e1n protegidos.    <\/p>\n<p>Charles Flaxman, del Grupo Legal Flaxman, trabaj\u00f3 durante diez a\u00f1os como ajustador de reclamaciones de seguros, por lo que tiene una experiencia \u00fanica tanto en leyes como en la industria de los seguros. Despu\u00e9s de graduarse de la escuela de leyes en el percentil m\u00e1s alto de su clase, se ha dedicado a ayudar a las v\u00edctimas del Sur de Florida a obtener la compensaci\u00f3n justa y la asistencia legal que necesitan para comenzar a reconstruir sus vidas. <\/p>\n<p><a href=\"index.html\">El Grupo Legal Flaxman<\/a> se complace en poder ofrecer a sus nuevos clientes una consulta gratuita y sin compromiso. Esta consulta gratuita sobre accidentes es una excelente oportunidad para que usted haga preguntas sobre su caso, averig\u00fce cu\u00e1nto puede valer su caso, y discuta sus opciones con un calificado abogado de Miami Springs. El Grupo Legal Flaxman absorbe todo el riesgo y el costo de esta consulta inicial, para que usted pueda obtener las respuestas que necesita antes de tomar cualquier decisi\u00f3n &#8211; o gastar dinero &#8211; en su caso.  <\/p>\n<p>Si te preocupan los costos legales despu\u00e9s de tu accidente de cami\u00f3n, contacta al Grupo Legal Flaxman. Tu consulta inicial es gratuita y el Grupo Legal Flaxman tambi\u00e9n trabaja en base a honorarios de contingencia, as\u00ed que no necesitas preocuparte por los costos legales por adelantado. Cuando <a href=\"contacta con nosotros.html\">contactas al Grupo Legal Flaxman<\/a>, siempre puedes hablar con un miembro del personal. El Grupo Legal Flaxman hace que sea f\u00e1cil para usted ponerse en contacto con un profesional legal atento y que le escuche despu\u00e9s de su accidente. Llame hoy mismo para programar su cita gratuita.    <\/p>\n<\/p><\/div>\n<div class=\"subpageslist\"> <strong class=\"heading4 widget-title\"><a href=\"miami-springs-cansancio-del-camionero.html\">Fatiga del camionero<\/a><\/strong> <strong class=\"heading4 widget-title\"><a href=\"miami-manantiales-puntos-ciegos.html\">Puntos ciegos<\/a><\/strong> <strong class=\"heading4 widget-title\"><a href=\"miami-springs-braking-failure.html\">Fallo de frenado<\/a><\/strong> <strong class=\"heading4 widget-title\"><a href=\"miami-manantiales-parar-distancia.html\">Distancia de frenado<\/a><\/strong> <strong class=\"heading4 widget-title\"><a href=\"miami-springs-bald-neumaticos-estallido-de-neumaticos.html\">Neum\u00e1ticos Calvos \/ Revent\u00f3n de Neum\u00e1ticos<\/a><\/strong> <strong class=\"heading4 widget-title\"><a href=\"miami-muelles-sobrepeso-sobrecarga-camiones.html\">Camiones con sobrepeso \/ sobrecarga<\/a><\/strong> <\/div>\n<\/p><\/div>\n","protected":false},"excerpt":{"rendered":"<p>Sin honorarios a menos que ganemos. Llama al 866-352-9626 para una &#8230; <\/p>\n","protected":false},"author":3,"featured_media":0,"parent":0,"menu_order":0,"comment_status":"closed","ping_status":"closed","template":"template-practice-areas.php","meta":{"footnotes":""},"class_list":["post-22080","page","type-page","status-publish","hentry"],"featured_image_src":null,"featured_image_src_square":null,"_links":{"self":[{"href":"https:\/\/flaxmanlaw.com\/es\/wp-json\/wp\/v2\/pages\/22080","targetHints":{"allow":["GET"]}}],"collection":[{"href":"https:\/\/flaxmanlaw.com\/es\/wp-json\/wp\/v2\/pages"}],"about":[{"href":"https:\/\/flaxmanlaw.com\/es\/wp-json\/wp\/v2\/types\/page"}],"author":[{"embeddable":true,"href":"https:\/\/flaxmanlaw.com\/es\/wp-json\/wp\/v2\/users\/3"}],"replies":[{"embeddable":true,"href":"https:\/\/flaxmanlaw.com\/es\/wp-json\/wp\/v2\/comments?post=22080"}],"version-history":[{"count":0,"href":"https:\/\/flaxmanlaw.com\/es\/wp-json\/wp\/v2\/pages\/22080\/revisions"}],"wp:attachment":[{"href":"https:\/\/flaxmanlaw.com\/es\/wp-json\/wp\/v2\/media?parent=22080"}],"curies":[{"name":"wp","href":"https:\/\/api.w.org\/{rel}","templated":true}]}}