{"id":22081,"date":"2024-11-18T12:44:46","date_gmt":"2024-11-18T12:44:46","guid":{"rendered":"https:\/\/flaxmanlaw.wpenginepowered.com\/agresion-sexual-en-miami-springs-abogados-de-lesiones-en-el-condado-de-miami-dade\/"},"modified":"2024-11-18T12:44:46","modified_gmt":"2024-11-18T12:44:46","slug":"agresion-sexual-en-miami-springs-abogados-de-lesiones-en-el-condado-de-miami-dade","status":"publish","type":"page","link":"https:\/\/flaxmanlaw.com\/es\/agresion-sexual-en-miami-springs-abogados-de-lesiones-en-el-condado-de-miami-dade\/","title":{"rendered":"Agresi\u00f3n sexual en Miami Springs | Abogados de lesiones en el condado de Miami-Dade"},"content":{"rendered":"<div class=\"bodytext\">\n<h2>Agresi\u00f3n sexual en Miami Springs<\/h1><\/h2>\n<div class=\"description\">\n<p>Las agresiones sexuales ocurren cada d\u00eda en Miami Springs y en todo el sur de Florida. Este tipo de delito puede consistir en violaci\u00f3n en una cita, agresi\u00f3n sexual, acoso o abuso sexual. A menudo hay intimidaci\u00f3n emocional y lesiones f\u00edsicas.  <\/p>\n<p>Hablar con un abogado de lesiones personales puede ayudarte a obtener una visi\u00f3n completa y la asesor\u00eda legal que puedas necesitar para sobrevivir a tus lesiones. Si usted ha sobrevivido a una agresi\u00f3n sexual, contacte al Grupo Legal Flaxman para programar una consulta gratuita sobre accidentes para revisar sus opciones legales y hablar sobre los recursos y remedios legales disponibles para usted. <\/p>\n<p><strong class=\"heading4\">Curaci\u00f3n tras una agresi\u00f3n sexual<\/strong><\/p>\n<p>El proceso de curaci\u00f3n tras una agresi\u00f3n sexual puede durar meses o incluso a\u00f1os. Las personas que sobreviven a este tipo de agresi\u00f3n pueden sufrir depresi\u00f3n, miedo y otras formas de trastorno. El trauma por s\u00ed solo puede durar mucho tiempo, y en muchos casos los supervivientes de agresiones sexuales tambi\u00e9n sufren lesiones f\u00edsicas, como fracturas, hematomas, laceraciones y otras. La curaci\u00f3n tras una agresi\u00f3n sexual suele implicar   <\/p>\n<p><strong>1) Obtener asistencia m\u00e9dica para las lesiones<\/strong>. Las agresiones sexuales suelen conllevar traumas f\u00edsicos, y los supervivientes de agresiones sexuales tambi\u00e9n deben someterse a pruebas de ITS (Infecciones de Transmisi\u00f3n Sexual), como el VIH, la clamidia y otras. Si no se tratan, algunas de estas enfermedades pueden poner en peligro la vida o provocar infertilidad, mayor riesgo de c\u00e1ncer y otras complicaciones graves. Inmediatamente despu\u00e9s de una agresi\u00f3n sexual, es importante acudir a urgencias para recibir tratamiento y empezar a documentar las pruebas. Una visita a urgencias puede ser especialmente importante si te has golpeado la cabeza durante la agresi\u00f3n y puedes haber sufrido un traumatismo craneal o una lesi\u00f3n cerebral.    <\/p>\n<p><strong>2) Conseguir apoyo emocional para el trauma<\/strong>. Tu m\u00e9dico local puede ayudarte a encontrar un centro de crisis por violaci\u00f3n o un grupo de apoyo para agresiones sexuales en tu comunidad. Tambi\u00e9n puedes visitar a un consejero o terapeuta para afrontar el trauma de la agresi\u00f3n.  <\/p>\n<p><strong>3) Buscar justicia<\/strong>. Muchos supervivientes de agresiones sexuales descubren que buscar justicia en sus casos es una parte importante de responsabilizar a los agresores y una parte importante del proceso de curaci\u00f3n. La agresi\u00f3n sexual es un delito y puedes intentar presentar cargos contra el agresor si lo conoces. Puedes denunciar el delito a las autoridades locales y hacer un seguimiento para averiguar si han capturado al agresor y si han presentado cargos contra \u00e9l.   <\/p>\n<p><strong class=\"heading4\">\u00bfPor qu\u00e9 llamar a un abogado de lesiones personales en Miami Springs o en tu comunidad tras una agresi\u00f3n sexual?<\/strong><\/p>\n<p>Otra opci\u00f3n que tienen los supervivientes de agresiones sexuales es ponerse en contacto con un abogado de lesiones personales y presentar una demanda civil contra su agresor y otras partes responsables. Una demanda judicial permite a los supervivientes solicitar una indemnizaci\u00f3n para poder pagar los gastos m\u00e9dicos, el asesoramiento y los dem\u00e1s servicios que puedan necesitar tras una agresi\u00f3n. <\/p>\n<p>Una demanda judicial tambi\u00e9n permite a los supervivientes perseguir a todas las partes responsables, que pueden incluir no s\u00f3lo al agresor. Aunque el agresor sea declarado inocente, puede ser demandado ante un tribunal civil, lo que significa que los supervivientes de agresiones pueden buscar justicia. Aunque nunca se encuentre al agresor, se puede responsabilizar a otras partes si sus acciones err\u00f3neas o negligentes provocaron la agresi\u00f3n.  <\/p>\n<p>Si has sobrevivido a un asalto o has resultado lesionado, no dudes en hablar con uno de los abogados del <a href=\"contacta con nosotros.html\">Grupo Legal Flaxman<\/a>. En una consulta gratuita sobre accidentes, podemos ofrecerte asesor\u00eda legal, as\u00ed como una evaluaci\u00f3n completa y honesta de tus opciones legales. <\/p>\n<\/p><\/div>\n<\/p><\/div>\n","protected":false},"excerpt":{"rendered":"<p>Sin honorarios a menos que ganemos. Llama al 866-352-9626 para una &#8230; <\/p>\n","protected":false},"author":3,"featured_media":0,"parent":0,"menu_order":0,"comment_status":"closed","ping_status":"closed","template":"template-practice-areas.php","meta":{"footnotes":""},"class_list":["post-22081","page","type-page","status-publish","hentry"],"featured_image_src":null,"featured_image_src_square":null,"_links":{"self":[{"href":"https:\/\/flaxmanlaw.com\/es\/wp-json\/wp\/v2\/pages\/22081","targetHints":{"allow":["GET"]}}],"collection":[{"href":"https:\/\/flaxmanlaw.com\/es\/wp-json\/wp\/v2\/pages"}],"about":[{"href":"https:\/\/flaxmanlaw.com\/es\/wp-json\/wp\/v2\/types\/page"}],"author":[{"embeddable":true,"href":"https:\/\/flaxmanlaw.com\/es\/wp-json\/wp\/v2\/users\/3"}],"replies":[{"embeddable":true,"href":"https:\/\/flaxmanlaw.com\/es\/wp-json\/wp\/v2\/comments?post=22081"}],"version-history":[{"count":0,"href":"https:\/\/flaxmanlaw.com\/es\/wp-json\/wp\/v2\/pages\/22081\/revisions"}],"wp:attachment":[{"href":"https:\/\/flaxmanlaw.com\/es\/wp-json\/wp\/v2\/media?parent=22081"}],"curies":[{"name":"wp","href":"https:\/\/api.w.org\/{rel}","templated":true}]}}