{"id":22082,"date":"2024-11-18T12:44:46","date_gmt":"2024-11-18T12:44:46","guid":{"rendered":"https:\/\/flaxmanlaw.wpenginepowered.com\/miami-springs-distancia-de-frenado-abogados-de-accidentes-de-camion-del-condado-de-miami-dade\/"},"modified":"2024-11-18T12:44:46","modified_gmt":"2024-11-18T12:44:46","slug":"miami-springs-distancia-de-frenado-abogados-de-accidentes-de-camion-del-condado-de-miami-dade","status":"publish","type":"page","link":"https:\/\/flaxmanlaw.com\/es\/miami-springs-distancia-de-frenado-abogados-de-accidentes-de-camion-del-condado-de-miami-dade\/","title":{"rendered":"Miami Springs Distancia de frenado | Abogados de accidentes de cami\u00f3n del condado de Miami-Dade"},"content":{"rendered":"<div class=\"bodytext\">\n<h2>Distancia de parada en Miami Springs<\/h1><\/h2>\n<div class=\"description\">\n<p>En algunos casos, los problemas de distancia de frenado pueden precipitar una reacci\u00f3n en cadena de acontecimientos que pueden provocar el vuelco de un cami\u00f3n o una colisi\u00f3n de un solo veh\u00edculo en Miami Springs o en tu comunidad. Cuando un cami\u00f3n no puede detenerse a tiempo debido a problemas mec\u00e1nicos o cuando un camionero calcula mal el tiempo que necesita para detenerse, pueden producirse y se producen colisiones desastrosas. <\/p>\n<p>Si necesitas asesor\u00eda legal despu\u00e9s de un choque de tr\u00e1fico, contacta <a href=\"contacta con nosotros.html\">al Grupo Legal Flaxman<\/a>. Los abogados del Grupo Legal Flaxman han logrado obtener miles de indemnizaciones por jurado y acuerdos a favor de sus clientes. De hecho, nuestro equipo de abogados cuenta con m\u00e1s de seis d\u00e9cadas de experiencia y ha obtenido m\u00e1s de $100 millones de d\u00f3lares en indemnizaciones por jurado y acuerdos a favor de clientes. Prestamos servicio en todo el sur de Florida. Si has sufrido lesiones, siempre puedes ponerte en contacto con nosotros para una consulta gratuita y sin compromiso de tu caso.    <\/p>\n<p><strong class=\"heading4\">Formaci\u00f3n para evitar colisiones de camiones por distancia de frenado en Miami Springs y Florida<\/strong><\/p>\n<p>Se espera que los conductores de camiones tomen las precauciones adecuadas para frenar y detenerse correctamente a fin de evitar colisiones. Los camioneros profesionales reciben formaci\u00f3n y se someten a pruebas para garantizar que saben c\u00f3mo evitar colisiones. Se les ense\u00f1a a:  <\/p>\n<ul>\n<li>Evita conducir ebrio o fatigado<\/li>\n<li>Sigue las normas sobre pausas de descanso para evitar conducir con fatiga<\/li>\n<li>Aplica los frenos de forma segura y comedida<\/li>\n<li>Inspecciona los frenos para detectar cualquier problema de mantenimiento e informa de cualquier problema con prontitud<\/li>\n<li>Deja espacio suficiente alrededor de otros veh\u00edculos<\/li>\n<li>Ajustar la conducci\u00f3n con mal tiempo o cuesta abajo para evitar colisiones<\/li>\n<li>Evita ir a rebufo<\/li>\n<\/ul>\n<p>Cuando los camioneros no toman estas precauciones, pueden ser considerados responsables si su imprudencia provoca una colisi\u00f3n.<\/p>\n<p><strong class=\"heading4\">Decidir pedir una indemnizaci\u00f3n tras una lesi\u00f3n por accidente de cami\u00f3n<\/strong><\/p>\n<p>El dinero que puedas conseguir mediante una indemnizaci\u00f3n del jurado o un acuerdo negociado no puede hacer retroceder el reloj ni deshacer la devastaci\u00f3n que provoca un accidente grave de cami\u00f3n o cami\u00f3n de gran tonelaje. Sin embargo, puede ofrecerte el dinero y los recursos que necesitas para pagar las facturas m\u00e9dicas, reponer los ingresos perdidos y recibir un tratamiento continuo de calidad. Es importante que tengas en cuenta que conseguir una indemnizaci\u00f3n en una demanda civil puede ser tu derecho.  <\/p>\n<p>Para saber si tienes derecho a una reclamaci\u00f3n legal y averiguar lo que podr\u00edas recuperar en una reclamaci\u00f3n, ponte en contacto con un abogado especializado en lesiones personales para averiguar qu\u00e9 opciones existen en tu caso concreto. Un abogado de lesiones personales puede ayudarte a comprender el coste total probable de tu tipo de lesi\u00f3n, as\u00ed como tus opciones legales. Aunque decidas no presentar una demanda civil, un abogado de lesiones personales puede ayudarte a encontrar otras opciones de indemnizaci\u00f3n. Por ejemplo, puede negociar con tu compa\u00f1\u00eda de seguros o buscar otras opciones.   <\/p>\n<p>Si has resultado gravemente lesionado por la negligencia de alguien, no hay raz\u00f3n para que tengas que pagar t\u00fa mismo tus gastos m\u00e9dicos y otros gastos. Contacta hoy mismo con <a href=\"contacta con nosotros.html\">el Grupo Legal Flaxman<\/a> para averiguar si tienes una demanda u otras opciones para conseguir una indemnizaci\u00f3n. <\/p>\n<\/p><\/div>\n<\/p><\/div>\n","protected":false},"excerpt":{"rendered":"<p>Sin honorarios a menos que ganemos. Llama al 866-352-9626 para una &#8230; <\/p>\n","protected":false},"author":3,"featured_media":0,"parent":0,"menu_order":0,"comment_status":"closed","ping_status":"closed","template":"template-practice-areas.php","meta":{"footnotes":""},"class_list":["post-22082","page","type-page","status-publish","hentry"],"featured_image_src":null,"featured_image_src_square":null,"_links":{"self":[{"href":"https:\/\/flaxmanlaw.com\/es\/wp-json\/wp\/v2\/pages\/22082","targetHints":{"allow":["GET"]}}],"collection":[{"href":"https:\/\/flaxmanlaw.com\/es\/wp-json\/wp\/v2\/pages"}],"about":[{"href":"https:\/\/flaxmanlaw.com\/es\/wp-json\/wp\/v2\/types\/page"}],"author":[{"embeddable":true,"href":"https:\/\/flaxmanlaw.com\/es\/wp-json\/wp\/v2\/users\/3"}],"replies":[{"embeddable":true,"href":"https:\/\/flaxmanlaw.com\/es\/wp-json\/wp\/v2\/comments?post=22082"}],"version-history":[{"count":0,"href":"https:\/\/flaxmanlaw.com\/es\/wp-json\/wp\/v2\/pages\/22082\/revisions"}],"wp:attachment":[{"href":"https:\/\/flaxmanlaw.com\/es\/wp-json\/wp\/v2\/media?parent=22082"}],"curies":[{"name":"wp","href":"https:\/\/api.w.org\/{rel}","templated":true}]}}