{"id":22085,"date":"2024-11-18T12:44:46","date_gmt":"2024-11-18T12:44:46","guid":{"rendered":"https:\/\/flaxmanlaw.wpenginepowered.com\/accidentes-de-vuelco-en-miami-springs-abogados-de-accidentes-de-coche-en-el-condado-de-miami-dade\/"},"modified":"2024-11-18T12:44:46","modified_gmt":"2024-11-18T12:44:46","slug":"accidentes-de-vuelco-en-miami-springs-abogados-de-accidentes-de-coche-en-el-condado-de-miami-dade","status":"publish","type":"page","link":"https:\/\/flaxmanlaw.com\/es\/accidentes-de-vuelco-en-miami-springs-abogados-de-accidentes-de-coche-en-el-condado-de-miami-dade\/","title":{"rendered":"Accidentes de vuelco en Miami Springs | Abogados de accidentes de coche en el condado de Miami-Dade"},"content":{"rendered":"<div class=\"bodytext\">\n<h2>Accidentes por vuelco en Miami Springs<\/h1><\/h2>\n<div class=\"description\">\n<p>Seg\u00fan un informe de 2007 publicado por la Administraci\u00f3n Nacional de Seguridad del Tr\u00e1fico en Carretera (NHTSA), s\u00f3lo un 3% de todas las colisiones son accidentes por vuelco. Sin embargo, estos accidentes son extremadamente mortales, y representan un tercio de todas las muertes por accidente de coche. <\/p>\n<p>Si usted ha resultado lesionado en un accidente de volcadura en Miami Springs o en cualquier comunidad de Florida del Sur, puede contactar al Grupo Legal Flaxman en cualquier momento. Los abogados de nuestra firma de servicios integrales ya han recuperado m\u00e1s de $100 millones de d\u00f3lares a favor de miles de demandantes como usted en todo Florida del Sur. Cont\u00e1ctanos hoy mismo para averiguar qu\u00e9 se puede hacer en tu situaci\u00f3n.  <\/p>\n<p><strong class=\"heading4\">\u00bfLesiones graves tras un accidente de coche en Miami Springs?<\/strong><\/p>\n<p>Por desgracia, los accidentes por vuelco suelen provocar lesiones graves, como lesiones medulares y lesiones craneales. En un vuelco, los pasajeros suelen salir despedidos por el interior del veh\u00edculo y pueden chocar violentamente contra los laterales o el techo del coche. Esto puede causar lesiones en la cabeza, la cara y el cuello, sobre todo si los airbags y los cinturones de seguridad no funcionan correctamente. La fuerza y el impacto de un accidente con vuelco pueden provocar lesiones permanentes, incluso mortales.   <\/p>\n<p><strong class=\"heading4\">Los retos a los que puedes enfrentarte tras una colisi\u00f3n grave de tr\u00e1fico<\/strong><\/p>\n<p>Si has resultado herido en un accidente grave de coche o cami\u00f3n en Miami Springs o en cualquier lugar del sur de Florida, puedes suponer que est\u00e1s cubierto. Al fin y al cabo, probablemente pagas cantidades importantes por tu plan de seguros y puedes suponer que tu aseguradora te ayudar\u00e1. Sin embargo, no siempre es as\u00ed. Puedes encontrarte con varios problemas tras tu colisi\u00f3n:   <\/p>\n<ul>\n<li>Puede que recibas una oferta del seguro o del convenio y no est\u00e9s seguro de si cubrir\u00e1 todos tus gastos.<\/li>\n<li>Tu compa\u00f1\u00eda de seguros puede infravalorar tu reclamaci\u00f3n.<\/li>\n<li>Puede que necesites algunos tratamientos que no est\u00e9n cubiertos por tu seguro m\u00e9dico u otros planes de seguros. Por ejemplo, los injertos de piel para pacientes quemados pueden no estar cubiertos y, en algunos casos, la rehabilitaci\u00f3n o el tratamiento del dolor cr\u00f3nico pueden no estarlo, dependiendo de tu p\u00f3liza. <\/li>\n<li>Puede que tu oferta de seguro se haga cargo de las necesidades inmediatas, pero no de los costes a largo plazo de una lesi\u00f3n permanente.<\/li>\n<li>Puedes aceptar una oferta del seguro s\u00f3lo para descubrir que el dinero del seguro se agota r\u00e1pidamente.<\/li>\n<li>Tu reclamaci\u00f3n puede ser denegada y puedes tener un litigio con el seguro entre manos.<\/li>\n<li>El proceso del seguro puede ser abrumador y complicado.<\/li>\n<li>Pueden culparte del accidente, aunque creas que no fue culpa tuya.<\/li>\n<\/ul>\n<p>Una buena manera de afrontar estos retos es hablar con un abogado de lesiones personales tan pronto como sea posible despu\u00e9s de tu accidente. Por favor, contacta hoy mismo con <a href=\"contacta con nosotros.html\">el Grupo Legal Flaxman<\/a> llamando al 866-352-9626 o utilizando el sitio web para enviar un formulario de evaluaci\u00f3n de caso. Podemos ayudarle a entender si tiene un caso y cu\u00e1nto puede valer su caso. Nuestros abogados tambi\u00e9n pueden revisar los puntos fuertes de tu caso e informarte sobre otras opciones legales que puedas tener. La consulta inicial es gratuita y sin compromiso, por lo que no tienes nada que perder si te pones en contacto con nosotros hoy mismo para que te informemos sobre tu caso.    <\/p>\n<\/p><\/div>\n<\/p><\/div>\n","protected":false},"excerpt":{"rendered":"<p>Sin honorarios a menos que ganemos. Llama al 866-352-9626 para una &#8230; <\/p>\n","protected":false},"author":3,"featured_media":0,"parent":0,"menu_order":0,"comment_status":"closed","ping_status":"closed","template":"template-practice-areas.php","meta":{"footnotes":""},"class_list":["post-22085","page","type-page","status-publish","hentry"],"featured_image_src":null,"featured_image_src_square":null,"_links":{"self":[{"href":"https:\/\/flaxmanlaw.com\/es\/wp-json\/wp\/v2\/pages\/22085","targetHints":{"allow":["GET"]}}],"collection":[{"href":"https:\/\/flaxmanlaw.com\/es\/wp-json\/wp\/v2\/pages"}],"about":[{"href":"https:\/\/flaxmanlaw.com\/es\/wp-json\/wp\/v2\/types\/page"}],"author":[{"embeddable":true,"href":"https:\/\/flaxmanlaw.com\/es\/wp-json\/wp\/v2\/users\/3"}],"replies":[{"embeddable":true,"href":"https:\/\/flaxmanlaw.com\/es\/wp-json\/wp\/v2\/comments?post=22085"}],"version-history":[{"count":0,"href":"https:\/\/flaxmanlaw.com\/es\/wp-json\/wp\/v2\/pages\/22085\/revisions"}],"wp:attachment":[{"href":"https:\/\/flaxmanlaw.com\/es\/wp-json\/wp\/v2\/media?parent=22085"}],"curies":[{"name":"wp","href":"https:\/\/api.w.org\/{rel}","templated":true}]}}