{"id":22087,"date":"2024-11-18T12:44:46","date_gmt":"2024-11-18T12:44:46","guid":{"rendered":"https:\/\/flaxmanlaw.wpenginepowered.com\/peligros-de-las-carreteras-de-miami-springs-abogados-de-accidentes-de-trafico-del-condado-de-miami-dade\/"},"modified":"2024-11-18T12:44:46","modified_gmt":"2024-11-18T12:44:46","slug":"peligros-de-las-carreteras-de-miami-springs-abogados-de-accidentes-de-trafico-del-condado-de-miami-dade","status":"publish","type":"page","link":"https:\/\/flaxmanlaw.com\/es\/peligros-de-las-carreteras-de-miami-springs-abogados-de-accidentes-de-trafico-del-condado-de-miami-dade\/","title":{"rendered":"Peligros de las carreteras de Miami Springs | Abogados de accidentes de tr\u00e1fico del condado de Miami-Dade"},"content":{"rendered":"<div class=\"bodytext\">\n<h2>Peligros de la carretera de Miami Springs  <\/h1><\/h2>\n<div class=\"description\">\n<p>Los peligros de las carreteras son un problema muy grave en muchos municipios. Los contribuyentes pagan cantidades considerables de dinero para tener carreteras seguras, y los municipios pagan a los equipos de construcci\u00f3n y a las empresas constructoras sumas considerables para mantener, construir y dise\u00f1ar adecuadamente las carreteras. Cuando se produce una negligencia y las carreteras est\u00e1n mal dise\u00f1adas o mal mantenidas, las calzadas irregulares, los baches y otros peligros pueden provocar, y de hecho provocan, graves <a href=\"accidentes-motos.html\">accidentes<\/a> <a href=\"accidentes-coche.html\">de coche<\/a>, <a href=\"accidentes-de-cami\u00f3n.html\">cami\u00f3n<\/a> y <a href=\"accidentes-motos.html\">motocicleta<\/a> en Miami Springs y en todo Florida.  <\/p>\n<p>Si has sufrido lesiones en un accidente de tr\u00e1fico en cualquier lugar del sur de Florida sin que haya sido culpa tuya, puedes tener derecho a una indemnizaci\u00f3n conforme a la legislaci\u00f3n de Florida. Puedes tener derecho a una reclamaci\u00f3n legal que te ayude a buscar una indemnizaci\u00f3n por salarios perdidos, facturas m\u00e9dicas, da\u00f1os materiales y mucho m\u00e1s. \u00bfDesea m\u00e1s informaci\u00f3n sobre sus derechos? Contacta <a href=\"index.html\">al Grupo Legal Flaxman<\/a> en cualquier momento para programar una consulta gratuita y sin compromiso.   <\/p>\n<p><strong class=\"heading4\">Tipos de peligros viales en Miami Springs<\/strong><\/p>\n<p>Hay muchos peligros inesperados en la carretera que pueden ocurrir en tu trayecto matutino o en cualquier momento que conduzcas por las calles de la ciudad. Estos tipos de peligros viales pueden limitarse a unas pocas categor\u00edas espec\u00edficas: <\/p>\n<ul>\n<li>Dise\u00f1o incorrecto de cunetas y carreteras. Cuando las carreteras est\u00e1n mal dise\u00f1adas o cuando las cunetas est\u00e1n mal dise\u00f1adas, se dificulta que los coches se detengan y conduzcan correctamente. Por ejemplo, cuando las cunetas est\u00e1n dise\u00f1adas para estar demasiado cerca de la carretera, puede ser f\u00e1cil que los coches rueden hacia la cuneta y pierdan el control. Cuando las calles son demasiado estrechas o carecen del espacio adecuado para los giros, pueden producirse accidentes en los cruces.   <\/li>\n<li>Problemas de se\u00f1ales y carteles. Se espera que las se\u00f1ales y carteles ayuden a los automovilistas, pero cuando est\u00e1n mal dise\u00f1ados o mal mantenidos pueden surgir problemas. Los problemas de se\u00f1alizaci\u00f3n pueden incluir no tener se\u00f1ales adecuadas para el tr\u00e1fico de una v\u00eda o tener sem\u00e1foros que funcionen incorrectamente. Los problemas de se\u00f1alizaci\u00f3n pueden producirse si las calles no tienen se\u00f1ales adecuadas para ayudar a los conductores a evitar peligros. Tambi\u00e9n puede ocurrir si los equipos de obras o construcci\u00f3n no colocan se\u00f1ales adecuadas para advertir a los conductores de peligros temporales, como obras en la calzada.    <\/li>\n<li>Rampas de entrada y salida mal dise\u00f1adas o situadas. Si las velocidades son demasiado r\u00e1pidas o si las rampas son demasiado empinadas, es f\u00e1cil que se produzcan accidentes. <\/li>\n<li>Distracciones visuales y obstrucciones visuales. Los \u00e1rboles, los edificios viejos y los setos crecidos pueden afectar a la visibilidad y provocar accidentes. <\/li>\n<li>Escombros en las carreteras. Por supuesto, cuando caen escombros de los camiones puede llevar alg\u00fan tiempo limpiarlos. Sin embargo, se espera de las comunidades que limpien los escombros en las carreteras en un tiempo razonable, tanto si son causados por veh\u00edculos como por tormentas u otras condiciones. Los escombros en las carreteras tambi\u00e9n suelen estar causados por obras o por trabajos en las carreteras. Se espera que los contratistas limpien su zona de trabajo para evitar accidentes de tr\u00e1fico.    <\/li>\n<li>Mal mantenimiento de las carreteras. Los baches, la falta de tapas de alcantarilla, las calzadas irregulares, las grietas en la calzada y otros peligros suelen ser consecuencia de un mantenimiento deficiente de las infraestructuras. <\/li>\n<\/ul>\n<p>\u00bfCree usted que su accidente automovil\u00edstico y sus lesiones fueron causados por un mal dise\u00f1o del camino, por peligros evitables en el camino, o por la negligencia de alguien? <a href=\"contacta con nosotros.html\">Contacta<\/a> al Grupo Legal Flaxman para una evaluaci\u00f3n gratuita de tu caso. Tu caso puede valer m\u00e1s de lo que crees y puedes tener m\u00e1s opciones de las que crees para asegurar una compensaci\u00f3n justa para ti y tu familia. <\/p>\n<\/p><\/div>\n<\/p><\/div>\n","protected":false},"excerpt":{"rendered":"<p>Sin honorarios a menos que ganemos. Llama al 866-352-9626 para una &#8230; <\/p>\n","protected":false},"author":3,"featured_media":0,"parent":0,"menu_order":0,"comment_status":"closed","ping_status":"closed","template":"template-practice-areas.php","meta":{"footnotes":""},"class_list":["post-22087","page","type-page","status-publish","hentry"],"featured_image_src":null,"featured_image_src_square":null,"_links":{"self":[{"href":"https:\/\/flaxmanlaw.com\/es\/wp-json\/wp\/v2\/pages\/22087","targetHints":{"allow":["GET"]}}],"collection":[{"href":"https:\/\/flaxmanlaw.com\/es\/wp-json\/wp\/v2\/pages"}],"about":[{"href":"https:\/\/flaxmanlaw.com\/es\/wp-json\/wp\/v2\/types\/page"}],"author":[{"embeddable":true,"href":"https:\/\/flaxmanlaw.com\/es\/wp-json\/wp\/v2\/users\/3"}],"replies":[{"embeddable":true,"href":"https:\/\/flaxmanlaw.com\/es\/wp-json\/wp\/v2\/comments?post=22087"}],"version-history":[{"count":0,"href":"https:\/\/flaxmanlaw.com\/es\/wp-json\/wp\/v2\/pages\/22087\/revisions"}],"wp:attachment":[{"href":"https:\/\/flaxmanlaw.com\/es\/wp-json\/wp\/v2\/media?parent=22087"}],"curies":[{"name":"wp","href":"https:\/\/api.w.org\/{rel}","templated":true}]}}