{"id":22089,"date":"2024-11-18T12:44:46","date_gmt":"2024-11-18T12:44:46","guid":{"rendered":"https:\/\/flaxmanlaw.wpenginepowered.com\/accidentes-por-alcance-en-miami-springs-abogados-de-accidentes-de-coche-en-el-condado-de-miami-dade\/"},"modified":"2024-11-18T12:44:46","modified_gmt":"2024-11-18T12:44:46","slug":"accidentes-por-alcance-en-miami-springs-abogados-de-accidentes-de-coche-en-el-condado-de-miami-dade","status":"publish","type":"page","link":"https:\/\/flaxmanlaw.com\/es\/accidentes-por-alcance-en-miami-springs-abogados-de-accidentes-de-coche-en-el-condado-de-miami-dade\/","title":{"rendered":"Accidentes por alcance en Miami Springs | Abogados de accidentes de coche en el condado de Miami-Dade"},"content":{"rendered":"<div class=\"bodytext\">\n<h2>Accidentes por alcance en Miami Springs<\/h1><\/h2>\n<div class=\"description\">\n<p>Si has tenido un accidente por alcance en Miami Springs o en cualquier comunidad de Florida, puede que te encuentres con que el otro conductor intenta pasarte la culpa a ti o intenta alegar que el accidente no fue culpa suya. Esto puede dar lugar a negociaciones complicadas, as\u00ed como a dificultades para obtener una indemnizaci\u00f3n. Puede que tengas que demostrar que t\u00fa no provocaste la colisi\u00f3n y que tu capacidad para conseguir una indemnizaci\u00f3n justa se vea afectada si el conductor culpable consigue demostrar su caso.  <\/p>\n<p><strong class=\"heading4\">Obt\u00e9n asesoramiento jur\u00eddico antes de actuar<\/strong><\/p>\n<p>Si has sufrido un accidente por alcance, es importante que consultes a un abogado de lesiones personales por todas estas razones. Tanto si el otro conductor intenta desviar la responsabilidad como si te culpa a ti del accidente, un abogado de lesiones personales puede trabajar con ingenieros, expertos en reconstrucci\u00f3n de accidentes, investigadores privados, peritos y otros profesionales para construir un caso s\u00f3lido en tu favor. Los abogados con experiencia tambi\u00e9n pueden revisar tu situaci\u00f3n contigo y ayudarte a comprender todas tus opciones legales para obtener una indemnizaci\u00f3n justa para ti y tu familia. Buscar una indemnizaci\u00f3n justa puede ayudarte a costear una atenci\u00f3n m\u00e9dica de calidad, reponer los ingresos perdidos y pagar los muchos otros gastos de tu situaci\u00f3n. Si usted desea hablar con un abogado experimentado sobre su situaci\u00f3n, puede contactar en cualquier momento a la firma de servicios integrales del Grupo Legal Flaxman para programar una revisi\u00f3n gratuita y sin compromiso de su caso.   <\/p>\n<p><strong class=\"heading4\">Es Importante Consultar A Un Abogado De Lesiones Personales Lo Antes Posible Tras Tu Colisi\u00f3n<\/strong><\/p>\n<p>Si has sufrido una colisi\u00f3n de tr\u00e1fico por alcance en Miami Springs o en tu comunidad, probablemente est\u00e9n ocurriendo muchas cosas en tu vida en muy poco tiempo. Es probable que tengas que ir a urgencias o a una cl\u00ednica sin cita previa para recibir atenci\u00f3n m\u00e9dica de inmediato. Adem\u00e1s, habr\u00e1 papeleo del seguro que rellenar, informes policiales que presentar, etc.  <\/p>\n<p>A pesar del ajetreo que sigue a tu accidente, es importante que consultes a un abogado de lesiones personales lo antes posible. Si tienes una reclamaci\u00f3n legal, los minutos, horas y d\u00edas siguientes a tu accidente son cruciales. Si consultas enseguida con un abogado de lesiones personales y tomas una decisi\u00f3n sobre presentar una demanda o al menos obtener asesoramiento jur\u00eddico, tu abogado puede intervenir para ayudarte inmediatamente. Puede ayudarte a conseguir un coche de alquiler, dirigirte a un m\u00e9dico y darte asesoramiento jur\u00eddico.   <\/p>\n<p>Y lo que es m\u00e1s importante, un abogado puede ayudarte a conseguir documentaci\u00f3n y pruebas en tu caso que pueden marcar la diferencia entre ganar o perder un acuerdo m\u00e1s justo. Si has sufrido lesiones, no te demores. <\/p>\n<p>\u00bfTe has lesionado en un accidente de tr\u00e1fico en alg\u00fan lugar del sur de Florida? \u00bfTe preguntas qu\u00e9 hacer? \u00bfTe gustar\u00eda saber si tienes derecho a reclamar? <a href=\"contacta con nosotros.html\">Contacte<\/a> hoy mismo a la firma de servicios integrales del Grupo Legal Flaxman para revisar su situaci\u00f3n sin costo ni compromiso con uno de nuestros compasivos y profesionales abogados de lesiones personales.  <\/p>\n<\/p><\/div>\n<\/p><\/div>\n","protected":false},"excerpt":{"rendered":"<p>Sin honorarios a menos que ganemos. Llama al 866-352-9626 para una &#8230; <\/p>\n","protected":false},"author":3,"featured_media":0,"parent":0,"menu_order":0,"comment_status":"closed","ping_status":"closed","template":"template-practice-areas.php","meta":{"footnotes":""},"class_list":["post-22089","page","type-page","status-publish","hentry"],"featured_image_src":null,"featured_image_src_square":null,"_links":{"self":[{"href":"https:\/\/flaxmanlaw.com\/es\/wp-json\/wp\/v2\/pages\/22089","targetHints":{"allow":["GET"]}}],"collection":[{"href":"https:\/\/flaxmanlaw.com\/es\/wp-json\/wp\/v2\/pages"}],"about":[{"href":"https:\/\/flaxmanlaw.com\/es\/wp-json\/wp\/v2\/types\/page"}],"author":[{"embeddable":true,"href":"https:\/\/flaxmanlaw.com\/es\/wp-json\/wp\/v2\/users\/3"}],"replies":[{"embeddable":true,"href":"https:\/\/flaxmanlaw.com\/es\/wp-json\/wp\/v2\/comments?post=22089"}],"version-history":[{"count":0,"href":"https:\/\/flaxmanlaw.com\/es\/wp-json\/wp\/v2\/pages\/22089\/revisions"}],"wp:attachment":[{"href":"https:\/\/flaxmanlaw.com\/es\/wp-json\/wp\/v2\/media?parent=22089"}],"curies":[{"name":"wp","href":"https:\/\/api.w.org\/{rel}","templated":true}]}}