{"id":22091,"date":"2024-11-18T12:44:46","date_gmt":"2024-11-18T12:44:46","guid":{"rendered":"https:\/\/flaxmanlaw.wpenginepowered.com\/accidente-en-el-transporte-publico-de-miami-springs-abogados-de-lesiones-del-condado-de-miami-dade\/"},"modified":"2024-11-18T12:44:46","modified_gmt":"2024-11-18T12:44:46","slug":"accidente-en-el-transporte-publico-de-miami-springs-abogados-de-lesiones-del-condado-de-miami-dade","status":"publish","type":"page","link":"https:\/\/flaxmanlaw.com\/es\/accidente-en-el-transporte-publico-de-miami-springs-abogados-de-lesiones-del-condado-de-miami-dade\/","title":{"rendered":"Accidente en el transporte p\u00fablico de Miami Springs | Abogados de lesiones del condado de Miami-Dade"},"content":{"rendered":"<div class=\"bodytext\">\n<h2>Accidente en el transporte p\u00fablico de Miami Springs<\/h1><\/h2>\n<div class=\"description\">\n<p>A medida que aumenta el n\u00famero de personas que recurren al transporte p\u00fablico, pueden incrementarse las lesiones relacionadas con accidentes en trenes, autobuses y otros veh\u00edculos de transporte colectivo. Las lesiones en trenes y autobuses pueden deberse a colisiones, accidentes por resbalones y ca\u00eddas dentro del veh\u00edculo, o actividades delictivas en las instalaciones de las autoridades de transporte p\u00fablico. Las lesiones sufridas en accidentes de transporte colectivo incluyen traumatismos craneales, fracturas, lesiones medulares, quemaduras e incluso muertes.  <\/p>\n<p>Si usted o un ser querido ha resultado lesionado por un accidente de transporte p\u00fablico en Miami Springs o en cualquier parte de Florida del Sur, contacte a los abogados del Grupo Legal Flaxman. El despacho del Grupo Legal Flaxman cuenta con abogados que tienen m\u00e1s de 60 a\u00f1os de experiencia. Nuestro personal siente verdadera compasi\u00f3n por los clientes que han sufrido lesiones graves y hace todo lo posible por luchar agresivamente en favor de los clientes. Nos gustar\u00eda ofrecerte una consulta gratuita sobre accidentes para darte asesoramiento jur\u00eddico gratuito sobre tu situaci\u00f3n. S\u00f3lo tienes que ponerte en contacto con nosotros en el 866-352-9626 para concertar tu cita gratuita.    <\/p>\n<p><strong class=\"heading4\">Tipos de accidentes y lesiones en el transporte p\u00fablico<\/strong><\/p>\n<p>\u00abAccidentes de transporte p\u00fablico\u00bb suele ser un t\u00e9rmino general que puede referirse a una serie de incidentes y colisiones que provocan lesiones. Los accidentes relacionados con el transporte p\u00fablico pueden incluir: <\/p>\n<ul>\n<li>Accidentes por resbalones y ca\u00eddas<\/li>\n<li>Colisiones de tr\u00e1fico<\/li>\n<li>Robo, agresi\u00f3n sexual u otros delitos a bordo de un veh\u00edculo de transporte p\u00fablico<\/li>\n<li>Quemaduras o descargas el\u00e9ctricas causadas por un fallo mec\u00e1nico o un mantenimiento deficiente<\/li>\n<\/ul>\n<p>Si te has lesionado como viajero en un autob\u00fas, tren u otro tipo de transporte colectivo, es importante que te asesores jur\u00eddicamente. Puedes tener una reclamaci\u00f3n legal. Si un accidente por resbal\u00f3n y ca\u00edda te ha causado lesiones, por ejemplo, la pregunta que hay que hacerse es si la autoridad de transporte p\u00fablico hizo todo lo que pudo para mantener los veh\u00edculos seguros y razonablemente limpios para los pasajeros. Si una colisi\u00f3n de tr\u00e1fico te ha causado lesiones, tal vez puedas reclamar una indemnizaci\u00f3n a trav\u00e9s de la p\u00f3liza de seguro de la empresa de transporte p\u00fablico. Si has sufrido lesiones debido a un acto delictivo a bordo de un veh\u00edculo o propiedad de transporte colectivo, entonces tu abogado de lesiones personales puede cuestionar si la autoridad de transporte colectivo hizo todo lo posible para evitar el delito. Por ejemplo, si hubo una oleada de delitos a bordo de autobuses o trenes de transporte colectivo, \u00bftom\u00f3 la autoridad de transporte las medidas oportunas? Si el veh\u00edculo estaba mal mantenido y ello provoc\u00f3 quemaduras, descargas el\u00e9ctricas o colisiones, \u00bftom\u00f3 la autoridad de tr\u00e1nsito las medidas adecuadas para evitar lesiones graves o para mantener correctamente sus flotas? Un abogado de lesiones personales de Miami Springs o de tu comunidad puede ayudarte a encontrar las respuestas a todas estas preguntas y puede ayudarte a reclamar una indemnizaci\u00f3n completa y justa si re\u00fanes los requisitos.       <\/p>\n<p>Si has sufrido una lesi\u00f3n, puede ser dif\u00edcil saber si tienes derecho a reclamar. Incluso puede ser dif\u00edcil determinar qu\u00e9 caus\u00f3 la lesi\u00f3n. A los abogados <a href=\"index.html\">del Grupo Legal Flaxman<\/a> les gustar\u00eda ser de ayuda. Nuestros abogados estar\u00e1n encantados de ofrecerte una consulta gratuita sobre accidentes para que puedas revisar tu situaci\u00f3n con un miembro de nuestro personal jur\u00eddico. Podemos ayudarle a entender sus opciones de compensaci\u00f3n e incluso podemos darle una idea de cu\u00e1nto puede valer su caso potencial. Para tu cita gratuita, puedes llamar al Grupo Legal Flaxman en cualquier momento al 866-352-9626.     <\/p>\n<\/p><\/div>\n<\/p><\/div>\n","protected":false},"excerpt":{"rendered":"<p>Sin honorarios a menos que ganemos. Llama al 866-352-9626 para una &#8230; <\/p>\n","protected":false},"author":3,"featured_media":0,"parent":0,"menu_order":0,"comment_status":"closed","ping_status":"closed","template":"template-practice-areas.php","meta":{"footnotes":""},"class_list":["post-22091","page","type-page","status-publish","hentry"],"featured_image_src":null,"featured_image_src_square":null,"_links":{"self":[{"href":"https:\/\/flaxmanlaw.com\/es\/wp-json\/wp\/v2\/pages\/22091","targetHints":{"allow":["GET"]}}],"collection":[{"href":"https:\/\/flaxmanlaw.com\/es\/wp-json\/wp\/v2\/pages"}],"about":[{"href":"https:\/\/flaxmanlaw.com\/es\/wp-json\/wp\/v2\/types\/page"}],"author":[{"embeddable":true,"href":"https:\/\/flaxmanlaw.com\/es\/wp-json\/wp\/v2\/users\/3"}],"replies":[{"embeddable":true,"href":"https:\/\/flaxmanlaw.com\/es\/wp-json\/wp\/v2\/comments?post=22091"}],"version-history":[{"count":0,"href":"https:\/\/flaxmanlaw.com\/es\/wp-json\/wp\/v2\/pages\/22091\/revisions"}],"wp:attachment":[{"href":"https:\/\/flaxmanlaw.com\/es\/wp-json\/wp\/v2\/media?parent=22091"}],"curies":[{"name":"wp","href":"https:\/\/api.w.org\/{rel}","templated":true}]}}