{"id":22092,"date":"2024-11-18T12:44:46","date_gmt":"2024-11-18T12:44:46","guid":{"rendered":"https:\/\/flaxmanlaw.wpenginepowered.com\/abuso-fisico-en-miami-springs-abogados-de-lesiones-en-el-condado-de-miami-dade\/"},"modified":"2024-11-18T12:44:46","modified_gmt":"2024-11-18T12:44:46","slug":"abuso-fisico-en-miami-springs-abogados-de-lesiones-en-el-condado-de-miami-dade","status":"publish","type":"page","link":"https:\/\/flaxmanlaw.com\/es\/abuso-fisico-en-miami-springs-abogados-de-lesiones-en-el-condado-de-miami-dade\/","title":{"rendered":"Abuso f\u00edsico en Miami Springs | Abogados de lesiones en el condado de Miami-Dade"},"content":{"rendered":"<div class=\"bodytext\">\n<h2>Abuso f\u00edsico en Miami Springs<\/h1><\/h2>\n<div class=\"description\">\n<p>A menudo, las agresiones f\u00edsicas en Miami Springs y otras comunidades pueden parecer simplemente un caso de mala suerte o cuesti\u00f3n de estar en el lugar equivocado en el momento equivocado. Sin embargo, en muchos casos este tipo de actividad delictiva es en realidad evitable. En algunos casos, puedes tener una reclamaci\u00f3n legal contra el agresor o contra otras partes responsables en tu caso.  <\/p>\n<p>Si usted ha resultado lesionado por un asalto u otro delito, no dude en contactar al Grupo Legal Flaxman. Con tres oficinas en Hollywood, Miami y Homestead, el Grupo Legal Flaxman es una firma de servicios integrales que maneja todo tipo de casos de lesiones personales y accidentes, incluyendo homicidio culposo, seguridad inadecuada, accidentes de motocicleta, accidentes automovil\u00edsticos, choques de cami\u00f3n, lesiones cerebrales, compensaci\u00f3n al trabajador, e incluso casos de leyes de seguros. <\/p>\n<p><strong class=\"heading4\">\u00bfTu caso es una demanda por responsabilidad de las instalaciones en Miami Springs o en tu comunidad?<\/strong><\/p>\n<p>En muchos casos, los propietarios conocen las oleadas de delitos en su zona o se dan cuenta de que sus propiedades est\u00e1n situadas en zonas de alta criminalidad. En estos casos, los propietarios pueden tomar medidas para mantener a los clientes y visitantes a salvo de agresiones y otros delitos. Por ejemplo, pueden:  <\/p>\n<ul>\n<li>Examina cuidadosamente a los empleados y visitantes<\/li>\n<li>Tener agentes de seguridad o de polic\u00eda fuera de servicio en las instalaciones<\/li>\n<li>Instala c\u00e1maras de seguridad y coloca avisos en la propiedad sobre las c\u00e1maras de seguridad<\/li>\n<li>Instala mejor iluminaci\u00f3n<\/li>\n<li>Haz que las puertas, ventanas y otros puntos de entrada se mantengan cuidadosamente<\/li>\n<li>Instala un sistema de seguridad<\/li>\n<li>Alertar a los visitantes de oleadas de delitos u otros peligros<\/li>\n<\/ul>\n<p>Cuando los propietarios no act\u00faan para evitar lesiones graves a los visitantes, pueden ser considerados responsables de las lesiones que se produzcan como consecuencia de agresiones y otras actividades violentas. Si has resultado lesionado, ponte en contacto con un abogado de lesiones personales en Miami Springs o en tu comunidad para averiguar si tienes derecho a indemnizaci\u00f3n con arreglo a la legislaci\u00f3n de Florida. <\/p>\n<p>Aunque el propietario no haya sido negligente, puedes tener una reclamaci\u00f3n legal. Si la agresi\u00f3n se produjo en el lugar de trabajo, por ejemplo, es posible que puedas solicitar prestaciones de indemnizaci\u00f3n laboral. En algunos casos, puedes presentar una demanda contra la persona que te agredi\u00f3. Hablar con un abogado cualificado puede ayudarte a explorar tus opciones.   <\/p>\n<p><strong class=\"heading4\">Contratar a un abogado de lesiones personales<\/strong><\/p>\n<p>Cuando contratas a un abogado, por supuesto que quieres a alguien que tenga mucha experiencia en casos de lesiones personales y derecho procesal. El Grupo Legal Flaxman se complace en poder ofrecer algo un poco m\u00e1s. Charles Flaxman, del <a href=\"index.html\">Grupo Legal Flaxman<\/a>, tiene m\u00e1s de 30 a\u00f1os de experiencia como abogado litigante y forma parte de muchas asociaciones profesionales como abogado. Sin embargo, tambi\u00e9n trabaj\u00f3 como perito de reclamaciones de seguros durante una d\u00e9cada, y esto le da una idea de c\u00f3mo funcionan las compa\u00f1\u00edas de seguros y las p\u00f3lizas. Esta experiencia adicional le permite adoptar una perspectiva \u00fanica en los casos de lesiones personales y le permite abogar agresivamente en nombre de los clientes. Cuando llega el momento de enfrentarse a las compa\u00f1\u00edas de seguros y a los abogados del demandado en tu caso, \u00e9l entiende qu\u00e9 p\u00f3lizas, leyes y t\u00e1cticas pueden utilizar y comprende lo que debe hacerse para proteger tus intereses. Si deseas que Charles Flaxman y el resto del equipo del Grupo Legal Flaxman est\u00e9n a tu lado, <a href=\"contacta con nosotros.html\">contacta con<\/a> el bufete para una evaluaci\u00f3n gratuita de tu caso.      <\/p>\n<\/p><\/div>\n<\/p><\/div>\n","protected":false},"excerpt":{"rendered":"<p>Sin honorarios a menos que ganemos. Llama al 866-352-9626 para una &#8230; <\/p>\n","protected":false},"author":3,"featured_media":0,"parent":0,"menu_order":0,"comment_status":"closed","ping_status":"closed","template":"template-practice-areas.php","meta":{"footnotes":""},"class_list":["post-22092","page","type-page","status-publish","hentry"],"featured_image_src":null,"featured_image_src_square":null,"_links":{"self":[{"href":"https:\/\/flaxmanlaw.com\/es\/wp-json\/wp\/v2\/pages\/22092","targetHints":{"allow":["GET"]}}],"collection":[{"href":"https:\/\/flaxmanlaw.com\/es\/wp-json\/wp\/v2\/pages"}],"about":[{"href":"https:\/\/flaxmanlaw.com\/es\/wp-json\/wp\/v2\/types\/page"}],"author":[{"embeddable":true,"href":"https:\/\/flaxmanlaw.com\/es\/wp-json\/wp\/v2\/users\/3"}],"replies":[{"embeddable":true,"href":"https:\/\/flaxmanlaw.com\/es\/wp-json\/wp\/v2\/comments?post=22092"}],"version-history":[{"count":0,"href":"https:\/\/flaxmanlaw.com\/es\/wp-json\/wp\/v2\/pages\/22092\/revisions"}],"wp:attachment":[{"href":"https:\/\/flaxmanlaw.com\/es\/wp-json\/wp\/v2\/media?parent=22092"}],"curies":[{"name":"wp","href":"https:\/\/api.w.org\/{rel}","templated":true}]}}