{"id":22093,"date":"2024-11-18T12:44:46","date_gmt":"2024-11-18T12:44:46","guid":{"rendered":"https:\/\/flaxmanlaw.wpenginepowered.com\/miami-springs-responsabilidad-por-productos-defectuosos-abogados-de-productos-defectuosos-del-condado-de-miami-dade\/"},"modified":"2024-11-18T12:44:46","modified_gmt":"2024-11-18T12:44:46","slug":"miami-springs-responsabilidad-por-productos-defectuosos-abogados-de-productos-defectuosos-del-condado-de-miami-dade","status":"publish","type":"page","link":"https:\/\/flaxmanlaw.com\/es\/miami-springs-responsabilidad-por-productos-defectuosos-abogados-de-productos-defectuosos-del-condado-de-miami-dade\/","title":{"rendered":"Miami Springs Responsabilidad por Productos Defectuosos | Abogados de Productos Defectuosos del Condado de Miami-Dade"},"content":{"rendered":"<div class=\"bodytext\">\n<h2>Responsabilidad por Productos de Miami Springs<\/h1><\/h2>\n<div class=\"description\">\n<p>Miami Springs es una comunidad verde planificada situada en el condado de Miami-Dade, al sur de Florida. Conocida por sus edificios de estilo pueblo y su arquitectura de estilo misi\u00f3n, Miami Springs es conocida por su historia de aviaci\u00f3n y su singular forma triangular. En la actualidad, Miami Springs se ha recuperado econ\u00f3micamente y cuenta con muchas empresas nuevas, as\u00ed como con espacios verdes, teatro, pistas de raquetbol e impresionantes edificios hist\u00f3ricos.  <\/p>\n<p>Como en cualquier ciudad, las empresas de Miami Springs tienen la obligaci\u00f3n de garantizar que los productos y servicios que venden son seguros. En los casos en que un fabricante o minorista venda a sabiendas productos defectuosos y que causen da\u00f1os, las partes perjudicadas tienen derecho, seg\u00fan la legislaci\u00f3n de Florida, a presentar una demanda <a href=\"productos-responsabilidad.html\">por responsabilidad civil por productos defectuosos<\/a> en <a href=\"productos-responsabilidad.html\">Miami Springs<\/a>. <\/p>\n<p>Los productos cotidianos que compramos pueden ser extremadamente peligrosos. Cada a\u00f1o, electrodom\u00e9sticos sencillos como tostadoras, hornillos, lavavajillas y otros productos provocan incendios, quemaduras en Miami Springs, electrocuciones y otras lesiones. En algunos casos, los productos defectuosos pueden ser incluso mortales. Siempre es especialmente devastador cuando los casos de responsabilidad por productos defectuosos afectan a ni\u00f1os. Por desgracia, en los \u00faltimos a\u00f1os se han retirado algunos asientos de seguridad y juguetes infantiles debido a lesiones graves e incluso muertes de ni\u00f1os causadas por un defecto de fabricaci\u00f3n o dise\u00f1o.    <\/p>\n<p>Si has resultado lesionado por un producto defectuoso, ponte en contacto inmediatamente con un abogado de Miami Springs especializado en lesiones personales. Tienes derecho a emprender acciones legales, pero a menudo existen plazos estrictos sobre cu\u00e1ndo debes presentar una demanda. Adem\u00e1s, las pruebas de tu lesi\u00f3n y del producto defectuoso pueden ser m\u00e1s dif\u00edciles de conseguir si esperas. Ponerte en contacto de inmediato con un abogado de lesiones personales de Miami Springs garantiza que tu caso pueda ser investigado y documentado cuidadosamente por un abogado profesional y asegura que dispongas del asesoramiento jur\u00eddico adecuado desde el principio. Un abogado de lesiones personales de Miami Springs cualificado puede determinar c\u00f3mo se estrope\u00f3 el producto y c\u00f3mo te lesionaste. Tambi\u00e9n puede llevar tu reclamaci\u00f3n ante los tribunales. En muchos casos, las compa\u00f1\u00edas de seguros que protegen a las empresas son poderosas y tienen equipos de abogados de su parte. Es importante que consultes a un abogado cualificado especializado en lesiones personales de Miami Springs lo antes posible despu\u00e9s de lesionarte, para obtener el mejor asesoramiento jur\u00eddico y las mayores posibilidades de ganar tu caso.       <\/p>\n<p>Si usted necesita un abogado de lesiones personales en Miami Springs, contacte hoy mismo al <a href=\"index.html\">Grupo Legal Flaxman<\/a>. Charles Flaxman, del Grupo Legal Flaxman, trabaj\u00f3 durante diez a\u00f1os en la industria de los seguros antes de decidir ayudar a los demandantes por lesiones personales convirti\u00e9ndose en abogado de lesiones personales. Despu\u00e9s de graduarse entre los primeros de su clase de derecho, ha dedicado su vida a ayudar a las v\u00edctimas de lesiones personales de Florida del Sur a recuperar un futuro mejor. Ha trabajado con \u00e9xito con miles de v\u00edctimas de lesiones personales del sur de Florida y les ha ayudado a conseguir la indemnizaci\u00f3n que necesitan para reponer los ingresos perdidos, pagar las facturas m\u00e9dicas y otros gastos.   <\/p>\n<p>El Grupo Legal Flaxman es una firma de servicios integrales, y el equipo legal profesional y compasivo del Grupo Legal Flaxman siempre est\u00e1 dispuesto a ayudar a alguien que haya sufrido lesiones graves. Si usted ha resultado lesionado por un producto defectuoso, <a href=\"contacta con nosotros.html\">contacte<\/a> hoy mismo al Grupo Legal Flaxman para programar una consulta gratuita y sin compromiso para hablar sobre su caso y situaci\u00f3n con un profesional del derecho. <\/p>\n<\/p><\/div>\n<\/p><\/div>\n","protected":false},"excerpt":{"rendered":"<p>Sin honorarios a menos que ganemos. Llama al 866-352-9626 para una &#8230; <\/p>\n","protected":false},"author":3,"featured_media":0,"parent":0,"menu_order":0,"comment_status":"closed","ping_status":"closed","template":"template-practice-areas.php","meta":{"footnotes":""},"class_list":["post-22093","page","type-page","status-publish","hentry"],"featured_image_src":null,"featured_image_src_square":null,"_links":{"self":[{"href":"https:\/\/flaxmanlaw.com\/es\/wp-json\/wp\/v2\/pages\/22093","targetHints":{"allow":["GET"]}}],"collection":[{"href":"https:\/\/flaxmanlaw.com\/es\/wp-json\/wp\/v2\/pages"}],"about":[{"href":"https:\/\/flaxmanlaw.com\/es\/wp-json\/wp\/v2\/types\/page"}],"author":[{"embeddable":true,"href":"https:\/\/flaxmanlaw.com\/es\/wp-json\/wp\/v2\/users\/3"}],"replies":[{"embeddable":true,"href":"https:\/\/flaxmanlaw.com\/es\/wp-json\/wp\/v2\/comments?post=22093"}],"version-history":[{"count":0,"href":"https:\/\/flaxmanlaw.com\/es\/wp-json\/wp\/v2\/pages\/22093\/revisions"}],"wp:attachment":[{"href":"https:\/\/flaxmanlaw.com\/es\/wp-json\/wp\/v2\/media?parent=22093"}],"curies":[{"name":"wp","href":"https:\/\/api.w.org\/{rel}","templated":true}]}}