{"id":22094,"date":"2024-11-18T12:44:46","date_gmt":"2024-11-18T12:44:46","guid":{"rendered":"https:\/\/flaxmanlaw.wpenginepowered.com\/miami-springs-negligencia-farmaceutica-abogados-de-lesiones-personales-del-condado-de-miami-dade\/"},"modified":"2024-11-18T12:44:46","modified_gmt":"2024-11-18T12:44:46","slug":"miami-springs-negligencia-farmaceutica-abogados-de-lesiones-personales-del-condado-de-miami-dade","status":"publish","type":"page","link":"https:\/\/flaxmanlaw.com\/es\/miami-springs-negligencia-farmaceutica-abogados-de-lesiones-personales-del-condado-de-miami-dade\/","title":{"rendered":"Miami Springs Negligencia Farmac\u00e9utica | Abogados de lesiones personales del condado de Miami-Dade"},"content":{"rendered":"<div class=\"bodytext\">\n<h2>Negligencia farmac\u00e9utica en Miami Springs<\/h1><\/h2>\n<div class=\"description\">\n<p>Miami Springs, en el condado de Miami-Dade, es una de las comunidades suburbanas planificadas fuera de la propia Miami. Dise\u00f1ada con arquitectura de estilo Pueblo Revival y Misi\u00f3n, Miami Springs sigue siendo un lugar atractivo para vivir, ya que la zona est\u00e1 aislada del bullicio y las prisas de la gran ciudad, al tiempo que ofrece f\u00e1cil acceso a los servicios urbanos. Llamada as\u00ed por una fuente de agua de la zona, Miami Springs es conocida por sus atracciones \u00fanicas, como el Edificio Clune-Stadnik, la Primera Iglesia Presbiteriana y el Puente Pony Swing.  <\/p>\n<p>Los errores farmac\u00e9uticos se producen en Miami Springs, igual que en todas las ciudades de Florida. Cuando este tipo de lesi\u00f3n afecta a tu familia, los resultados pueden ser devastadores. La medicaci\u00f3n incorrecta tomada en la dosis equivocada puede causar lesiones potencialmente mortales y dejarte con lesiones permanentes. Si has resultado lesionado y necesitas respuestas y justicia, siempre puedes contactar al <a href=\"sobre nosotros.html\">Grupo Legal Flaxman<\/a> para hablar con un profesional legal.   <\/p>\n<p><strong class=\"heading4\">\u00bfQu\u00e9 tipos de negligencia farmac\u00e9utica son frecuentes en Miami Springs y alrededores?<\/strong><\/p>\n<p>Hay muchos tipos de errores farmac\u00e9uticos que son frecuentes en Miami Springs y en Florida:<\/p>\n<ul>\n<li>Errores de rellenado<\/li>\n<li>Errores compuestos<\/li>\n<li>Sustituci\u00f3n de medicamentos gen\u00e9ricos sin el consentimiento del paciente<\/li>\n<li>Rellenar recetas con medicamentos caducados<\/li>\n<li>Mantener los medicamentos sin receta caducados en las estanter\u00edas<\/li>\n<li>Surtir recetas que interact\u00faen negativamente con otra medicaci\u00f3n que est\u00e9 tomando el paciente<\/li>\n<li>Etiquetado incorrecto de medicamentos<\/li>\n<li>Ofrecer etiquetas e instrucciones de medicaci\u00f3n incompletas o incorrectas<\/li>\n<li>No ofrecer asesoramiento al paciente<\/li>\n<li>No asegurarse de que los pacientes comprenden su nueva prescripci\u00f3n<\/li>\n<li>Errores de dosificaci\u00f3n<\/li>\n<li>Mezclar medicamentos que suenan como<\/li>\n<li>Confusiones en la informaci\u00f3n al paciente<\/li>\n<li>Mezclas de medicamentos<\/li>\n<\/ul>\n<p><strong class=\"heading4\">Qu\u00e9 se puede hacer ante una negligencia farmac\u00e9utica en Miami Springs y otras comunidades<\/strong><\/p>\n<p>En mayo de 2008, la Legislatura de Florida aprob\u00f3 la Ley de T\u00e9cnicos Farmac\u00e9uticos para reducir el riesgo de errores farmac\u00e9uticos y otras confusiones m\u00e9dicas causadas por la negligencia de las farmacias. Esta ley y otros esfuerzos legislativos se han creado en parte porque las farmacias y empresas m\u00e1s grandes est\u00e1n contratando a t\u00e9cnicos farmac\u00e9uticos y auxiliares de farmacia en lugar de a farmac\u00e9uticos licenciados para ahorrar dinero. Por desgracia, estos empleados peor pagados no siempre tienen los conocimientos necesarios para dispensar las recetas de forma segura y correcta, sobre todo si el historial m\u00e9dico del paciente o sus necesidades de medicaci\u00f3n son m\u00e1s complejas. Al mismo tiempo, muchas farmacias se est\u00e1n convirtiendo en entornos de trabajo cada vez m\u00e1s acelerados y estresantes, en los que a veces se despachan miles de recetas al d\u00eda. Este ritmo fren\u00e9tico puede aumentar el riesgo de errores farmac\u00e9uticos y <a href=\"negligencia-m\u00e9dica.html\">negligencias m\u00e9dicas<\/a> en Miami Springs y otras ciudades de Florida.    <\/p>\n<p>Si puedes haber sido v\u00edctima de una negligencia farmac\u00e9utica, es importante que consultes a un m\u00e9dico para recibir asistencia m\u00e9dica inmediata. Tambi\u00e9n es importante consultar a un abogado de lesiones personales en Miami Springs o en tu comunidad. Un buen abogado puede investigar la situaci\u00f3n, puede representarte en un caso legal y puede proporcionarte asesoramiento jur\u00eddico importante.  <\/p>\n<p>Si usted est\u00e1 buscando un abogado de lesiones personales en Miami Springs o en cualquier parte de Florida del Sur, siempre puede <a href=\"contacta con nosotros.html\">contactar<\/a> al Grupo Legal Flaxman para una revisi\u00f3n gratuita de su caso. El compasivo y profesional personal jur\u00eddico de la firma de servicios integrales ha dedicado m\u00e1s de 25 a\u00f1os a ayudar a las v\u00edctimas de lesiones personales en Florida del Sur. Llame hoy mismo para averiguar lo que el equipo de abogados puede hacer por usted.  <\/p>\n<\/p><\/div>\n<\/p><\/div>\n","protected":false},"excerpt":{"rendered":"<p>Sin honorarios a menos que ganemos. Llama al 866-352-9626 para una &#8230; <\/p>\n","protected":false},"author":3,"featured_media":0,"parent":0,"menu_order":0,"comment_status":"closed","ping_status":"closed","template":"template-practice-areas.php","meta":{"footnotes":""},"class_list":["post-22094","page","type-page","status-publish","hentry"],"featured_image_src":null,"featured_image_src_square":null,"_links":{"self":[{"href":"https:\/\/flaxmanlaw.com\/es\/wp-json\/wp\/v2\/pages\/22094","targetHints":{"allow":["GET"]}}],"collection":[{"href":"https:\/\/flaxmanlaw.com\/es\/wp-json\/wp\/v2\/pages"}],"about":[{"href":"https:\/\/flaxmanlaw.com\/es\/wp-json\/wp\/v2\/types\/page"}],"author":[{"embeddable":true,"href":"https:\/\/flaxmanlaw.com\/es\/wp-json\/wp\/v2\/users\/3"}],"replies":[{"embeddable":true,"href":"https:\/\/flaxmanlaw.com\/es\/wp-json\/wp\/v2\/comments?post=22094"}],"version-history":[{"count":0,"href":"https:\/\/flaxmanlaw.com\/es\/wp-json\/wp\/v2\/pages\/22094\/revisions"}],"wp:attachment":[{"href":"https:\/\/flaxmanlaw.com\/es\/wp-json\/wp\/v2\/media?parent=22094"}],"curies":[{"name":"wp","href":"https:\/\/api.w.org\/{rel}","templated":true}]}}