{"id":22095,"date":"2024-11-18T12:44:46","date_gmt":"2024-11-18T12:44:46","guid":{"rendered":"https:\/\/flaxmanlaw.wpenginepowered.com\/autobuses-privados-miami-springs-abogados-de-lesiones-del-condado-de-miami-dade\/"},"modified":"2024-11-18T12:44:46","modified_gmt":"2024-11-18T12:44:46","slug":"autobuses-privados-miami-springs-abogados-de-lesiones-del-condado-de-miami-dade","status":"publish","type":"page","link":"https:\/\/flaxmanlaw.com\/es\/autobuses-privados-miami-springs-abogados-de-lesiones-del-condado-de-miami-dade\/","title":{"rendered":"Autobuses privados Miami Springs | Abogados de lesiones del condado de Miami-Dade"},"content":{"rendered":"<div class=\"bodytext\">\n<h2>Autobuses Privados Miami Springs<\/h1><\/h2>\n<div class=\"description\">\n<p>Los accidentes de autob\u00fas privado y de autob\u00fas lanzadera de aeropuerto en Miami Springs y en toda Florida pueden causar lesiones graves e incluso v\u00edctimas mortales. El gran tama\u00f1o de estos veh\u00edculos, as\u00ed como el pesado equipaje que transportan, pueden conspirar para provocar lesiones graves y colisiones. Si has resultado herido en este tipo de colisi\u00f3n, querr\u00e1s consultar a un abogado de lesiones personales para asegurarte de que se protegen tus derechos.  <\/p>\n<p>Si usted necesita asesor\u00eda legal o asistencia despu\u00e9s de un accidente que involucre a un autob\u00fas privado o al servicio de transporte del aeropuerto, querr\u00e1 hablar con un abogado experimentado en lesiones personales. Si deseas hablar con un abogado con experiencia en demandas por autobuses de enlace y otros autobuses privados, por favor contacta hoy mismo <a href=\"contacta con nosotros.html\">al Grupo Legal Flaxman<\/a> en l\u00ednea o llamando al 866-352-9626. <\/p>\n<p><strong class=\"heading4\">El lado caro del autob\u00fas privado y las lanzaderas gratuitas<\/strong><\/p>\n<p>Hay lanzaderas gratuitas y autobuses privados disponibles desde y hacia los aeropuertos y hoteles de Miami Springs y en muchos destinos del sur de Florida. A primera vista, este tipo de opciones de transporte privado pueden parecer una gran oferta. Sin embargo, estos supuestos servicios gratuitos pueden resultar muy caros r\u00e1pidamente si has resultado herido en una colisi\u00f3n en Miami Springs o en otra comunidad.  <\/p>\n<p>En este tipo de situaciones, puedes tener que pagar una cantidad considerable por gastos m\u00e9dicos, salarios perdidos, reposici\u00f3n de tu equipaje y efectos personales, y mucho m\u00e1s. S\u00f3lo una estancia en un hospital del sur de Florida puede costar decenas de miles o cientos de miles de d\u00f3lares. <\/p>\n<p>Puedes suponer que si has cogido un servicio de lanzadera gratuito o un autob\u00fas privado gratuito no tienes derecho a reclamar una indemnizaci\u00f3n, pero no es as\u00ed. Incluso las lanzaderas gratuitas y los autobuses privados est\u00e1n protegidos por un seguro y se espera que te mantengan a salvo. Aunque el servicio sea gratuito para ti, los propietarios del autob\u00fas est\u00e1n pagando el seguro, as\u00ed como los gastos de mantenimiento del transbordador accidentado. A\u00fan puedes reclamar contra la empresa y su aseguradora si has resultado herido. Te conviene hablar con un abogado de lesiones personales y buscar una indemnizaci\u00f3n justa por tus lesiones.    <\/p>\n<p><strong class=\"heading4\">Consigue asesoramiento jur\u00eddico antes de firmar o aceptar nada<\/strong><\/p>\n<p>Los abogados del Grupo Legal Flaxman cuentan con m\u00e1s de seis d\u00e9cadas de experiencia combinada. En nuestro enfoque en el \u00e1rea del Sur de Florida, hemos ayudado a muchos demandantes a tratar con las compa\u00f1\u00edas de seguros locales, as\u00ed como con las empresas locales de transporte. Entendemos a las compa\u00f1\u00edas que ofrecen estos servicios y comprendemos qu\u00e9 complicaciones legales pueden surgir en las demandas tras una colisi\u00f3n.  <\/p>\n<p>Si has resultado herido en una colisi\u00f3n con un autob\u00fas de l\u00ednea o privado, llama a nuestro bufete de abogados al 866-352-9626 antes de aceptar nada o firmar nada. Podemos ayudarte a comprender el valor y la solidez de tu posible caso y a explorar todas tus opciones legales para que puedas avanzar con confianza. Tu consulta inicial con nosotros es gratuita y sin compromiso, por lo que no arriesgas nada.  <\/p>\n<\/p><\/div>\n<\/p><\/div>\n","protected":false},"excerpt":{"rendered":"<p>Sin honorarios a menos que ganemos. Llama al 866-352-9626 para una &#8230; <\/p>\n","protected":false},"author":3,"featured_media":0,"parent":0,"menu_order":0,"comment_status":"closed","ping_status":"closed","template":"template-practice-areas.php","meta":{"footnotes":""},"class_list":["post-22095","page","type-page","status-publish","hentry"],"featured_image_src":null,"featured_image_src_square":null,"_links":{"self":[{"href":"https:\/\/flaxmanlaw.com\/es\/wp-json\/wp\/v2\/pages\/22095","targetHints":{"allow":["GET"]}}],"collection":[{"href":"https:\/\/flaxmanlaw.com\/es\/wp-json\/wp\/v2\/pages"}],"about":[{"href":"https:\/\/flaxmanlaw.com\/es\/wp-json\/wp\/v2\/types\/page"}],"author":[{"embeddable":true,"href":"https:\/\/flaxmanlaw.com\/es\/wp-json\/wp\/v2\/users\/3"}],"replies":[{"embeddable":true,"href":"https:\/\/flaxmanlaw.com\/es\/wp-json\/wp\/v2\/comments?post=22095"}],"version-history":[{"count":0,"href":"https:\/\/flaxmanlaw.com\/es\/wp-json\/wp\/v2\/pages\/22095\/revisions"}],"wp:attachment":[{"href":"https:\/\/flaxmanlaw.com\/es\/wp-json\/wp\/v2\/media?parent=22095"}],"curies":[{"name":"wp","href":"https:\/\/api.w.org\/{rel}","templated":true}]}}