{"id":22098,"date":"2024-11-18T12:45:06","date_gmt":"2024-11-18T12:45:06","guid":{"rendered":"https:\/\/flaxmanlaw.wpenginepowered.com\/choque-frontal-en-miramar-abogados-de-accidentes-de-coche-en-el-condado-de-broward\/"},"modified":"2024-11-18T12:45:06","modified_gmt":"2024-11-18T12:45:06","slug":"choque-frontal-en-miramar-abogados-de-accidentes-de-coche-en-el-condado-de-broward","status":"publish","type":"page","link":"https:\/\/flaxmanlaw.com\/es\/choque-frontal-en-miramar-abogados-de-accidentes-de-coche-en-el-condado-de-broward\/","title":{"rendered":"Choque frontal en Miramar | Abogados de accidentes de coche en el condado de Broward"},"content":{"rendered":"<div class=\"bodytext\">\n<h2>Colisi\u00f3n frontal en Miramar<\/h1><\/h2>\n<div class=\"description\">\n<p>Las colisiones frontales en Miramar y en todo Florida se producen cuando chocan dos veh\u00edculos que se dirigen el uno hacia el otro. Normalmente, este tipo de accidentes son muy graves y pueden provocar v\u00edctimas mortales, traumatismos craneoencef\u00e1licos, lesiones medulares y otras lesiones graves. Por ello, los expertos recomiendan hacer todo lo posible para evitar este tipo de accidentes, aunque s\u00f3lo tengas unos segundos para maniobrar y debas conducir por el arc\u00e9n de la carretera.  <\/p>\n<p>Por supuesto, no todos los accidentes pueden prevenirse. Si usted o un ser querido han resultado lesionados en un choque frontal, <a href=\"contacta con nosotros.html\">contacte<\/a> al Grupo Legal Flaxman para programar una consulta gratuita sobre su caso. La firma de servicios integrales del Grupo Legal Flaxman trabaja d\u00eda y noche para ayudar a demandantes como usted a obtener una oportunidad justa de compensaci\u00f3n. Para saber m\u00e1s, cont\u00e1ctanos hoy mismo al 866-352-9626.   <\/p>\n<p><strong class=\"heading4\">Proteger tus derechos tras un accidente de tr\u00e1fico grave en Miramar o en el sur de Florida<\/strong><\/p>\n<p>Si has sufrido una colisi\u00f3n frontal y el accidente no fue culpa tuya, la ley de Florida puede permitirte reclamar una indemnizaci\u00f3n. Puedes tener derechos que te permitan obtener indemnizaci\u00f3n por: <\/p>\n<ul>\n<li>Lesiones<\/li>\n<li>Dolor y sufrimiento<\/li>\n<li>Reparaci\u00f3n o sustituci\u00f3n del coche<\/li>\n<li>Da\u00f1os materiales<\/li>\n<li>P\u00e9rdida de compa\u00f1\u00eda<\/li>\n<li>Discapacidad<\/li>\n<li>Facturas m\u00e9dicas<\/li>\n<li>Faltas al trabajo<\/li>\n<li>Costes m\u00e9dicos previstos en el futuro<\/li>\n<li>P\u00e9rdida de ingresos esperada en el futuro<\/li>\n<\/ul>\n<p>Para saber m\u00e1s, tendr\u00e1s que hablar con un abogado especializado en lesiones personales. Si la colisi\u00f3n frontal que te ha afectado se ha saldado con una v\u00edctima mortal, es posible que puedas obtener una indemnizaci\u00f3n mediante una demanda por homicidio culposo si la persona que ha fallecido a consecuencia del accidente era un familiar. Si la colisi\u00f3n caus\u00f3 da\u00f1os como p\u00e9rdida de ingresos, facturas m\u00e9dicas, da\u00f1os en el coche o da\u00f1os materiales, puedes tener una reclamaci\u00f3n por lesiones personales.  <\/p>\n<p><strong class=\"heading4\">Consigue ayuda tras un accidente de tr\u00e1fico<\/strong><\/p>\n<p>Con demasiada frecuencia, la gente asume que si ha tenido un accidente de cami\u00f3n, de coche o de moto en Miramar o en otra comunidad, su seguro cubrir\u00e1 los da\u00f1os. O pueden pensar que no necesitan un abogado porque el accidente ha sido demasiado leve. Ambas suposiciones pueden salir muy caras.  <\/p>\n<p>La realidad es que un profesional del Derecho puede decirte si tienes una reclamaci\u00f3n s\u00f3lida y cu\u00e1nto puede valer esa reclamaci\u00f3n. Siempre merece la pena hablar con un abogado especializado en lesiones personales si has sufrido lesiones. Aunque tu compa\u00f1\u00eda de seguros te haya hecho lo que t\u00fa consideras una oferta justa, puede que tengas derecho a m\u00e1s seg\u00fan la legislaci\u00f3n de Florida, y reclamar esa cantidad m\u00e1s justa podr\u00eda ayudarte a pagar los ingresos perdidos, los gastos m\u00e9dicos y los muchos otros gastos a los que puedas tener que hacer frente.  <\/p>\n<p>La firma de servicios integrales del <a href=\"index.html\">Grupo Legal Flaxman<\/a> cuenta con un equipo de abogados que tienen m\u00e1s de sesenta a\u00f1os de experiencia combinada asegurando indemnizaciones en casos de accidentes automovil\u00edsticos. De hecho, nuestro equipo legal ya ha recuperado m\u00e1s de $100 millones de d\u00f3lares a favor de demandantes en Florida del Sur. Si tienes preguntas, como \u00ab\u00bfTengo un caso?\u00bb &#8211; despu\u00e9s de su accidente automovil\u00edstico, no dude en llamar al Grupo Legal Flaxman al 866-352-9626 para programar una consulta confidencial y sin costo sobre su caso.  <\/p>\n<\/p><\/div>\n<\/p><\/div>\n","protected":false},"excerpt":{"rendered":"<p>Sin honorarios a menos que ganemos. Llama al 866-352-9626 para una &#8230; <\/p>\n","protected":false},"author":3,"featured_media":0,"parent":0,"menu_order":0,"comment_status":"closed","ping_status":"closed","template":"template-practice-areas.php","meta":{"footnotes":""},"class_list":["post-22098","page","type-page","status-publish","hentry"],"featured_image_src":null,"featured_image_src_square":null,"_links":{"self":[{"href":"https:\/\/flaxmanlaw.com\/es\/wp-json\/wp\/v2\/pages\/22098","targetHints":{"allow":["GET"]}}],"collection":[{"href":"https:\/\/flaxmanlaw.com\/es\/wp-json\/wp\/v2\/pages"}],"about":[{"href":"https:\/\/flaxmanlaw.com\/es\/wp-json\/wp\/v2\/types\/page"}],"author":[{"embeddable":true,"href":"https:\/\/flaxmanlaw.com\/es\/wp-json\/wp\/v2\/users\/3"}],"replies":[{"embeddable":true,"href":"https:\/\/flaxmanlaw.com\/es\/wp-json\/wp\/v2\/comments?post=22098"}],"version-history":[{"count":0,"href":"https:\/\/flaxmanlaw.com\/es\/wp-json\/wp\/v2\/pages\/22098\/revisions"}],"wp:attachment":[{"href":"https:\/\/flaxmanlaw.com\/es\/wp-json\/wp\/v2\/media?parent=22098"}],"curies":[{"name":"wp","href":"https:\/\/api.w.org\/{rel}","templated":true}]}}