{"id":22099,"date":"2024-11-18T12:44:46","date_gmt":"2024-11-18T12:44:46","guid":{"rendered":"https:\/\/flaxmanlaw.wpenginepowered.com\/miami-springs-seguridad-de-los-pasajeros-abogados-de-accidentes-de-coche-del-condado-de-miami-dade\/"},"modified":"2024-11-18T12:44:46","modified_gmt":"2024-11-18T12:44:46","slug":"miami-springs-seguridad-de-los-pasajeros-abogados-de-accidentes-de-coche-del-condado-de-miami-dade","status":"publish","type":"page","link":"https:\/\/flaxmanlaw.com\/es\/miami-springs-seguridad-de-los-pasajeros-abogados-de-accidentes-de-coche-del-condado-de-miami-dade\/","title":{"rendered":"Miami Springs Seguridad de los Pasajeros | Abogados de Accidentes de Coche del Condado de Miami-Dade"},"content":{"rendered":"<div class=\"bodytext\">\n<h2>Seguridad de los pasajeros en Miami Springs<\/h1><\/h2>\n<div class=\"description\">\n<p>En muchas colisiones automovil\u00edsticas en Miami Springs y Florida, hay pasajeros en un veh\u00edculo, adem\u00e1s de conductores, y estos ocupantes pueden sufrir lesiones graves, especialmente en una colisi\u00f3n lateral. Mientras que un conductor est\u00e1 protegido por su compa\u00f1\u00eda de seguros, los pasajeros a veces luchan por obtener una indemnizaci\u00f3n justa por sus lesiones. <\/p>\n<p>Si has resultado lesionado como pasajero de un veh\u00edculo, tienes derechos. Para saber m\u00e1s, contacta con el bufete del Grupo Legal Flaxman para una consulta gratuita sobre accidentes. Los abogados del Grupo Legal Flaxman cuentan con m\u00e1s de seis d\u00e9cadas de experiencia combinada y han establecido una reputaci\u00f3n por defender agresivamente a los demandantes.  <\/p>\n<p><strong class=\"heading4\">Las lesiones infantiles son una lesi\u00f3n com\u00fan de los pasajeros<\/strong><\/p>\n<p>Uno de los tipos m\u00e1s tr\u00e1gicos de lesiones de pasajeros afecta a los ni\u00f1os. Como son m\u00e1s peque\u00f1os, suelen ser m\u00e1s vulnerables a los traumatismos craneoencef\u00e1licos y otras lesiones graves. El lugar m\u00e1s seguro para los ni\u00f1os pasajeros es el asiento trasero, en un sistema de retenci\u00f3n de seguridad adecuado a su edad. Por desgracia, cuando se permite a los ni\u00f1os sentarse en el asiento delantero o no se les coloca en una silla especial, pueden sufrir lesiones catastr\u00f3ficas o mortales en una colisi\u00f3n de tr\u00e1fico.   <\/p>\n<p>Sin embargo, incluso con sistemas de retenci\u00f3n adecuados a la edad, pueden producirse lesiones infantiles. En algunos casos, los asientos infantiles y los sistemas de retenci\u00f3n de seguridad no son tan seguros como los fabricantes quieren hacer creer a los clientes, o los defectos del producto hacen que los sistemas fallen. En otros casos, la gravedad de un accidente grave de coche o cami\u00f3n hace simplemente que, incluso con un asiento de seguridad adecuado, un ni\u00f1o sufra lesiones graves o mortales debido a la fuerza del impacto.  <\/p>\n<p><strong class=\"heading4\">Los cinturones de seguridad son una parte crucial de la seguridad de los pasajeros en Miami Springs y Florida<\/strong><\/p>\n<p>Para los pasajeros adultos, llevar el cintur\u00f3n de seguridad correctamente puede marcar la diferencia. Cuando utilices un cintur\u00f3n de seguridad de tres puntos, aseg\u00farate de que la parte abdominal del cintur\u00f3n pasa por las caderas y no por el est\u00f3mago. Esto se debe a que los huesos de la cadera pueden soportar m\u00e1s fuerza en un choque que el est\u00f3mago. Colocar el cintur\u00f3n de seguridad demasiado alto puede provocar lesiones en el est\u00f3mago y en \u00f3rganos internos.   <\/p>\n<p>Una vez colocada correctamente la parte abdominal del cintur\u00f3n de seguridad, coloca la parte del arn\u00e9s de los hombros del cintur\u00f3n de modo que quede baja sobre el pecho y el torso. No dejes que el cintur\u00f3n quede alto, cerca de la cara y el cuello. Para los pasajeros adultos de menos de 1,70 m, el cintur\u00f3n de seguridad o el asiento pueden requerir alg\u00fan ajuste para conseguir la posici\u00f3n correcta, pero esto es crucial, ya que un arn\u00e9s de hombros mal colocado puede causar lesiones en la cabeza y laceraciones en la cara. En algunos casos, pueden poner en peligro la vida si cortan las arterias del hombro del pasajero en un accidente.   <\/p>\n<p>Si has resultado lesionado a pesar de haber tomado precauciones, contacta con <a href=\"index.html\">el Grupo Legal Flaxman<\/a> para averiguar c\u00f3mo puedes solicitar una indemnizaci\u00f3n. Podemos eliminar parte de la confusi\u00f3n ayud\u00e1ndote a comprender tus opciones legales y ayud\u00e1ndote a entender si tienes una demanda legal. <a href=\"contacta con nosotros.html\">Contacta con<\/a> nuestro bufete de servicios integrales para concertar una consulta gratuita sobre accidentes y hablar de tu caso. <\/p>\n<\/p><\/div>\n<\/p><\/div>\n","protected":false},"excerpt":{"rendered":"<p>Sin honorarios a menos que ganemos. Llama al 866-352-9626 para una &#8230; <\/p>\n","protected":false},"author":3,"featured_media":0,"parent":0,"menu_order":0,"comment_status":"closed","ping_status":"closed","template":"template-practice-areas.php","meta":{"footnotes":""},"class_list":["post-22099","page","type-page","status-publish","hentry"],"featured_image_src":null,"featured_image_src_square":null,"_links":{"self":[{"href":"https:\/\/flaxmanlaw.com\/es\/wp-json\/wp\/v2\/pages\/22099","targetHints":{"allow":["GET"]}}],"collection":[{"href":"https:\/\/flaxmanlaw.com\/es\/wp-json\/wp\/v2\/pages"}],"about":[{"href":"https:\/\/flaxmanlaw.com\/es\/wp-json\/wp\/v2\/types\/page"}],"author":[{"embeddable":true,"href":"https:\/\/flaxmanlaw.com\/es\/wp-json\/wp\/v2\/users\/3"}],"replies":[{"embeddable":true,"href":"https:\/\/flaxmanlaw.com\/es\/wp-json\/wp\/v2\/comments?post=22099"}],"version-history":[{"count":0,"href":"https:\/\/flaxmanlaw.com\/es\/wp-json\/wp\/v2\/pages\/22099\/revisions"}],"wp:attachment":[{"href":"https:\/\/flaxmanlaw.com\/es\/wp-json\/wp\/v2\/media?parent=22099"}],"curies":[{"name":"wp","href":"https:\/\/api.w.org\/{rel}","templated":true}]}}