{"id":22101,"date":"2024-11-18T12:45:06","date_gmt":"2024-11-18T12:45:06","guid":{"rendered":"https:\/\/flaxmanlaw.wpenginepowered.com\/seguridad-inadecuada-en-miramar-abogados-de-responsabilidad-civil-en-el-condado-de-broward\/"},"modified":"2024-11-18T12:45:06","modified_gmt":"2024-11-18T12:45:06","slug":"seguridad-inadecuada-en-miramar-abogados-de-responsabilidad-civil-en-el-condado-de-broward","status":"publish","type":"page","link":"https:\/\/flaxmanlaw.com\/es\/seguridad-inadecuada-en-miramar-abogados-de-responsabilidad-civil-en-el-condado-de-broward\/","title":{"rendered":"Seguridad inadecuada en Miramar | Abogados de responsabilidad civil en el condado de Broward"},"content":{"rendered":"<div class=\"bodytext\">\n<h2>Miramar Seguridad inadecuada<\/h1><\/h2>\n<div class=\"description\">\n<p>Los propietarios son responsables no s\u00f3lo del mantenimiento de su propiedad, sino tambi\u00e9n de proporcionarle la seguridad adecuada. Si no lo hacen y, como consecuencia, alguien resulta herido en la propiedad, los perjudicados tienen derecho a reclamar una indemnizaci\u00f3n legal a los propietarios. <\/p>\n<p>Si has sido v\u00edctima de un delito grave, como un atraco, una tasa, una agresi\u00f3n u otra actividad delictiva, y crees que una seguridad inadecuada permiti\u00f3 al autor del delito atacarte, puedes tener una reclamaci\u00f3n legal. Dependiendo de tu situaci\u00f3n, puedes tener una reclamaci\u00f3n por seguridad inadecuada en Miramar o en tu comunidad. Tambi\u00e9n puedes tener otras opciones legales. Para obtener m\u00e1s informaci\u00f3n, siempre puedes ponerte en contacto con el Grupo Legal Flaxman para concertar una consulta gratuita sobre accidentes.   <\/p>\n<p><strong class=\"heading4\">\u00bfCu\u00e1les son ejemplos de negligencia del propietario?<\/strong><\/p>\n<p>Hay muchas formas en que el propietario de un inmueble puede ser negligente a la hora de proporcionar una seguridad adecuada:<\/p>\n<ul>\n<li>El propietario puede haber tenido conocimiento de actividades delictivas anteriores en la zona, pero no actu\u00f3 para proteger a los visitantes de su propiedad.<\/li>\n<li>El propietario no manten\u00eda adecuadamente la propiedad, lo que permit\u00eda a los delincuentes acceder f\u00e1cilmente a puertas y ventanas<\/li>\n<li>El propietario no tom\u00f3 las medidas de seguridad adecuadas, como contratar a agentes de polic\u00eda fuera de servicio, instalar sistemas de alarma o garantizar una iluminaci\u00f3n adecuada.<\/li>\n<li>El propietario no tom\u00f3 las medidas b\u00e1sicas para proporcionar un espacio seguro, como proporcionar mucha visibilidad o una iluminaci\u00f3n adecuada<\/li>\n<li>El propietario no advirti\u00f3 a los visitantes sobre peligros anteriores o ataques previos en la zona<\/li>\n<\/ul>\n<p><strong class=\"heading4\">\u00bfCrees que tienes un caso de responsabilidad del establecimiento en Miramar?<\/strong><\/p>\n<p>Puede ser dif\u00edcil saber si tienes derecho a reclamar. En general, sin embargo, si has sufrido lesiones en una propiedad comercial o en una propiedad que no es tuya, es importante investigar para ver si tienes derecho a reclamar. Si la negligencia desempe\u00f1\u00f3 un papel en tu ataque, buscar justicia puede ayudarte con la carga econ\u00f3mica de tus lesiones. Tambi\u00e9n puede garantizar que los propietarios tomen las medidas necesarias para evitar nuevos delitos y lesiones en su propiedad.   <\/p>\n<p>Si quieres saber si tienes derecho a reclamar o te gustar\u00eda saber cu\u00e1nto puede valer tu posible reclamaci\u00f3n, ponte en contacto con un abogado de lesiones personales en Miramar o en tu comunidad. Un abogado con experiencia puede escuchar los detalles de tu caso y ayudarte a comprender tus opciones y cu\u00e1les pueden ser tus pr\u00f3ximos pasos. <\/p>\n<p>Contacta al Grupo Legal Flaxman en cualquier momento para programar una evaluaci\u00f3n de tu caso gratuita y sin compromiso para revisar tu situaci\u00f3n con un abogado de lesiones personales. Si tienes un caso, el Grupo Legal Flaxman puede ayudarte a lanzar una demanda legal, puede ayudar a construir un caso s\u00f3lido en tu nombre, o incluso puede negociar con las aseguradoras en tu nombre si eso es lo que decides hacer. En cualquier caso, obtener los hechos sobre tus opciones y derechos no cuesta nada y no conlleva ninguna obligaci\u00f3n, as\u00ed que no arriesgas nada contactando hoy mismo con el bufete de servicios integrales del <a href=\"contacta con nosotros.html\">Grupo Legal Flaxman<\/a>.  <\/p>\n<\/p><\/div>\n<\/p><\/div>\n","protected":false},"excerpt":{"rendered":"<p>Sin honorarios a menos que ganemos. Llama al 866-352-9626 para una &#8230; <\/p>\n","protected":false},"author":3,"featured_media":0,"parent":0,"menu_order":0,"comment_status":"closed","ping_status":"closed","template":"template-practice-areas.php","meta":{"footnotes":""},"class_list":["post-22101","page","type-page","status-publish","hentry"],"featured_image_src":null,"featured_image_src_square":null,"_links":{"self":[{"href":"https:\/\/flaxmanlaw.com\/es\/wp-json\/wp\/v2\/pages\/22101","targetHints":{"allow":["GET"]}}],"collection":[{"href":"https:\/\/flaxmanlaw.com\/es\/wp-json\/wp\/v2\/pages"}],"about":[{"href":"https:\/\/flaxmanlaw.com\/es\/wp-json\/wp\/v2\/types\/page"}],"author":[{"embeddable":true,"href":"https:\/\/flaxmanlaw.com\/es\/wp-json\/wp\/v2\/users\/3"}],"replies":[{"embeddable":true,"href":"https:\/\/flaxmanlaw.com\/es\/wp-json\/wp\/v2\/comments?post=22101"}],"version-history":[{"count":0,"href":"https:\/\/flaxmanlaw.com\/es\/wp-json\/wp\/v2\/pages\/22101\/revisions"}],"wp:attachment":[{"href":"https:\/\/flaxmanlaw.com\/es\/wp-json\/wp\/v2\/media?parent=22101"}],"curies":[{"name":"wp","href":"https:\/\/api.w.org\/{rel}","templated":true}]}}