{"id":22102,"date":"2024-11-18T12:45:06","date_gmt":"2024-11-18T12:45:06","guid":{"rendered":"https:\/\/flaxmanlaw.wpenginepowered.com\/accidentes-por-no-ceder-el-paso-en-miramar-abogados-de-accidentes-de-coche-en-el-condado-de-broward\/"},"modified":"2024-11-18T12:45:06","modified_gmt":"2024-11-18T12:45:06","slug":"accidentes-por-no-ceder-el-paso-en-miramar-abogados-de-accidentes-de-coche-en-el-condado-de-broward","status":"publish","type":"page","link":"https:\/\/flaxmanlaw.com\/es\/accidentes-por-no-ceder-el-paso-en-miramar-abogados-de-accidentes-de-coche-en-el-condado-de-broward\/","title":{"rendered":"Accidentes por no ceder el paso en Miramar | Abogados de accidentes de coche en el condado de Broward"},"content":{"rendered":"<div class=\"bodytext\">\n<h2>Accidentes por no ceder el paso en Miramar<\/h1><\/h2>\n<div class=\"description\">\n<p>Los choques por el derecho de paso en Miramar y Florida ocurren a menudo porque los conductores est\u00e1n distra\u00eddos o impacientes. En algunos casos, tambi\u00e9n pueden ocurrir porque un conductor no entiende las normas b\u00e1sicas sobre el derecho de paso. En todos los casos, estos accidentes son evitables y generalmente est\u00e1n causados por la negligencia del conductor.  <\/p>\n<p>Si has resultado lesionado en un choque por no ceder el paso, puedes tener una demanda legal que te permita buscar una compensaci\u00f3n por tus p\u00e9rdidas. Para averiguar si cumples los requisitos, contacta con el bufete de servicios integrales del Grupo Legal Flaxman para recibir una consulta gratuita sobre accidentes. <\/p>\n<p><strong class=\"heading4\">\u00bfPor qu\u00e9 se producen accidentes de coche y cami\u00f3n por no ceder el paso en Miramar?<\/strong><\/p>\n<p>Hay muchas razones por las que pueden producirse accidentes de tr\u00e1fico por no ceder el paso, entre ellas:<\/p>\n<ul>\n<li>Malas condiciones meteorol\u00f3gicas<\/li>\n<li>Conductores poco formados<\/li>\n<li>Conductores sin licencia o no cualificados<\/li>\n<li>Conductores distra\u00eddos<\/li>\n<li>Conductores ebrios<\/li>\n<li>Error del conductor<\/li>\n<li>Conductores fatigados<\/li>\n<li>Conductores que no comprenden las normas sobre el derecho de paso<\/li>\n<li>Mal dise\u00f1o de la carretera o mala se\u00f1alizaci\u00f3n<\/li>\n<\/ul>\n<p>Puede haber muchas razones por las que alguien no ceda el paso a otro automovilista. Sin embargo, no hay excusa para no respetar las normas de circulaci\u00f3n y provocar un accidente de tr\u00e1fico grave. Si te ha lesionado un conductor que no te ha cedido el paso, puedes presentar una demanda.  <\/p>\n<p><strong class=\"heading4\">Los accidentes de tr\u00e1fico no s\u00f3lo afectan a los conductores<\/strong><\/p>\n<p>Una de las cosas m\u00e1s tr\u00e1gicas de los accidentes con ceda el paso es que a menudo implican una colisi\u00f3n entre un coche o un cami\u00f3n y un peat\u00f3n o un motorista. Por ejemplo, muchos de estos casos son en realidad accidentes de peatones en Miramar o Florida, en los que un automovilista no cede el paso a un peat\u00f3n que cruzaba por un paso de peatones o un sem\u00e1foro. Muchos de estos casos son tambi\u00e9n accidentes de bicicleta en Florida, en los que un motorista no cede el paso a un ciclista.  <\/p>\n<p>En estos casos, el choque puede ser especialmente mortal y provocar lesiones permanentes y de por vida. Un ciclista, motociclista o peat\u00f3n simplemente no tiene ninguna posibilidad contra un veh\u00edculo m\u00e1s grande. Incluso en los casos en que el conductor culpable es un cami\u00f3n y el atropellado va en un turismo m\u00e1s peque\u00f1o, los resultados pueden ser catastr\u00f3ficos.  <\/p>\n<p>Siempre que un automovilista no ceda el paso y la negligencia provoque lesiones, la persona lesionada puede reclamar una indemnizaci\u00f3n mediante una reclamaci\u00f3n al seguro o una demanda judicial. Para saber si tienes derecho a reclamar o a recibir m\u00e1s indemnizaci\u00f3n, ponte en contacto con un abogado de lesiones personales de tu comunidad para revisar tus opciones legales. <\/p>\n<p><strong class=\"heading4\">\u00bfQuieres hablar con un profesional del Derecho?<\/strong><\/p>\n<p>Los abogados del Grupo Legal Flaxman est\u00e1n comprometidos a recuperar la m\u00e1xima cantidad de compensaci\u00f3n posible para nuestros clientes. Nuestra firma de servicios integrales trabaja con una red de investigadores privados, expertos en reconstrucci\u00f3n de accidentes, ingenieros, y otros profesionales para construir casos s\u00f3lidos. Nuestros abogados tienen m\u00e1s de 60 a\u00f1os de experiencia combinada litigando casos complicados de lesiones personales y accidentes de tr\u00e1fico en todo el sur de Florida. Si usted desea averiguar m\u00e1s sobre sus opciones legales y sobre lo que el <a href=\"contacta con nosotros.html\">Grupo Legal Flaxman<\/a> puede hacer por usted, <a href=\"contacta con nosotros.html\">contacte hoy mismo al Grupo Legal Flaxman<\/a> para hablar con uno de los miembros de nuestro equipo en una consulta gratuita y sin compromiso.   <\/p>\n<\/p><\/div>\n<\/p><\/div>\n","protected":false},"excerpt":{"rendered":"<p>Sin honorarios a menos que ganemos. Llama al 866-352-9626 para una &#8230; <\/p>\n","protected":false},"author":3,"featured_media":0,"parent":0,"menu_order":0,"comment_status":"closed","ping_status":"closed","template":"template-practice-areas.php","meta":{"footnotes":""},"class_list":["post-22102","page","type-page","status-publish","hentry"],"featured_image_src":null,"featured_image_src_square":null,"_links":{"self":[{"href":"https:\/\/flaxmanlaw.com\/es\/wp-json\/wp\/v2\/pages\/22102","targetHints":{"allow":["GET"]}}],"collection":[{"href":"https:\/\/flaxmanlaw.com\/es\/wp-json\/wp\/v2\/pages"}],"about":[{"href":"https:\/\/flaxmanlaw.com\/es\/wp-json\/wp\/v2\/types\/page"}],"author":[{"embeddable":true,"href":"https:\/\/flaxmanlaw.com\/es\/wp-json\/wp\/v2\/users\/3"}],"replies":[{"embeddable":true,"href":"https:\/\/flaxmanlaw.com\/es\/wp-json\/wp\/v2\/comments?post=22102"}],"version-history":[{"count":0,"href":"https:\/\/flaxmanlaw.com\/es\/wp-json\/wp\/v2\/pages\/22102\/revisions"}],"wp:attachment":[{"href":"https:\/\/flaxmanlaw.com\/es\/wp-json\/wp\/v2\/media?parent=22102"}],"curies":[{"name":"wp","href":"https:\/\/api.w.org\/{rel}","templated":true}]}}