{"id":22103,"date":"2024-11-18T12:45:06","date_gmt":"2024-11-18T12:45:06","guid":{"rendered":"https:\/\/flaxmanlaw.wpenginepowered.com\/miramar-atropellado-por-un-conductor-ebrio-abogados-de-accidentes-de-trafico-del-condado-de-broward\/"},"modified":"2024-11-18T12:45:06","modified_gmt":"2024-11-18T12:45:06","slug":"miramar-atropellado-por-un-conductor-ebrio-abogados-de-accidentes-de-trafico-del-condado-de-broward","status":"publish","type":"page","link":"https:\/\/flaxmanlaw.com\/es\/miramar-atropellado-por-un-conductor-ebrio-abogados-de-accidentes-de-trafico-del-condado-de-broward\/","title":{"rendered":"Miramar atropellado por un conductor ebrio | Abogados de accidentes de tr\u00e1fico del condado de Broward"},"content":{"rendered":"<div class=\"bodytext\">\n<h2>Atropellado en Miramar por un conductor ebrio<\/h1><\/h2>\n<div class=\"description\">\n<p>Conducir borracho es una elecci\u00f3n. Cuando los conductores deciden ponerse al volante de un coche despu\u00e9s de consumir alcohol, est\u00e1n decidiendo anteponer su comodidad y su deseo de evitar un taxi a la vida y el bienestar de otras personas. Cuando estos conductores tienen un accidente de coche en Miramar y lesionan a otros, es especialmente mortificante porque este tipo de accidentes son completamente evitables.  <\/p>\n<p><strong class=\"heading4\">Qu\u00e9 hacer tras un accidente por conducir bajo los efectos del alcohol<\/strong><\/p>\n<p>Si has resultado herido por culpa de un conductor ebrio, puedes sentirte vulnerable y enfadado. Puedes experimentar angustia emocional, incluido el trastorno de estr\u00e9s postraum\u00e1tico o pesadillas e insomnio. Puedes sentirte molesto, enfadado y deprimido. Puede resultarte dif\u00edcil reincorporarte al trabajo o a las actividades cotidianas y puede resultarte dif\u00edcil recuperar los h\u00e1bitos normales de sue\u00f1o y alimentaci\u00f3n. Si te ocurre esto, es importante que busques ayuda y asesoramiento. Aunque en algunos casos la sensaci\u00f3n de pena y p\u00e9rdida tras un accidente grave de coche o cami\u00f3n pasar\u00e1, en otros necesitar\u00e1s ayuda para superar el disgusto de haber resultado herido en una colisi\u00f3n de tr\u00e1fico.     <\/p>\n<p>Adem\u00e1s de obtener ayuda para tu angustia emocional y lesiones f\u00edsicas, contacta al Grupo Legal Flaxman si deseas asesor\u00eda sobre tus opciones legales para buscar una compensaci\u00f3n. Tu consulta inicial es gratuita y sin compromiso, as\u00ed que no arriesgas nada. <\/p>\n<p><strong class=\"heading4\">\u00bfDe qu\u00e9 recursos dispongo tras un accidente de tr\u00e1fico?<\/strong><\/p>\n<p>Si has resultado herido por un conductor ebrio, hay muchos recursos disponibles para ayudarte y muchos lugares a los que puedes acudir en busca de ayuda:<\/p>\n<ul>\n<li><strong>Tu m\u00e9dico y el personal sanitario.<\/strong>  Aunque no parezcas herido, es importante que hables con tu m\u00e9dico sobre tu accidente. Puedes haber sufrido un traumatismo craneal, una lesi\u00f3n de tejidos blandos u otra lesi\u00f3n que no presente s\u00edntomas de inmediato. Adem\u00e1s, puedes experimentar alteraciones y trastornos emocionales, insomnio y otros s\u00edntomas que requieran atenci\u00f3n m\u00e9dica. Tu m\u00e9dico puede ayudarte a encontrar recursos que te ayuden a tratar estos problemas.   <\/li>\n<li><strong>Grupos de defensa.<\/strong>  Grupos como Estudiantes contra la Conducci\u00f3n Bajo los Efectos del Alcohol (SADD) o Madres contra la Conducci\u00f3n Bajo los Efectos del Alcohol (MADD) tienen oportunidades de voluntariado que te permiten hacer algo contra la conducci\u00f3n bajo los efectos del alcohol en tu comunidad. Estos grupos tratan de aprobar leyes m\u00e1s duras para reprimir a los conductores ebrios y tambi\u00e9n proporcionan asistencia a las v\u00edctimas que puede ayudarte en el camino hacia la curaci\u00f3n. Tambi\u00e9n pueden ayudarte a encontrar programas locales de asistencia a las v\u00edctimas y otros recursos.  <\/li>\n<li><strong>Tu familia y tus amigos.<\/strong>  Tus amigos y familiares pueden ayudarte a superar parte del trastorno emocional que supone sufrir un accidente grave de peat\u00f3n o de coche. Pueden apoyarte, escuchar tus sentimientos y ayudarte a sentirte m\u00e1s c\u00f3modo y seguro mientras empiezas a curarte. <\/li>\n<li><strong>Un abogado de lesiones personales.<\/strong>  Un abogado de lesiones personales en Miramar o en tu comunidad puede ayudarte a encontrar recursos locales y tambi\u00e9n puede ayudarte a abrirte camino a trav\u00e9s del seguro y del proceso de reclamaci\u00f3n.<\/li>\n<\/ul>\n<p>Si est\u00e1s buscando un abogado de lesiones personales en Florida del Sur, contacta al Grupo Legal Flaxman. Los abogados del <a href=\"contacta con nosotros.html\">Grupo Legal<\/a> Flaxman cuentan con m\u00e1s de 60 a\u00f1os de experiencia legal combinada para poner a trabajar en su caso. Llame hoy mismo a la firma para una consulta gratuita sobre accidentes.  <\/p>\n<\/p><\/div>\n<\/p><\/div>\n","protected":false},"excerpt":{"rendered":"<p>Sin honorarios a menos que ganemos. Llama al 866-352-9626 para una &#8230; <\/p>\n","protected":false},"author":3,"featured_media":0,"parent":0,"menu_order":0,"comment_status":"closed","ping_status":"closed","template":"template-practice-areas.php","meta":{"footnotes":""},"class_list":["post-22103","page","type-page","status-publish","hentry"],"featured_image_src":null,"featured_image_src_square":null,"_links":{"self":[{"href":"https:\/\/flaxmanlaw.com\/es\/wp-json\/wp\/v2\/pages\/22103","targetHints":{"allow":["GET"]}}],"collection":[{"href":"https:\/\/flaxmanlaw.com\/es\/wp-json\/wp\/v2\/pages"}],"about":[{"href":"https:\/\/flaxmanlaw.com\/es\/wp-json\/wp\/v2\/types\/page"}],"author":[{"embeddable":true,"href":"https:\/\/flaxmanlaw.com\/es\/wp-json\/wp\/v2\/users\/3"}],"replies":[{"embeddable":true,"href":"https:\/\/flaxmanlaw.com\/es\/wp-json\/wp\/v2\/comments?post=22103"}],"version-history":[{"count":0,"href":"https:\/\/flaxmanlaw.com\/es\/wp-json\/wp\/v2\/pages\/22103\/revisions"}],"wp:attachment":[{"href":"https:\/\/flaxmanlaw.com\/es\/wp-json\/wp\/v2\/media?parent=22103"}],"curies":[{"name":"wp","href":"https:\/\/api.w.org\/{rel}","templated":true}]}}