{"id":22104,"date":"2024-11-18T12:45:06","date_gmt":"2024-11-18T12:45:06","guid":{"rendered":"https:\/\/flaxmanlaw.wpenginepowered.com\/miramar-elder-abuse-broward-county-nursing-home-neglect-lawyers\/"},"modified":"2024-11-18T12:45:06","modified_gmt":"2024-11-18T12:45:06","slug":"miramar-elder-abuse-broward-county-nursing-home-neglect-lawyers","status":"publish","type":"page","link":"https:\/\/flaxmanlaw.com\/es\/miramar-elder-abuse-broward-county-nursing-home-neglect-lawyers\/","title":{"rendered":"Miramar Elder Abuse | Broward County Nursing Home Neglect Lawyers"},"content":{"rendered":"<div class=\"bodytext\">\n<h2>Abuso de ancianos en Miramar<\/h1><\/h2>\n<div class=\"description\">\n<p>El maltrato de ancianos en Miramar y Florida puede adoptar la forma de maltrato f\u00edsico, violaci\u00f3n y agresi\u00f3n sexual, maltrato m\u00e9dico, negligencia, maltrato emocional o abandono. Puede ser perpetrado por el personal de las residencias asistidas, por otros ancianos o por cuidadores. Debido a la verg\u00fcenza y al aislamiento a que se enfrentan algunas v\u00edctimas, los agresores suelen salir impunes de sus delitos.  <\/p>\n<p>El director y fundador de la firma, Charles Flaxman, del Grupo Legal Flaxman, trabaj\u00f3 durante diez a\u00f1os como ajustador de seguros antes de dedicar su vida a ayudar a demandantes en casos de lesiones personales. Su pericia, incluyendo sus m\u00e1s de 25 a\u00f1os de experiencia como abogado litigante, puede ser de ayuda al tratar con asilos de ancianos y sus compa\u00f1\u00edas aseguradoras. Charles Flaxman y el resto de nuestros abogados trabajan d\u00eda y noche y persiguen agresivamente a quienes han da\u00f1ado a otros. Si deseas que se haga justicia, no dudes en solicitar asesoramiento jur\u00eddico. Ponte en contacto con nuestro bufete para una evaluaci\u00f3n gratuita de tu caso.    <\/p>\n<p><strong class=\"heading4\">Qu\u00e9 hacer si t\u00fa o un ser querido hab\u00e9is resultado heridos en Miramar<\/strong><\/p>\n<p>Si tu familiar ha sufrido una agresi\u00f3n o malos tratos, hay varias cosas que querr\u00e1s hacer:<\/p>\n<p><strong>1) Acude a urgencias<\/strong>. Acude inmediatamente a urgencias para que eval\u00faen a tu ser querido y comprueben si ha sufrido un traumatismo craneal u otra lesi\u00f3n grave. Los m\u00e9dicos de urgencias tambi\u00e9n pueden llamar a las autoridades por ti para que puedas hacer una declaraci\u00f3n y presentar cargos si es lo que decides hacer.  <\/p>\n<p><strong>2) Busca ayuda m\u00e9dica<\/strong>. Tu familiar puede necesitar tratamiento m\u00e9dico tras los malos tratos y puede necesitar tratamiento m\u00e9dico de seguimiento. Por lo general, tambi\u00e9n tendr\u00e1s que acudir a una cl\u00ednica o a un m\u00e9dico con tu ser querido anciano para que le hagan pruebas de seguimiento y le presten cualquier otro servicio m\u00e9dico que necesite. Un m\u00e9dico o una cl\u00ednica tambi\u00e9n pueden remitirte a recursos locales, como asesores, grupos de apoyo y grupos de defensa.   <\/p>\n<p><strong>3) Busca apoyo y asesoramiento<\/strong>. La agresi\u00f3n sexual y otras formas de abuso pueden ser emocionalmente traumatizantes y, en algunos casos, pueden provocar depresi\u00f3n, ansiedad, miedo e incluso Trastorno de Estr\u00e9s Postraum\u00e1tico (TEPT). Los grupos de apoyo, las l\u00edneas telef\u00f3nicas de crisis por violaci\u00f3n y los grupos de defensa, as\u00ed como los terapeutas y profesionales de la salud mental, pueden ayudar a proporcionar apoyo compasivo y asesoramiento.  <\/p>\n<p><strong>4) Consigue asesoramiento jur\u00eddico<\/strong>. Puedes tener una reclamaci\u00f3n legal y la indemnizaci\u00f3n de tu reclamaci\u00f3n puede ayudarte a pagar la terapia, el tratamiento m\u00e9dico, el tiempo perdido en el trabajo y otras cosas. Los tribunales civiles pueden ser otra forma de buscar justicia en tu caso, independientemente de lo que ocurra en los tribunales penales y de que se llegue a detener a los maltratadores. Si un familiar anciano ha sido agredido, maltratado o desatendido, ponte en contacto con un abogado de lesiones personales para saber m\u00e1s.   <\/p>\n<p><strong>5) Cuida bien de ti y de tu familia<\/strong>. Sobrevivir a los malos tratos requiere mucho valor. Querr\u00e1s cuidar bien de ti y de tu familiar mientras todos os cur\u00e1is. Recurre a familiares y amigos y cuida bien de tu salud y de que cuiden de tu familiar anciano.   <\/p>\n<p>Los abogados <a href=\"contacta con nosotros.html\">del Grupo Legal Flaxman<\/a> cuentan con m\u00e1s de 60 a\u00f1os de experiencia combinada tratando con asilos de ancianos, instalaciones de vida asistida, y otros acusados. Para poner nuestros a\u00f1os de experiencia a trabajar para ti y averiguar si tienes una demanda legal, contacta hoy mismo con nuestro bufete de servicios integrales para una evaluaci\u00f3n gratuita de tu caso. <\/p>\n<\/p><\/div>\n<\/p><\/div>\n","protected":false},"excerpt":{"rendered":"<p>Sin honorarios a menos que ganemos. Llama al 866-352-9626 para una &#8230; <\/p>\n","protected":false},"author":3,"featured_media":0,"parent":0,"menu_order":0,"comment_status":"closed","ping_status":"closed","template":"template-practice-areas.php","meta":{"footnotes":""},"class_list":["post-22104","page","type-page","status-publish","hentry"],"featured_image_src":null,"featured_image_src_square":null,"_links":{"self":[{"href":"https:\/\/flaxmanlaw.com\/es\/wp-json\/wp\/v2\/pages\/22104","targetHints":{"allow":["GET"]}}],"collection":[{"href":"https:\/\/flaxmanlaw.com\/es\/wp-json\/wp\/v2\/pages"}],"about":[{"href":"https:\/\/flaxmanlaw.com\/es\/wp-json\/wp\/v2\/types\/page"}],"author":[{"embeddable":true,"href":"https:\/\/flaxmanlaw.com\/es\/wp-json\/wp\/v2\/users\/3"}],"replies":[{"embeddable":true,"href":"https:\/\/flaxmanlaw.com\/es\/wp-json\/wp\/v2\/comments?post=22104"}],"version-history":[{"count":0,"href":"https:\/\/flaxmanlaw.com\/es\/wp-json\/wp\/v2\/pages\/22104\/revisions"}],"wp:attachment":[{"href":"https:\/\/flaxmanlaw.com\/es\/wp-json\/wp\/v2\/media?parent=22104"}],"curies":[{"name":"wp","href":"https:\/\/api.w.org\/{rel}","templated":true}]}}