{"id":22106,"date":"2024-11-18T12:45:06","date_gmt":"2024-11-18T12:45:06","guid":{"rendered":"https:\/\/flaxmanlaw.wpenginepowered.com\/miramar-dwi-dui-accidentes-de-coche-broward-county-abogados-de-lesiones\/"},"modified":"2024-11-18T12:45:06","modified_gmt":"2024-11-18T12:45:06","slug":"miramar-dwi-dui-accidentes-de-coche-broward-county-abogados-de-lesiones","status":"publish","type":"page","link":"https:\/\/flaxmanlaw.com\/es\/miramar-dwi-dui-accidentes-de-coche-broward-county-abogados-de-lesiones\/","title":{"rendered":"Miramar DWI\/DUI Accidentes de Coche | Broward County Abogados de Lesiones"},"content":{"rendered":"<div class=\"bodytext\">\n<h2>Accidentes de coche por DWI\/DUI en Miramar<\/h1><\/h2>\n<div class=\"description\">\n<p>Aunque todos los accidentes de tr\u00e1fico en Miramar y Florida pueden ser espantosos, los accidentes por conducir ebrio pueden ser especialmente peligrosos y molestos. Los conductores ebrios no suelen tener control motriz ni capacidad de maniobra para evitar una colisi\u00f3n, y a menudo causan lesiones y accidentes catastr\u00f3ficos, como choques frontales, accidentes de varios veh\u00edculos y accidentes por exceso de velocidad. Por desgracia, cada a\u00f1o se cobran vidas por culpa de conductores ebrios y hay personas que sufren lesiones graves y permanentes por la negligencia de otras personas cuando beben.  <\/p>\n<p>Si usted ha resultado lesionado por un conductor ebrio en un accidente automovil\u00edstico o peatonal en Miramar o en su comunidad, no dude en contactar al Grupo Legal Flaxman en cualquier momento. Los abogados del Grupo Legal Flaxman creen que los conductores ebrios deben ser considerados completamente responsables de sus actos. Si usted tiene una demanda legal, los abogados del <a href=\"index.html\">Grupo Legal<\/a> Flaxman estar\u00e1n encantados de ayudarle a luchar por la justicia.  <\/p>\n<p><strong class=\"heading4\">Los casos de conducci\u00f3n bajo los efectos del alcohol en tu comunidad son una cuesti\u00f3n de finanzas y justicia<\/strong><\/p>\n<p>Si has resultado herido por un conductor ebrio, por supuesto que quieres que se haga justicia en tu situaci\u00f3n. Quiz\u00e1 quieras presentar cargos penales o colaborar con la polic\u00eda para presentar cargos penales contra el conductor ebrio. Sin embargo, adem\u00e1s de conseguir que se resuelva y se haga justicia en tu caso, es posible que tambi\u00e9n quieras obtener una indemnizaci\u00f3n que te ayude a hacer frente a los costes econ\u00f3micos de tu situaci\u00f3n.  <\/p>\n<p>La realidad es que un conductor ebrio causa lesiones catastr\u00f3ficas, as\u00ed como facturas muy caras a sus v\u00edctimas. Si has sufrido un accidente por conducir ebrio, puedes tener derecho a presentar una demanda judicial que te ayude a obtener una indemnizaci\u00f3n por: <\/p>\n<ul>\n<li>Tiempo perdido en el trabajo<\/li>\n<li>P\u00e9rdida de ingresos esperada en el futuro<\/li>\n<li>Da\u00f1os materiales<\/li>\n<li>Da\u00f1os en el coche o gastos de sustituci\u00f3n del coche<\/li>\n<li>Gastos de transporte mientras reparan tu coche<\/li>\n<li>Tratamiento m\u00e9dico de urgencia<\/li>\n<li>Estancias hospitalarias<\/li>\n<li>Cirug\u00eda<\/li>\n<li>Facturas m\u00e9dicas<\/li>\n<li>Medicaci\u00f3n<\/li>\n<li>Productos sanitarios<\/li>\n<li>Asistencia a domicilio<\/li>\n<li>Fisioterapia, asesoramiento, rehabilitaci\u00f3n y gastos similares<\/li>\n<li>Gastos accesorios<\/li>\n<li>Costes m\u00e9dicos previstos en el futuro<\/li>\n<\/ul>\n<p>La realidad es que un accidente de tr\u00e1fico grave puede acabar costando miles o decenas de miles de d\u00f3lares, o incluso m\u00e1s. Si tus lesiones fueron causadas por un conductor imprudente y ebrio, no hay motivo para que tengas que pagar t\u00fa mismo todos esos costes. Conseguir una indemnizaci\u00f3n justa y completa en tu caso puede ayudarte a ti y a tu familia a sufragar los muchos gastos a los que tendr\u00e9is que hacer frente.  <\/p>\n<p><strong class=\"heading4\">\u00bfQuieres hablar con un abogado de lesiones personales?<\/strong><\/p>\n<p>Si usted necesita asesor\u00eda legal despu\u00e9s de resultar lesionado por un conductor ebrio en Miramar o en cualquier parte de Florida del Sur, <a href=\"contacta con nosotros.html\">contacte<\/a> al Grupo Legal Flaxman para recibir una evaluaci\u00f3n gratuita de su caso. Podemos ofrecerle una evaluaci\u00f3n de su caso gratuita y sin compromiso, y tambi\u00e9n estamos preparados para cubrir los costos iniciales de casos leg\u00edtimos, asegur\u00e1ndonos de que usted no tenga que pagar por adelantado los costos legales. Puedes presentar una demanda sin preocuparte por los honorarios del abogado, y recuperaremos nuestros honorarios como porcentaje de la ganancia judicial o del acuerdo que consigamos en tu nombre. No tendr\u00e1s que pagar hasta que ganemos una indemnizaci\u00f3n en tu nombre.   <\/p>\n<\/p><\/div>\n<\/p><\/div>\n","protected":false},"excerpt":{"rendered":"<p>Sin honorarios a menos que ganemos. Llama al 866-352-9626 para una &#8230; <\/p>\n","protected":false},"author":3,"featured_media":0,"parent":0,"menu_order":0,"comment_status":"closed","ping_status":"closed","template":"template-practice-areas.php","meta":{"footnotes":""},"class_list":["post-22106","page","type-page","status-publish","hentry"],"featured_image_src":null,"featured_image_src_square":null,"_links":{"self":[{"href":"https:\/\/flaxmanlaw.com\/es\/wp-json\/wp\/v2\/pages\/22106","targetHints":{"allow":["GET"]}}],"collection":[{"href":"https:\/\/flaxmanlaw.com\/es\/wp-json\/wp\/v2\/pages"}],"about":[{"href":"https:\/\/flaxmanlaw.com\/es\/wp-json\/wp\/v2\/types\/page"}],"author":[{"embeddable":true,"href":"https:\/\/flaxmanlaw.com\/es\/wp-json\/wp\/v2\/users\/3"}],"replies":[{"embeddable":true,"href":"https:\/\/flaxmanlaw.com\/es\/wp-json\/wp\/v2\/comments?post=22106"}],"version-history":[{"count":0,"href":"https:\/\/flaxmanlaw.com\/es\/wp-json\/wp\/v2\/pages\/22106\/revisions"}],"wp:attachment":[{"href":"https:\/\/flaxmanlaw.com\/es\/wp-json\/wp\/v2\/media?parent=22106"}],"curies":[{"name":"wp","href":"https:\/\/api.w.org\/{rel}","templated":true}]}}