{"id":22108,"date":"2024-11-18T12:45:06","date_gmt":"2024-11-18T12:45:06","guid":{"rendered":"https:\/\/flaxmanlaw.wpenginepowered.com\/accidente-automovilistico-en-miramar-abogados-de-lesiones-automovilisticas-en-el-condado-de-broward-grupo-legal-flaxman\/"},"modified":"2024-11-18T12:45:06","modified_gmt":"2024-11-18T12:45:06","slug":"accidente-automovilistico-en-miramar-abogados-de-lesiones-automovilisticas-en-el-condado-de-broward-grupo-legal-flaxman","status":"publish","type":"page","link":"https:\/\/flaxmanlaw.com\/es\/accidente-automovilistico-en-miramar-abogados-de-lesiones-automovilisticas-en-el-condado-de-broward-grupo-legal-flaxman\/","title":{"rendered":"Accidente Automovil\u00edstico en Miramar | Abogados de Lesiones Automovil\u00edsticas en el Condado de Broward Grupo Legal Flaxman"},"content":{"rendered":"<div class=\"bodytext\">\n<h2>Accidente de coche en Miramar<\/h1><\/h2>\n<div class=\"description\">\n<p>Miramar est\u00e1 situado en el condado de Broward, en Florida. Llamada as\u00ed por una parte de La Habana en Cuba, el lema de Miramar sol\u00eda ser \u00abEl Centro de Todo\u00bb, pero ahora es \u00abBelleza y Progreso\u00bb. La ciudad tiene muchos empleadores importantes, como Comcast, Humana, Carnival y otros, lo que la convierte en un gran lugar para trabajar e invertir. Miramar tambi\u00e9n tiene muchos espacios verdes y escuelas de alto nivel, lo que la convierte en un gran lugar para las familias.   <\/p>\n<p>Las muertes por accidente de tr\u00e1fico en Miramar devastan a generaciones enteras. El dolor y el sufrimiento de perder a alguien en un accidente de coche pueden durar toda la vida. En muchos casos, este tipo de muerte tambi\u00e9n puede tener un impacto financiero devastador en una familia. Una familia puede perder a la persona que le proporcionaba ingresos y tambi\u00e9n puede tener que pagar los gastos funerarios, los \u00faltimos gastos m\u00e9dicos y otros gastos relacionados con el accidente. Una demanda por homicidio culposo en Miramar o un caso de accidente de coche pueden ayudar a esas familias a recuperar el dinero necesario para esos gastos, y por eso es tan importante consultar a un abogado con experiencia en Miramar poco despu\u00e9s de un accidente.    <\/p>\n<p>Aunque un accidente de tr\u00e1fico en Miramar no sea mortal, las lesiones resultantes pueden tener un impacto devastador en la v\u00edctima y su familia. Puede llevar meses o incluso a\u00f1os recuperarse de lesiones graves, como lesiones medulares, quemaduras, lesiones cerebrales y otras lesiones graves. Algunas lesiones por accidente de coche son permanentes y requieren toda una vida de tratamiento m\u00e9dico, cuidados domiciliarios y otros gastos.  <\/p>\n<p>Si usted ha resultado lesionado en un <a href=\"accidentes-coche.html\">accidente automo<\/a>vil\u00edstico en Miramar, necesita asesor\u00eda profesional y directa de un abogado experimentado. Un equipo legal, como el del Grupo Legal Flaxman, puede ayudarle a obtener respuestas sobre su accidente automovil\u00edstico, puede ayudarle a negociar con su aseguradora, puede encontrar a todas las partes responsables en su accidente, y puede buscar justicia en su nombre con todo el peso de la ley. Hay leyes de Florida que te protegen tras un accidente de tr\u00e1fico, pero a menudo hace falta un abogado de lesiones personales cualificado y dedicado para garantizar la protecci\u00f3n de tus derechos. Por eso es importante contactar de inmediato al equipo legal del Grupo Legal Flaxman. Toma medidas hoy para asegurar tu futuro.    <\/p>\n<p>Durante d\u00e9cadas, el equipo jur\u00eddico del <a href=\"index.html\">Grupo Legal F<\/a> laxman ha representado a personas en pr\u00e1cticamente todas las situaciones de lesiones personales en Miramar y a clientes de todos los \u00e1mbitos de la vida. El equipo jur\u00eddico del Grupo Legal Flaxman comprende lo devastadores que pueden ser los accidentes de tr\u00e1fico y las lesiones resultantes. Es por eso que el Grupo Legal Flaxman hace todo lo posible para garantizar que las v\u00edctimas tengan el apoyo y la asistencia que necesitan. Por ejemplo, el Grupo Legal Flaxman ofrece una consulta inicial gratuita con un atento profesional, permiti\u00e9ndole hablar sobre su caso y sus opciones con un calificado abogado de lesiones personales. Adem\u00e1s, el Grupo Legal Flaxman trabaja en base a honorarios de contingencia en algunos casos, asegur\u00e1ndose de que usted no tenga que pagar por adelantado los costos legales hasta que y a menos que el Grupo Legal Flaxman pueda asegurar la recuperaci\u00f3n en su nombre.    <\/p>\n<p>Empieza hoy mismo a asegurar tu futuro. <a href=\"contacta con nosotros.html\">Contacta con el Grupo Legal Flaxman<\/a> para concertar una consulta gratuita sobre accidentes y hablar de tu caso y de lo que podr\u00eda valer.<\/p>\n<\/p><\/div>\n<\/p><\/div>\n","protected":false},"excerpt":{"rendered":"<p>Sin honorarios a menos que ganemos. Llama al 866-352-9626 para una &#8230; <\/p>\n","protected":false},"author":3,"featured_media":0,"parent":0,"menu_order":0,"comment_status":"closed","ping_status":"closed","template":"template-practice-areas.php","meta":{"footnotes":""},"class_list":["post-22108","page","type-page","status-publish","hentry"],"featured_image_src":null,"featured_image_src_square":null,"_links":{"self":[{"href":"https:\/\/flaxmanlaw.com\/es\/wp-json\/wp\/v2\/pages\/22108","targetHints":{"allow":["GET"]}}],"collection":[{"href":"https:\/\/flaxmanlaw.com\/es\/wp-json\/wp\/v2\/pages"}],"about":[{"href":"https:\/\/flaxmanlaw.com\/es\/wp-json\/wp\/v2\/types\/page"}],"author":[{"embeddable":true,"href":"https:\/\/flaxmanlaw.com\/es\/wp-json\/wp\/v2\/users\/3"}],"replies":[{"embeddable":true,"href":"https:\/\/flaxmanlaw.com\/es\/wp-json\/wp\/v2\/comments?post=22108"}],"version-history":[{"count":0,"href":"https:\/\/flaxmanlaw.com\/es\/wp-json\/wp\/v2\/pages\/22108\/revisions"}],"wp:attachment":[{"href":"https:\/\/flaxmanlaw.com\/es\/wp-json\/wp\/v2\/media?parent=22108"}],"curies":[{"name":"wp","href":"https:\/\/api.w.org\/{rel}","templated":true}]}}