{"id":22110,"date":"2024-11-18T12:45:06","date_gmt":"2024-11-18T12:45:06","guid":{"rendered":"https:\/\/flaxmanlaw.wpenginepowered.com\/accidente-de-autobus-en-miramar-abogados-de-lesiones-personales-en-el-condado-de-broward\/"},"modified":"2024-11-18T12:45:06","modified_gmt":"2024-11-18T12:45:06","slug":"accidente-de-autobus-en-miramar-abogados-de-lesiones-personales-en-el-condado-de-broward","status":"publish","type":"page","link":"https:\/\/flaxmanlaw.com\/es\/accidente-de-autobus-en-miramar-abogados-de-lesiones-personales-en-el-condado-de-broward\/","title":{"rendered":"Accidente de autob\u00fas en Miramar | Abogados de lesiones personales en el condado de Broward"},"content":{"rendered":"<div class=\"bodytext\">\n<h2>Accidente de autob\u00fas en Miramar<\/h1><\/h2>\n<div class=\"description\">\n<p>Miramar es una ciudad que vive seg\u00fan su lema \u00abbelleza y progreso\u00bb. Situada a poca distancia en coche de playas de arena blanca, Miramar es conocida por ofrecer una comunidad diversa, as\u00ed como varios empresarios y oportunidades econ\u00f3micas. Con tranquilas zonas residenciales, as\u00ed como numerosos restaurantes, tiendas y atracciones, Miramar es popular tanto entre los residentes como entre los visitantes de Florida por su belleza \u00fanica.  <\/p>\n<p>Muchos residentes de Miramar conf\u00edan en el transporte p\u00fablico para ir y volver del trabajo, y muchos visitantes de la zona conf\u00edan en los autobuses para ver m\u00e1s de la comunidad. Por lo general, los autobuses son un medio de transporte seguro y se producen menos accidentes de autob\u00fas que accidentes de coche en Miramar. Sin embargo, cuando ocurren, los accidentes de tr\u00e1fico en Miramar en los que se ven implicados autobuses pueden ser devastadores, debido a que los pasajeros de los autobuses no llevan cinturones de seguridad y a que el tama\u00f1o y la fuerza de un autob\u00fas pueden causar da\u00f1os devastadores.  <\/p>\n<p>Si has sufrido lesiones en un <a href=\"accidentes-autob\u00fas.html\">accidente de autob\u00fas en Miramar<\/a>, es importante que hables con un abogado de lesiones personales especializado en accidentes de tr\u00e1fico en Miramar. Un abogado de lesiones personales de Miramar cualificado puede evaluar las ofertas de acuerdo de las compa\u00f1\u00edas de seguros, puede ayudarte a investigar la causa de tu accidente, puede ayudarte a comprender tus derechos y el valor de tu caso, y puede ayudarte a luchar agresivamente por tus derechos para que obtengas la indemnizaci\u00f3n m\u00e1s justa posible. Conseguir la indemnizaci\u00f3n m\u00e1s justa posible es importante, pues puede garantizar que dispongas de recursos econ\u00f3micos para pagar una asistencia m\u00e9dica de la mejor calidad mientras te recuperas de tus lesiones. Sin una indemnizaci\u00f3n justa, puedes sufrir dificultades econ\u00f3micas y dolor f\u00edsico mientras te recuperas de tus lesiones.   <\/p>\n<p>Si usted ha sufrido lesiones en un accidente de autob\u00fas en Miramar, contacte al Grupo Legal Flaxman para programar una consulta personal gratuita y sin compromiso para hablar sobre su caso. Usted puede reunirse para su consulta en una de las tres oficinas convenientemente ubicadas del Grupo Legal Flaxman en Miami, Homestead, o Hollywood. Si usted est\u00e1 demasiado lesionado para viajar, el equipo jur\u00eddico del Grupo Legal Flaxman tambi\u00e9n estar\u00e1 complacido de reunirse en su hogar, lugar de trabajo, hospital, o cualquier lugar conveniente. Incluso podemos ofrecer asesor\u00eda legal por tel\u00e9fono, as\u00ed como informaci\u00f3n. Nunca hay presi\u00f3n ni obligaci\u00f3n de contratar los servicios del Grupo Legal Flaxman.    <\/p>\n<p>El equipo jur\u00eddico <a href=\"index.html\">del Grupo Legal Flaxman<\/a> cuenta con m\u00e1s de 25 a\u00f1os de experiencia en leyes de lesiones personales en Florida del Sur. El equipo legal ha recuperado m\u00e1s de 25 millones de d\u00f3lares a favor de miles de v\u00edctimas de lesiones personales y accidentes de autob\u00fas en Florida del Sur. Siempre puedes ponerte en contacto con el equipo las 24 horas del d\u00eda, los siete d\u00edas de la semana, llamando al 866-352-9626. Los tel\u00e9fonos est\u00e1n atendidos las 24 horas del d\u00eda para tu comodidad y para garantizar que siempre puedas contactar con una persona de contacto cuando lo necesites. Nuestro equipo legal est\u00e1 completamente comprometido a proporcionarte un servicio de la m\u00e1s alta calidad, as\u00ed como un servicio legal compasivo y profesional. Contacta hoy mismo con el Grupo Legal Flaxman para concertar una evaluaci\u00f3n gratuita y sin compromiso de tu caso.     <\/p>\n<\/p><\/div>\n<\/p><\/div>\n","protected":false},"excerpt":{"rendered":"<p>Sin honorarios a menos que ganemos. Llama al 866-352-9626 para una &#8230; <\/p>\n","protected":false},"author":3,"featured_media":0,"parent":0,"menu_order":0,"comment_status":"closed","ping_status":"closed","template":"template-practice-areas.php","meta":{"footnotes":""},"class_list":["post-22110","page","type-page","status-publish","hentry"],"featured_image_src":null,"featured_image_src_square":null,"_links":{"self":[{"href":"https:\/\/flaxmanlaw.com\/es\/wp-json\/wp\/v2\/pages\/22110","targetHints":{"allow":["GET"]}}],"collection":[{"href":"https:\/\/flaxmanlaw.com\/es\/wp-json\/wp\/v2\/pages"}],"about":[{"href":"https:\/\/flaxmanlaw.com\/es\/wp-json\/wp\/v2\/types\/page"}],"author":[{"embeddable":true,"href":"https:\/\/flaxmanlaw.com\/es\/wp-json\/wp\/v2\/users\/3"}],"replies":[{"embeddable":true,"href":"https:\/\/flaxmanlaw.com\/es\/wp-json\/wp\/v2\/comments?post=22110"}],"version-history":[{"count":0,"href":"https:\/\/flaxmanlaw.com\/es\/wp-json\/wp\/v2\/pages\/22110\/revisions"}],"wp:attachment":[{"href":"https:\/\/flaxmanlaw.com\/es\/wp-json\/wp\/v2\/media?parent=22110"}],"curies":[{"name":"wp","href":"https:\/\/api.w.org\/{rel}","templated":true}]}}