{"id":22111,"date":"2024-11-18T12:45:06","date_gmt":"2024-11-18T12:45:06","guid":{"rendered":"https:\/\/flaxmanlaw.wpenginepowered.com\/conduccion-distraida-en-miramar-abogados-de-accidentes-de-coche-en-el-condado-de-broward\/"},"modified":"2024-11-18T12:45:06","modified_gmt":"2024-11-18T12:45:06","slug":"conduccion-distraida-en-miramar-abogados-de-accidentes-de-coche-en-el-condado-de-broward","status":"publish","type":"page","link":"https:\/\/flaxmanlaw.com\/es\/conduccion-distraida-en-miramar-abogados-de-accidentes-de-coche-en-el-condado-de-broward\/","title":{"rendered":"Conducci\u00f3n distra\u00edda en Miramar | Abogados de accidentes de coche en el condado de Broward"},"content":{"rendered":"<div class=\"bodytext\">\n<h2>Conducci\u00f3n distra\u00edda en Miramar<\/h1><\/h2>\n<div class=\"description\">\n<p>Seg\u00fan un estudio del Departamento de Transporte de EE.UU. (DOT), recibir o enviar un mensaje de texto aparta la vista de la carretera durante unos 4,6 segundos de media. Esto significa que un conductor recorrer\u00e1 la distancia de un campo de f\u00fatbol a 55 km\/h sin mirar a la carretera, e incluso m\u00e1s a velocidades m\u00e1s altas. Es tiempo y distancia suficientes para provocar una colisi\u00f3n grave. Seg\u00fan el DOT, enviar mensajes de texto mientras se conduce supone un riesgo de accidente 23 veces superior al de los conductores no distra\u00eddos.   <\/p>\n<p>\u00bfHa resultado gravemente lesionado en un accidente automovil\u00edstico en Miramar causado por un conductor distra\u00eddo? Contacte al Grupo Legal Flaxman para recibir asesor\u00eda legal. Averig\u00fce si tiene un caso y discuta cu\u00e1nto puede valer su caso. Tu consulta inicial con los abogados del Grupo Legal Flaxman no cuesta nada y viene sin compromiso, as\u00ed que no arriesgas nada.   <\/p>\n<p><strong class=\"heading4\">\u00bfTienes un seguro de coche y un seguro m\u00e9dico excelentes?<\/strong><\/p>\n<p>Aunque lo hagas, ten en cuenta que, tras un accidente de coche, puede que no obtengas la indemnizaci\u00f3n que crees merecer debido a tu cobertura. En muchos casos, las compa\u00f1\u00edas de seguros infravaloran las reclamaciones. Al fin y al cabo, estas grandes empresas est\u00e1n protegidas por abogados y pueden obtener los mayores beneficios si ingresan primas pagando lo menos posible.  <\/p>\n<p>Que tengas seguro no significa que se cubran todos tus salarios perdidos, da\u00f1os materiales, reparaciones del coche, intervenciones quir\u00fargicas, facturas m\u00e9dicas, tratamientos m\u00e9dicos de urgencia y otros gastos. De hecho, cuanto m\u00e1s catastr\u00f3ficas sean tus lesiones, menos probable es que el seguro del coche y el seguro m\u00e9dico cubran el coste total. Ten en cuenta que algunas lesiones graves, como los traumatismos craneoencef\u00e1licos y las lesiones medulares, son muy caras en Miramar y pueden hacerte depender de la atenci\u00f3n m\u00e9dica y la asistencia domiciliaria durante el resto de tu vida. Estas lesiones tambi\u00e9n pueden dejarte incapacitado para volver a tu trabajo. Puedes perder cientos de miles o incluso millones de d\u00f3lares debido a este tipo de lesiones. Incluso una fractura puede costar decenas de miles de d\u00f3lares en ingresos perdidos, rehabilitaci\u00f3n, dispositivos m\u00e9dicos, consultas m\u00e9dicas y otros gastos. No te menosprecies ni menosprecies tu futuro. Consulta a un abogado de lesiones personales en Miramar o en tu comunidad para asegurarte de que obtienes la m\u00e1xima indemnizaci\u00f3n que te concede la ley.       <\/p>\n<p>\u00bfNo te mereces la m\u00e1xima indemnizaci\u00f3n a la que puedas tener derecho? Si tus lesiones han sido causadas sin culpa por tu parte, la ley de Florida te permite solicitar una indemnizaci\u00f3n por da\u00f1os materiales, dolor y sufrimiento, p\u00e9rdida de ingresos, gastos m\u00e9dicos y mucho m\u00e1s. Si has sufrido lesiones, si tu coche ha resultado da\u00f1ado o si has tenido que ausentarte de tu trabajo debido a las lesiones causadas por un accidente de coche, es posible que puedas demandar al conductor culpable y a su compa\u00f1\u00eda de seguros para obtener una indemnizaci\u00f3n justa. Esto no s\u00f3lo te ayudar\u00e1 a pagar las facturas, sino que tambi\u00e9n puede ayudarte a evitar la angustia financiera que es demasiado com\u00fan para muchas personas que han sufrido lesiones graves. Contacta hoy mismo con el Grupo Legal Flaxman para saber m\u00e1s en una revisi\u00f3n gratuita y sin compromiso de tu caso.    <\/p>\n<\/p><\/div>\n<\/p><\/div>\n","protected":false},"excerpt":{"rendered":"<p>Sin honorarios a menos que ganemos. Llama al 866-352-9626 para una &#8230; <\/p>\n","protected":false},"author":3,"featured_media":0,"parent":0,"menu_order":0,"comment_status":"closed","ping_status":"closed","template":"template-practice-areas.php","meta":{"footnotes":""},"class_list":["post-22111","page","type-page","status-publish","hentry"],"featured_image_src":null,"featured_image_src_square":null,"_links":{"self":[{"href":"https:\/\/flaxmanlaw.com\/es\/wp-json\/wp\/v2\/pages\/22111","targetHints":{"allow":["GET"]}}],"collection":[{"href":"https:\/\/flaxmanlaw.com\/es\/wp-json\/wp\/v2\/pages"}],"about":[{"href":"https:\/\/flaxmanlaw.com\/es\/wp-json\/wp\/v2\/types\/page"}],"author":[{"embeddable":true,"href":"https:\/\/flaxmanlaw.com\/es\/wp-json\/wp\/v2\/users\/3"}],"replies":[{"embeddable":true,"href":"https:\/\/flaxmanlaw.com\/es\/wp-json\/wp\/v2\/comments?post=22111"}],"version-history":[{"count":0,"href":"https:\/\/flaxmanlaw.com\/es\/wp-json\/wp\/v2\/pages\/22111\/revisions"}],"wp:attachment":[{"href":"https:\/\/flaxmanlaw.com\/es\/wp-json\/wp\/v2\/media?parent=22111"}],"curies":[{"name":"wp","href":"https:\/\/api.w.org\/{rel}","templated":true}]}}