{"id":22112,"date":"2024-11-18T12:45:06","date_gmt":"2024-11-18T12:45:06","guid":{"rendered":"https:\/\/flaxmanlaw.wpenginepowered.com\/colisiones-en-miramar-abogados-de-accidentes-de-coche-en-el-condado-de-broward\/"},"modified":"2024-11-18T12:45:06","modified_gmt":"2024-11-18T12:45:06","slug":"colisiones-en-miramar-abogados-de-accidentes-de-coche-en-el-condado-de-broward","status":"publish","type":"page","link":"https:\/\/flaxmanlaw.com\/es\/colisiones-en-miramar-abogados-de-accidentes-de-coche-en-el-condado-de-broward\/","title":{"rendered":"Colisiones en Miramar | Abogados de accidentes de coche en el condado de Broward"},"content":{"rendered":"<div class=\"bodytext\">\n<h2>Colisiones en Miramar<\/h1><\/h2>\n<div class=\"description\">\n<p>Los accidentes de coche y cami\u00f3n por alcance en Miramar y otras comunidades de Florida se cobran vidas cada a\u00f1o y causan lesiones catastr\u00f3ficas. Tambi\u00e9n conocidas como colisiones con \u00e1ngulo lateral, colisi\u00f3n con barrido lateral y colisiones con impacto lateral, estas colisiones suelen ser desastrosas. Hay pocas capas de protecci\u00f3n en el lateral de un veh\u00edculo. Sin embargo, aunque tu coche tenga airbags de impacto lateral, en un accidente lateral el impacto de otro veh\u00edculo que choque contra tu coche puede provocar lesiones potencialmente mortales. Unas pocas capas de tela, metal y cristal no son rivales para un coche, un cami\u00f3n o un remolque que choque contra tu coche.    <\/p>\n<p>Los abogados del Grupo Legal Flaxman han litigado exitosamente a favor de demandantes por accidentes automovil\u00edsticos y lesiones personales durante m\u00e1s de 60 a\u00f1os. Si usted o un ser querido ha resultado gravemente lesionado en un accidente automovil\u00edstico o en cualquier accidente de tr\u00e1fico, siempre puede contactar a un miembro de nuestro equipo legal al 866-352-9626 para programar una revisi\u00f3n gratuita de su caso. Durante tu consulta gratuita sobre accidentes, nuestros abogados pueden revisar los detalles de tu situaci\u00f3n y ayudarte a explorar tus opciones para conseguir una indemnizaci\u00f3n.  <\/p>\n<p><strong class=\"heading4\">Un Accidente de Coche Grave en Miramar o en tu Comunidad Puede Cambiarte la Vida<\/strong><\/p>\n<p>La mayor\u00eda de nosotros no nos planteamos c\u00f3mo cambiar\u00eda nuestra vida tras una colisi\u00f3n de tr\u00e1fico grave. La realidad es que pocos acontecimientos tendr\u00e1n un mayor impacto en tu vida y en la de tu familia. Tras una colisi\u00f3n grave por alcance, tu vida puede cambiar de varias maneras:  <\/p>\n<ul>\n<li>Puedes enfrentarte a facturas m\u00e9dicas importantes<\/li>\n<li>Puedes sufrir lesiones graves e incapacitarte para volver al trabajo o a tus actividades normales<\/li>\n<li>Puedes perder trabajo e ingresos<\/li>\n<li>Puedes sufrir lesiones permanentes o p\u00e9rdida de movilidad<\/li>\n<li>Puedes tener un dolor considerable o sufrir un traumatismo, trastornos del sue\u00f1o u otros problemas<\/li>\n<li>Puedes enfrentarte a problemas econ\u00f3micos como consecuencia de tu lesi\u00f3n, o incluso acercarte a la quiebra<\/li>\n<\/ul>\n<p>Muchas personas que sobreviven a una colisi\u00f3n de tr\u00e1fico grave ven sus vidas cambiadas para siempre y algunas luchan por reconstruirse tras el accidente.<\/p>\n<p><strong class=\"heading4\">\u00bfC\u00f3mo est\u00e1s protegido en un accidente de tr\u00e1fico?<\/strong><\/p>\n<p>Si eres conductor en Florida, la ley te obliga a tener un seguro de autom\u00f3vil. Si trabajas en el estado, tambi\u00e9n puedes tener prestaciones laborales, incluida la cobertura m\u00e9dica. Si sufres lesiones graves en un accidente de tr\u00e1fico, puedes esperar que estas capas de protecci\u00f3n te protejan a ti y a tu familia. Sin embargo, muchos supervivientes de accidentes descubren que el dinero del seguro y las prestaciones que reciben no siempre cubren el coste total de sus lesiones. Muchos necesitan trabajar con abogados de lesiones personales para obtener una indemnizaci\u00f3n justa que pague sus gastos.    <\/p>\n<p>Es normal sentirse asustado y solo despu\u00e9s de un accidente automovil\u00edstico grave, pero <a href=\"index.html\">el Grupo Legal Flaxman<\/a> hace lo posible para reducir ese miedo y ansiedad. Ofrecemos consultas de caso gratuitas y sin compromiso para que usted pueda obtener respuestas y para que un compasivo profesional legal hable con usted sobre su situaci\u00f3n sin riesgo y sin costo alguno. Los abogados del Grupo Legal Flaxman tambi\u00e9n trabajan en base a honorarios de contingencia, lo que significa que usted no paga hasta que y a menos que los abogados de nuestra firma de servicios integrales logren un arreglo o una victoria judicial a su favor. Para saber m\u00e1s, <a href=\"contacta con nosotros.html\">contacte<\/a> hoy mismo al Grupo Legal Flaxman para su cita gratuita.   <\/p>\n<\/p><\/div>\n<\/p><\/div>\n","protected":false},"excerpt":{"rendered":"<p>Sin honorarios a menos que ganemos. Llama al 866-352-9626 para una &#8230; <\/p>\n","protected":false},"author":3,"featured_media":0,"parent":0,"menu_order":0,"comment_status":"closed","ping_status":"closed","template":"template-practice-areas.php","meta":{"footnotes":""},"class_list":["post-22112","page","type-page","status-publish","hentry"],"featured_image_src":null,"featured_image_src_square":null,"_links":{"self":[{"href":"https:\/\/flaxmanlaw.com\/es\/wp-json\/wp\/v2\/pages\/22112","targetHints":{"allow":["GET"]}}],"collection":[{"href":"https:\/\/flaxmanlaw.com\/es\/wp-json\/wp\/v2\/pages"}],"about":[{"href":"https:\/\/flaxmanlaw.com\/es\/wp-json\/wp\/v2\/types\/page"}],"author":[{"embeddable":true,"href":"https:\/\/flaxmanlaw.com\/es\/wp-json\/wp\/v2\/users\/3"}],"replies":[{"embeddable":true,"href":"https:\/\/flaxmanlaw.com\/es\/wp-json\/wp\/v2\/comments?post=22112"}],"version-history":[{"count":0,"href":"https:\/\/flaxmanlaw.com\/es\/wp-json\/wp\/v2\/pages\/22112\/revisions"}],"wp:attachment":[{"href":"https:\/\/flaxmanlaw.com\/es\/wp-json\/wp\/v2\/media?parent=22112"}],"curies":[{"name":"wp","href":"https:\/\/api.w.org\/{rel}","templated":true}]}}